{"id":122713,"date":"2024-06-25T10:01:53","date_gmt":"2024-06-25T08:01:53","guid":{"rendered":"https:\/\/mosstrend.com\/?page_id=122713"},"modified":"2024-06-25T10:02:17","modified_gmt":"2024-06-25T08:02:17","slug":"vertikale-garten","status":"publish","type":"page","link":"https:\/\/mosstrend.com\/de\/giardini-verticali\/","title":{"rendered":"Vertikale G\u00e4rten"},"content":{"rendered":"","protected":false},"excerpt":{"rendered":"","protected":false},"author":241,"featured_media":0,"parent":0,"menu_order":0,"comment_status":"closed","ping_status":"closed","template":"page-templates\/giardiniverticali_v2.php","meta":{"_acf_changed":false,"footnotes":""},"class_list":["post-122713","page","type-page","status-publish","hentry","entry"],"acf":[],"yoast_head":"<!-- This site is optimized with the Yoast SEO plugin v27.2 - https:\/\/yoast.com\/product\/yoast-seo-wordpress\/ -->\n<title>Giardini Verticali Interni Stabilizzati: Soluzioni Innovative<\/title>\n<meta name=\"description\" content=\"Scopri i benefici dei giardini verticali interni stabilizzati. Progettati per spazi residenziali e commerciali, i nostri giardini verticali offrono un tocco di natura senza manutenzione. Aggiungi bellezza e benessere al tuo ambiente con le nostre soluzioni eco-compatibili.\" \/>\n<meta name=\"robots\" content=\"index, follow, max-snippet:-1, max-image-preview:large, max-video-preview:-1\" \/>\n<link rel=\"canonical\" href=\"https:\/\/mosstrend.com\/de\/vertikale-garten\/\" \/>\n<meta property=\"og:locale\" content=\"de_DE\" \/>\n<meta property=\"og:type\" content=\"article\" \/>\n<meta property=\"og:title\" content=\"Giardini Verticali Interni Stabilizzati: Soluzioni Innovative\" \/>\n<meta property=\"og:description\" content=\"Scopri i benefici dei giardini verticali interni stabilizzati. Progettati per spazi residenziali e commerciali, i nostri giardini verticali offrono un tocco di natura senza manutenzione. Aggiungi bellezza e benessere al tuo ambiente con le nostre soluzioni eco-compatibili.\" \/>\n<meta property=\"og:url\" content=\"https:\/\/mosstrend.com\/de\/vertikale-garten\/\" \/>\n<meta property=\"og:site_name\" content=\"Moss trend\" \/>\n<meta property=\"article:modified_time\" content=\"2024-06-25T08:02:17+00:00\" \/>\n<meta name=\"twitter:card\" content=\"summary_large_image\" \/>\n<script type=\"application\/ld+json\" class=\"yoast-schema-graph\">{\"@context\":\"https:\/\/schema.org\",\"@graph\":[{\"@type\":\"WebPage\",\"@id\":\"https:\/\/mosstrend.com\/giardini-verticali\/\",\"url\":\"https:\/\/mosstrend.com\/giardini-verticali\/\",\"name\":\"Giardini Verticali Interni Stabilizzati: Soluzioni Innovative\",\"isPartOf\":{\"@id\":\"https:\/\/mosstrend.com\/#website\"},\"datePublished\":\"2024-06-25T08:01:53+00:00\",\"dateModified\":\"2024-06-25T08:02:17+00:00\",\"description\":\"Scopri i benefici dei giardini verticali interni stabilizzati. Progettati per spazi residenziali e commerciali, i nostri giardini verticali offrono un tocco di natura senza manutenzione. Aggiungi bellezza e benessere al tuo ambiente con le nostre soluzioni eco-compatibili.\",\"breadcrumb\":{\"@id\":\"https:\/\/mosstrend.com\/giardini-verticali\/#breadcrumb\"},\"inLanguage\":\"de\",\"potentialAction\":[{\"@type\":\"ReadAction\",\"target\":[\"https:\/\/mosstrend.com\/giardini-verticali\/\"]}]},{\"@type\":\"BreadcrumbList\",\"@id\":\"https:\/\/mosstrend.com\/giardini-verticali\/#breadcrumb\",\"itemListElement\":[{\"@type\":\"ListItem\",\"position\":1,\"name\":\"Home\",\"item\":\"https:\/\/mosstrend.com\/\"},{\"@type\":\"ListItem\",\"position\":2,\"name\":\"Giardini Verticali\"}]},{\"@type\":\"WebSite\",\"@id\":\"https:\/\/mosstrend.com\/#website\",\"url\":\"https:\/\/mosstrend.com\/\",\"name\":\"Moss trend\",\"description\":\"\",\"publisher\":{\"@id\":\"https:\/\/mosstrend.com\/#organization\"},\"potentialAction\":[{\"@type\":\"SearchAction\",\"target\":{\"@type\":\"EntryPoint\",\"urlTemplate\":\"https:\/\/mosstrend.com\/?s={search_term_string}\"},\"query-input\":{\"@type\":\"PropertyValueSpecification\",\"valueRequired\":true,\"valueName\":\"search_term_string\"}}],\"inLanguage\":\"de\"},{\"@type\":\"Organization\",\"@id\":\"https:\/\/mosstrend.com\/#organization\",\"name\":\"Moss trend\",\"url\":\"https:\/\/mosstrend.com\/\",\"logo\":{\"@type\":\"ImageObject\",\"inLanguage\":\"de\",\"@id\":\"https:\/\/mosstrend.com\/#\/schema\/logo\/image\/\",\"url\":\"https:\/\/mosstrend.com\/wp-content\/uploads\/2024\/03\/logomosstrend.png\",\"contentUrl\":\"https:\/\/mosstrend.com\/wp-content\/uploads\/2024\/03\/logomosstrend.png\",\"width\":1000,\"height\":349,\"caption\":\"Moss trend\"},\"image\":{\"@id\":\"https:\/\/mosstrend.com\/#\/schema\/logo\/image\/\"}}]}<\/script>\n<!-- \/ Yoast SEO plugin. -->","yoast_head_json":{"title":"Stabilisierte vertikale G\u00e4rten f\u00fcr den Innenbereich: Innovative L\u00f6sungen","description":"Entdecken Sie die Vorteile der stabilisierten vertikalen G\u00e4rten f\u00fcr Innenr\u00e4ume. Unsere vertikalen G\u00e4rten sind f\u00fcr Wohn- und Gesch\u00e4ftsr\u00e4ume konzipiert und bieten einen wartungsfreien Hauch von Natur. Bringen Sie mit unseren umweltfreundlichen L\u00f6sungen Sch\u00f6nheit und Wohlbefinden in Ihre Umgebung.","robots":{"index":"index","follow":"follow","max-snippet":"max-snippet:-1","max-image-preview":"max-image-preview:large","max-video-preview":"max-video-preview:-1"},"canonical":"https:\/\/mosstrend.com\/de\/vertikale-garten\/","og_locale":"de_DE","og_type":"article","og_title":"Giardini Verticali Interni Stabilizzati: Soluzioni Innovative","og_description":"Scopri i benefici dei giardini verticali interni stabilizzati. Progettati per spazi residenziali e commerciali, i nostri giardini verticali offrono un tocco di natura senza manutenzione. Aggiungi bellezza e benessere al tuo ambiente con le nostre soluzioni eco-compatibili.","og_url":"https:\/\/mosstrend.com\/de\/vertikale-garten\/","og_site_name":"Moss trend","article_modified_time":"2024-06-25T08:02:17+00:00","twitter_card":"summary_large_image","schema":{"@context":"https:\/\/schema.org","@graph":[{"@type":"WebPage","@id":"https:\/\/mosstrend.com\/giardini-verticali\/","url":"https:\/\/mosstrend.com\/giardini-verticali\/","name":"Stabilisierte vertikale G\u00e4rten f\u00fcr den Innenbereich: Innovative L\u00f6sungen","isPartOf":{"@id":"https:\/\/mosstrend.com\/#website"},"datePublished":"2024-06-25T08:01:53+00:00","dateModified":"2024-06-25T08:02:17+00:00","description":"Entdecken Sie die Vorteile der stabilisierten vertikalen G\u00e4rten f\u00fcr Innenr\u00e4ume. Unsere vertikalen G\u00e4rten sind f\u00fcr Wohn- und Gesch\u00e4ftsr\u00e4ume konzipiert und bieten einen wartungsfreien Hauch von Natur. Bringen Sie mit unseren umweltfreundlichen L\u00f6sungen Sch\u00f6nheit und Wohlbefinden in Ihre Umgebung.","breadcrumb":{"@id":"https:\/\/mosstrend.com\/giardini-verticali\/#breadcrumb"},"inLanguage":"de","potentialAction":[{"@type":"ReadAction","target":["https:\/\/mosstrend.com\/giardini-verticali\/"]}]},{"@type":"BreadcrumbList","@id":"https:\/\/mosstrend.com\/giardini-verticali\/#breadcrumb","itemListElement":[{"@type":"ListItem","position":1,"name":"Home","item":"https:\/\/mosstrend.com\/"},{"@type":"ListItem","position":2,"name":"Giardini Verticali"}]},{"@type":"WebSite","@id":"https:\/\/mosstrend.com\/#website","url":"https:\/\/mosstrend.com\/","name":"Moos Trend","description":"","publisher":{"@id":"https:\/\/mosstrend.com\/#organization"},"potentialAction":[{"@type":"SearchAction","target":{"@type":"EntryPoint","urlTemplate":"https:\/\/mosstrend.com\/?s={search_term_string}"},"query-input":{"@type":"PropertyValueSpecification","valueRequired":true,"valueName":"search_term_string"}}],"inLanguage":"de"},{"@type":"Organization","@id":"https:\/\/mosstrend.com\/#organization","name":"Moos Trend","url":"https:\/\/mosstrend.com\/","logo":{"@type":"ImageObject","inLanguage":"de","@id":"https:\/\/mosstrend.com\/#\/schema\/logo\/image\/","url":"https:\/\/mosstrend.com\/wp-content\/uploads\/2024\/03\/logomosstrend.png","contentUrl":"https:\/\/mosstrend.com\/wp-content\/uploads\/2024\/03\/logomosstrend.png","width":1000,"height":349,"caption":"Moss trend"},"image":{"@id":"https:\/\/mosstrend.com\/#\/schema\/logo\/image\/"}}]}},"_links":{"self":[{"href":"https:\/\/mosstrend.com\/de\/wp-json\/wp\/v2\/pages\/122713","targetHints":{"allow":["GET"]}}],"collection":[{"href":"https:\/\/mosstrend.com\/de\/wp-json\/wp\/v2\/pages"}],"about":[{"href":"https:\/\/mosstrend.com\/de\/wp-json\/wp\/v2\/types\/page"}],"author":[{"embeddable":true,"href":"https:\/\/mosstrend.com\/de\/wp-json\/wp\/v2\/users\/241"}],"replies":[{"embeddable":true,"href":"https:\/\/mosstrend.com\/de\/wp-json\/wp\/v2\/comments?post=122713"}],"version-history":[{"count":0,"href":"https:\/\/mosstrend.com\/de\/wp-json\/wp\/v2\/pages\/122713\/revisions"}],"wp:attachment":[{"href":"https:\/\/mosstrend.com\/de\/wp-json\/wp\/v2\/media?parent=122713"}],"curies":[{"name":"wp","href":"https:\/\/api.w.org\/{rel}","templated":true}]}}