{"id":122725,"date":"2024-06-25T14:44:41","date_gmt":"2024-06-25T12:44:41","guid":{"rendered":"https:\/\/mosstrend.com\/?page_id=122725"},"modified":"2024-06-25T14:44:42","modified_gmt":"2024-06-25T12:44:42","slug":"vertikaler-indoor-wald","status":"publish","type":"page","link":"https:\/\/mosstrend.com\/de\/bosco-verticale-da-interno\/","title":{"rendered":"Vertikaler Wald im Innenbereich"},"content":{"rendered":"","protected":false},"excerpt":{"rendered":"","protected":false},"author":241,"featured_media":0,"parent":0,"menu_order":0,"comment_status":"closed","ping_status":"closed","template":"page-templates\/boscoverticale.php","meta":{"_acf_changed":false,"footnotes":""},"class_list":["post-122725","page","type-page","status-publish","hentry","entry"],"acf":[],"yoast_head":"<!-- This site is optimized with the Yoast SEO plugin v27.4 - https:\/\/yoast.com\/product\/yoast-seo-wordpress\/ -->\n<title>Bosco Verticale da Interno in Verde Stabilizzato | MossTrend<\/title>\n<meta name=\"description\" content=\"Scopri come creare un bosco verticale interno per trasformare la tua casa in un&#039;oasi verde. Esplora i benefici delle piante stabilizzate e del muschio per migliorare il benessere e l&#039;estetica degli spazi interni.\" \/>\n<meta name=\"robots\" content=\"index, follow, max-snippet:-1, max-image-preview:large, max-video-preview:-1\" \/>\n<link rel=\"canonical\" href=\"https:\/\/mosstrend.com\/de\/vertikaler-indoor-wald\/\" \/>\n<meta property=\"og:locale\" content=\"de_DE\" \/>\n<meta property=\"og:type\" content=\"article\" \/>\n<meta property=\"og:title\" content=\"Bosco Verticale da Interno in Verde Stabilizzato | MossTrend\" \/>\n<meta property=\"og:description\" content=\"Scopri come creare un bosco verticale interno per trasformare la tua casa in un&#039;oasi verde. Esplora i benefici delle piante stabilizzate e del muschio per migliorare il benessere e l&#039;estetica degli spazi interni.\" \/>\n<meta property=\"og:url\" content=\"https:\/\/mosstrend.com\/de\/vertikaler-indoor-wald\/\" \/>\n<meta property=\"og:site_name\" content=\"Moss trend\" \/>\n<meta property=\"article:modified_time\" content=\"2024-06-25T12:44:42+00:00\" \/>\n<meta name=\"twitter:card\" content=\"summary_large_image\" \/>\n<script type=\"application\/ld+json\" class=\"yoast-schema-graph\">{\"@context\":\"https:\\\/\\\/schema.org\",\"@graph\":[{\"@type\":\"WebPage\",\"@id\":\"https:\\\/\\\/mosstrend.com\\\/bosco-verticale-da-interno\\\/\",\"url\":\"https:\\\/\\\/mosstrend.com\\\/bosco-verticale-da-interno\\\/\",\"name\":\"Bosco Verticale da Interno in Verde Stabilizzato | MossTrend\",\"isPartOf\":{\"@id\":\"https:\\\/\\\/mosstrend.com\\\/#website\"},\"datePublished\":\"2024-06-25T12:44:41+00:00\",\"dateModified\":\"2024-06-25T12:44:42+00:00\",\"description\":\"Scopri come creare un bosco verticale interno per trasformare la tua casa in un'oasi verde. Esplora i benefici delle piante stabilizzate e del muschio per migliorare il benessere e l'estetica degli spazi interni.\",\"breadcrumb\":{\"@id\":\"https:\\\/\\\/mosstrend.com\\\/bosco-verticale-da-interno\\\/#breadcrumb\"},\"inLanguage\":\"de\",\"potentialAction\":[{\"@type\":\"ReadAction\",\"target\":[\"https:\\\/\\\/mosstrend.com\\\/bosco-verticale-da-interno\\\/\"]}]},{\"@type\":\"BreadcrumbList\",\"@id\":\"https:\\\/\\\/mosstrend.com\\\/bosco-verticale-da-interno\\\/#breadcrumb\",\"itemListElement\":[{\"@type\":\"ListItem\",\"position\":1,\"name\":\"Home\",\"item\":\"https:\\\/\\\/mosstrend.com\\\/\"},{\"@type\":\"ListItem\",\"position\":2,\"name\":\"Bosco Verticale da Interno\"}]},{\"@type\":\"WebSite\",\"@id\":\"https:\\\/\\\/mosstrend.com\\\/#website\",\"url\":\"https:\\\/\\\/mosstrend.com\\\/\",\"name\":\"Moss trend\",\"description\":\"\",\"publisher\":{\"@id\":\"https:\\\/\\\/mosstrend.com\\\/#organization\"},\"potentialAction\":[{\"@type\":\"SearchAction\",\"target\":{\"@type\":\"EntryPoint\",\"urlTemplate\":\"https:\\\/\\\/mosstrend.com\\\/?s={search_term_string}\"},\"query-input\":{\"@type\":\"PropertyValueSpecification\",\"valueRequired\":true,\"valueName\":\"search_term_string\"}}],\"inLanguage\":\"de\"},{\"@type\":\"Organization\",\"@id\":\"https:\\\/\\\/mosstrend.com\\\/#organization\",\"name\":\"Moss trend\",\"url\":\"https:\\\/\\\/mosstrend.com\\\/\",\"logo\":{\"@type\":\"ImageObject\",\"inLanguage\":\"de\",\"@id\":\"https:\\\/\\\/mosstrend.com\\\/#\\\/schema\\\/logo\\\/image\\\/\",\"url\":\"https:\\\/\\\/mosstrend.com\\\/wp-content\\\/uploads\\\/2024\\\/03\\\/logomosstrend.png\",\"contentUrl\":\"https:\\\/\\\/mosstrend.com\\\/wp-content\\\/uploads\\\/2024\\\/03\\\/logomosstrend.png\",\"width\":1000,\"height\":349,\"caption\":\"Moss trend\"},\"image\":{\"@id\":\"https:\\\/\\\/mosstrend.com\\\/#\\\/schema\\\/logo\\\/image\\\/\"}}]}<\/script>\n<!-- \/ Yoast SEO plugin. -->","yoast_head_json":{"title":"Vertikaler Wald f\u00fcr Innenr\u00e4ume in stabilisiertem Gr\u00fcn | MossTrend","description":"Entdecken Sie, wie Sie einen vertikalen Wald in Innenr\u00e4umen anlegen k\u00f6nnen, um Ihr Zuhause in eine gr\u00fcne Oase zu verwandeln. Entdecken Sie die Vorteile von stabilisierten Pflanzen und Moos, um das Wohlbefinden und die \u00c4sthetik von Innenr\u00e4umen zu verbessern.","robots":{"index":"index","follow":"follow","max-snippet":"max-snippet:-1","max-image-preview":"max-image-preview:large","max-video-preview":"max-video-preview:-1"},"canonical":"https:\/\/mosstrend.com\/de\/vertikaler-indoor-wald\/","og_locale":"de_DE","og_type":"article","og_title":"Bosco Verticale da Interno in Verde Stabilizzato | MossTrend","og_description":"Scopri come creare un bosco verticale interno per trasformare la tua casa in un'oasi verde. Esplora i benefici delle piante stabilizzate e del muschio per migliorare il benessere e l'estetica degli spazi interni.","og_url":"https:\/\/mosstrend.com\/de\/vertikaler-indoor-wald\/","og_site_name":"Moss trend","article_modified_time":"2024-06-25T12:44:42+00:00","twitter_card":"summary_large_image","schema":{"@context":"https:\/\/schema.org","@graph":[{"@type":"WebPage","@id":"https:\/\/mosstrend.com\/bosco-verticale-da-interno\/","url":"https:\/\/mosstrend.com\/bosco-verticale-da-interno\/","name":"Vertikaler Wald f\u00fcr Innenr\u00e4ume in stabilisiertem Gr\u00fcn | MossTrend","isPartOf":{"@id":"https:\/\/mosstrend.com\/#website"},"datePublished":"2024-06-25T12:44:41+00:00","dateModified":"2024-06-25T12:44:42+00:00","description":"Entdecken Sie, wie Sie einen vertikalen Wald in Innenr\u00e4umen anlegen k\u00f6nnen, um Ihr Zuhause in eine gr\u00fcne Oase zu verwandeln. Entdecken Sie die Vorteile von stabilisierten Pflanzen und Moos, um das Wohlbefinden und die \u00c4sthetik von Innenr\u00e4umen zu verbessern.","breadcrumb":{"@id":"https:\/\/mosstrend.com\/bosco-verticale-da-interno\/#breadcrumb"},"inLanguage":"de","potentialAction":[{"@type":"ReadAction","target":["https:\/\/mosstrend.com\/bosco-verticale-da-interno\/"]}]},{"@type":"BreadcrumbList","@id":"https:\/\/mosstrend.com\/bosco-verticale-da-interno\/#breadcrumb","itemListElement":[{"@type":"ListItem","position":1,"name":"Home","item":"https:\/\/mosstrend.com\/"},{"@type":"ListItem","position":2,"name":"Bosco Verticale da Interno"}]},{"@type":"WebSite","@id":"https:\/\/mosstrend.com\/#website","url":"https:\/\/mosstrend.com\/","name":"Moos Trend","description":"","publisher":{"@id":"https:\/\/mosstrend.com\/#organization"},"potentialAction":[{"@type":"SearchAction","target":{"@type":"EntryPoint","urlTemplate":"https:\/\/mosstrend.com\/?s={search_term_string}"},"query-input":{"@type":"PropertyValueSpecification","valueRequired":true,"valueName":"search_term_string"}}],"inLanguage":"de"},{"@type":"Organization","@id":"https:\/\/mosstrend.com\/#organization","name":"Moos Trend","url":"https:\/\/mosstrend.com\/","logo":{"@type":"ImageObject","inLanguage":"de","@id":"https:\/\/mosstrend.com\/#\/schema\/logo\/image\/","url":"https:\/\/mosstrend.com\/wp-content\/uploads\/2024\/03\/logomosstrend.png","contentUrl":"https:\/\/mosstrend.com\/wp-content\/uploads\/2024\/03\/logomosstrend.png","width":1000,"height":349,"caption":"Moss trend"},"image":{"@id":"https:\/\/mosstrend.com\/#\/schema\/logo\/image\/"}}]}},"_links":{"self":[{"href":"https:\/\/mosstrend.com\/de\/wp-json\/wp\/v2\/pages\/122725","targetHints":{"allow":["GET"]}}],"collection":[{"href":"https:\/\/mosstrend.com\/de\/wp-json\/wp\/v2\/pages"}],"about":[{"href":"https:\/\/mosstrend.com\/de\/wp-json\/wp\/v2\/types\/page"}],"author":[{"embeddable":true,"href":"https:\/\/mosstrend.com\/de\/wp-json\/wp\/v2\/users\/241"}],"replies":[{"embeddable":true,"href":"https:\/\/mosstrend.com\/de\/wp-json\/wp\/v2\/comments?post=122725"}],"version-history":[{"count":0,"href":"https:\/\/mosstrend.com\/de\/wp-json\/wp\/v2\/pages\/122725\/revisions"}],"wp:attachment":[{"href":"https:\/\/mosstrend.com\/de\/wp-json\/wp\/v2\/media?parent=122725"}],"curies":[{"name":"wp","href":"https:\/\/api.w.org\/{rel}","templated":true}]}}