{"id":119691,"date":"2022-11-30T23:45:37","date_gmt":"2022-11-30T22:45:37","guid":{"rendered":"https:\/\/mosstrend.com\/?post_type=product&#038;p=119691"},"modified":"2025-12-02T10:01:50","modified_gmt":"2025-12-02T09:01:50","slug":"die-gewundenen","status":"publish","type":"product","link":"https:\/\/mosstrend.com\/de\/shop\/pezzi-iconici\/il-sinuoso\/","title":{"rendered":"Die Kurvenreiche"},"content":{"rendered":"<p>Italienisches Design und Forschung, kombiniert mit der Nat\u00fcrlichkeit der <strong>Moos und stabilisierte Flechten<\/strong>zu einem Produkt <strong>nur<\/strong> und <strong>innovativ<\/strong>.<\/p>\n<p>Jedes Bild ist ein Kunstwerk, das immer anders und niemals banal ist, jede Wand ist das Ergebnis einer nat\u00fcrlichen Inspiration und einzigartiger Empfindungen.<br \/>\nEine perfekte Wahl f\u00fcr alle, die nach nat\u00fcrlichen und eleganten L\u00f6sungen f\u00fcr ihre Innenr\u00e4ume suchen.<\/p>\n<p>Mit dem richtigen Ma\u00df an Feuchtigkeit k\u00f6nnen sowohl Moose als auch Flechten, durch <strong>Da sie keine Feuchtigkeit aus der Luft aufnehmen, behalten sie ihr nat\u00fcrliches Aussehen ohne jegliche Pflege.<\/strong><\/p>\n<p>Egal f\u00fcr welche Kombination Sie sich entscheiden, mit unseren Pflanzenbildern holen Sie sich ein originelles St\u00fcck Natur mit auff\u00e4lligen Motiven in Ihr Zuhause.<\/p>\n<p>Gr\u00f6\u00dfen: 60\u00d760, 80\u00d780 und 100\u00d7100 cm<\/p>","protected":false},"excerpt":{"rendered":"<p>Design e ricerca italiani, uniti alla naturalezza del muschio e del lichene stabilizzato, danno vita ad un prodotto unico ed innovativo. Ogni quadro \u00e8 un\u2019opera d\u2019arte sempre diversa e mai banale, ogni parete \u00e8 frutto di ispirazione naturale e di sensazioni uniche. Una scelta perfetta per chi \u00e8 alla ricerca di soluzioni naturali ed eleganti&hellip; <a class=\"more-link\" href=\"https:\/\/mosstrend.com\/de\/shop\/pezzi-iconici\/il-sinuoso\/\"><span class=\"screen-reader-text\">Die Kurvenreiche<\/span> weiterlesen<\/a><\/p>","protected":false},"featured_media":120729,"template":"","meta":{"_acf_changed":false},"product_brand":[],"product_cat":[1139],"product_tag":[1061],"giftcard-category":[],"class_list":{"0":"post-119691","1":"product","2":"type-product","3":"status-publish","4":"has-post-thumbnail","6":"product_cat-pezzi-iconici","7":"product_tag-novita","8":"entry","10":"first","11":"instock","12":"taxable","13":"shipping-taxable","14":"purchasable","15":"product-type-variable"},"acf":[],"yoast_head":"<!-- This site is optimized with the Yoast SEO plugin v27.2 - https:\/\/yoast.com\/product\/yoast-seo-wordpress\/ -->\n<title>Il Sinuoso - Moss trend<\/title>\n<meta name=\"robots\" content=\"index, follow, max-snippet:-1, max-image-preview:large, max-video-preview:-1\" \/>\n<link rel=\"canonical\" href=\"https:\/\/mosstrend.com\/de\/shop\/pezzi-iconici\/die-gewundenen\/\" \/>\n<meta property=\"og:locale\" content=\"de_DE\" \/>\n<meta property=\"og:type\" content=\"article\" \/>\n<meta property=\"og:title\" content=\"Il Sinuoso - Moss trend\" \/>\n<meta property=\"og:description\" content=\"Design e ricerca italiani, uniti alla naturalezza del muschio e del lichene stabilizzato, danno vita ad un prodotto unico ed innovativo. Ogni quadro \u00e8 un\u2019opera d\u2019arte sempre diversa e mai banale, ogni parete \u00e8 frutto di ispirazione naturale e di sensazioni uniche. Una scelta perfetta per chi \u00e8 alla ricerca di soluzioni naturali ed eleganti&hellip; Il Sinuoso weiterlesen\" \/>\n<meta property=\"og:url\" content=\"https:\/\/mosstrend.com\/de\/shop\/pezzi-iconici\/die-gewundenen\/\" \/>\n<meta property=\"og:site_name\" content=\"Moss trend\" \/>\n<meta property=\"article:modified_time\" content=\"2025-12-02T09:01:50+00:00\" \/>\n<meta property=\"og:image\" content=\"https:\/\/mosstrend.com\/wp-content\/uploads\/2022\/11\/Sinuoso.jpg\" \/>\n\t<meta property=\"og:image:width\" content=\"900\" \/>\n\t<meta property=\"og:image:height\" content=\"900\" \/>\n\t<meta property=\"og:image:type\" content=\"image\/jpeg\" \/>\n<meta name=\"twitter:card\" content=\"summary_large_image\" \/>\n<meta name=\"twitter:label1\" content=\"Gesch\u00e4tzte Lesezeit\" \/>\n\t<meta name=\"twitter:data1\" content=\"1\u00a0Minute\" \/>\n<script type=\"application\/ld+json\" class=\"yoast-schema-graph\">{\"@context\":\"https:\/\/schema.org\",\"@graph\":[{\"@type\":\"WebPage\",\"@id\":\"https:\/\/mosstrend.com\/shop\/pezzi-iconici\/il-sinuoso\/\",\"url\":\"https:\/\/mosstrend.com\/shop\/pezzi-iconici\/il-sinuoso\/\",\"name\":\"Il Sinuoso - Moss trend\",\"isPartOf\":{\"@id\":\"https:\/\/mosstrend.com\/#website\"},\"primaryImageOfPage\":{\"@id\":\"https:\/\/mosstrend.com\/shop\/pezzi-iconici\/il-sinuoso\/#primaryimage\"},\"image\":{\"@id\":\"https:\/\/mosstrend.com\/shop\/pezzi-iconici\/il-sinuoso\/#primaryimage\"},\"thumbnailUrl\":\"https:\/\/mosstrend.com\/wp-content\/uploads\/2022\/11\/Sinuoso.jpg\",\"datePublished\":\"2022-11-30T22:45:37+00:00\",\"dateModified\":\"2025-12-02T09:01:50+00:00\",\"breadcrumb\":{\"@id\":\"https:\/\/mosstrend.com\/shop\/pezzi-iconici\/il-sinuoso\/#breadcrumb\"},\"inLanguage\":\"de\",\"potentialAction\":[{\"@type\":\"ReadAction\",\"target\":[\"https:\/\/mosstrend.com\/shop\/pezzi-iconici\/il-sinuoso\/\"]}]},{\"@type\":\"ImageObject\",\"inLanguage\":\"de\",\"@id\":\"https:\/\/mosstrend.com\/shop\/pezzi-iconici\/il-sinuoso\/#primaryimage\",\"url\":\"https:\/\/mosstrend.com\/wp-content\/uploads\/2022\/11\/Sinuoso.jpg\",\"contentUrl\":\"https:\/\/mosstrend.com\/wp-content\/uploads\/2022\/11\/Sinuoso.jpg\",\"width\":900,\"height\":900},{\"@type\":\"BreadcrumbList\",\"@id\":\"https:\/\/mosstrend.com\/shop\/pezzi-iconici\/il-sinuoso\/#breadcrumb\",\"itemListElement\":[{\"@type\":\"ListItem\",\"position\":1,\"name\":\"Home\",\"item\":\"https:\/\/mosstrend.com\/\"},{\"@type\":\"ListItem\",\"position\":2,\"name\":\"Shop\",\"item\":\"https:\/\/mosstrend.com\/shop\/\"},{\"@type\":\"ListItem\",\"position\":3,\"name\":\"Il Sinuoso\"}]},{\"@type\":\"WebSite\",\"@id\":\"https:\/\/mosstrend.com\/#website\",\"url\":\"https:\/\/mosstrend.com\/\",\"name\":\"Moss trend\",\"description\":\"\",\"publisher\":{\"@id\":\"https:\/\/mosstrend.com\/#organization\"},\"potentialAction\":[{\"@type\":\"SearchAction\",\"target\":{\"@type\":\"EntryPoint\",\"urlTemplate\":\"https:\/\/mosstrend.com\/?s={search_term_string}\"},\"query-input\":{\"@type\":\"PropertyValueSpecification\",\"valueRequired\":true,\"valueName\":\"search_term_string\"}}],\"inLanguage\":\"de\"},{\"@type\":\"Organization\",\"@id\":\"https:\/\/mosstrend.com\/#organization\",\"name\":\"Moss trend\",\"url\":\"https:\/\/mosstrend.com\/\",\"logo\":{\"@type\":\"ImageObject\",\"inLanguage\":\"de\",\"@id\":\"https:\/\/mosstrend.com\/#\/schema\/logo\/image\/\",\"url\":\"https:\/\/mosstrend.com\/wp-content\/uploads\/2024\/03\/logomosstrend.png\",\"contentUrl\":\"https:\/\/mosstrend.com\/wp-content\/uploads\/2024\/03\/logomosstrend.png\",\"width\":1000,\"height\":349,\"caption\":\"Moss trend\"},\"image\":{\"@id\":\"https:\/\/mosstrend.com\/#\/schema\/logo\/image\/\"}}]}<\/script>\n<!-- \/ Yoast SEO plugin. -->","yoast_head_json":{"title":"The Sinuous - Moos-Trend","robots":{"index":"index","follow":"follow","max-snippet":"max-snippet:-1","max-image-preview":"max-image-preview:large","max-video-preview":"max-video-preview:-1"},"canonical":"https:\/\/mosstrend.com\/de\/shop\/pezzi-iconici\/die-gewundenen\/","og_locale":"de_DE","og_type":"article","og_title":"Il Sinuoso - Moss trend","og_description":"Design e ricerca italiani, uniti alla naturalezza del muschio e del lichene stabilizzato, danno vita ad un prodotto unico ed innovativo. Ogni quadro \u00e8 un\u2019opera d\u2019arte sempre diversa e mai banale, ogni parete \u00e8 frutto di ispirazione naturale e di sensazioni uniche. Una scelta perfetta per chi \u00e8 alla ricerca di soluzioni naturali ed eleganti&hellip; Il Sinuoso weiterlesen","og_url":"https:\/\/mosstrend.com\/de\/shop\/pezzi-iconici\/die-gewundenen\/","og_site_name":"Moss trend","article_modified_time":"2025-12-02T09:01:50+00:00","og_image":[{"width":900,"height":900,"url":"https:\/\/mosstrend.com\/wp-content\/uploads\/2022\/11\/Sinuoso.jpg","type":"image\/jpeg"}],"twitter_card":"summary_large_image","twitter_misc":{"Gesch\u00e4tzte Lesezeit":"1\u00a0Minute"},"schema":{"@context":"https:\/\/schema.org","@graph":[{"@type":"WebPage","@id":"https:\/\/mosstrend.com\/shop\/pezzi-iconici\/il-sinuoso\/","url":"https:\/\/mosstrend.com\/shop\/pezzi-iconici\/il-sinuoso\/","name":"The Sinuous - Moos-Trend","isPartOf":{"@id":"https:\/\/mosstrend.com\/#website"},"primaryImageOfPage":{"@id":"https:\/\/mosstrend.com\/shop\/pezzi-iconici\/il-sinuoso\/#primaryimage"},"image":{"@id":"https:\/\/mosstrend.com\/shop\/pezzi-iconici\/il-sinuoso\/#primaryimage"},"thumbnailUrl":"https:\/\/mosstrend.com\/wp-content\/uploads\/2022\/11\/Sinuoso.jpg","datePublished":"2022-11-30T22:45:37+00:00","dateModified":"2025-12-02T09:01:50+00:00","breadcrumb":{"@id":"https:\/\/mosstrend.com\/shop\/pezzi-iconici\/il-sinuoso\/#breadcrumb"},"inLanguage":"de","potentialAction":[{"@type":"ReadAction","target":["https:\/\/mosstrend.com\/shop\/pezzi-iconici\/il-sinuoso\/"]}]},{"@type":"ImageObject","inLanguage":"de","@id":"https:\/\/mosstrend.com\/shop\/pezzi-iconici\/il-sinuoso\/#primaryimage","url":"https:\/\/mosstrend.com\/wp-content\/uploads\/2022\/11\/Sinuoso.jpg","contentUrl":"https:\/\/mosstrend.com\/wp-content\/uploads\/2022\/11\/Sinuoso.jpg","width":900,"height":900},{"@type":"BreadcrumbList","@id":"https:\/\/mosstrend.com\/shop\/pezzi-iconici\/il-sinuoso\/#breadcrumb","itemListElement":[{"@type":"ListItem","position":1,"name":"Home","item":"https:\/\/mosstrend.com\/"},{"@type":"ListItem","position":2,"name":"Shop","item":"https:\/\/mosstrend.com\/shop\/"},{"@type":"ListItem","position":3,"name":"Il Sinuoso"}]},{"@type":"WebSite","@id":"https:\/\/mosstrend.com\/#website","url":"https:\/\/mosstrend.com\/","name":"Moos Trend","description":"","publisher":{"@id":"https:\/\/mosstrend.com\/#organization"},"potentialAction":[{"@type":"SearchAction","target":{"@type":"EntryPoint","urlTemplate":"https:\/\/mosstrend.com\/?s={search_term_string}"},"query-input":{"@type":"PropertyValueSpecification","valueRequired":true,"valueName":"search_term_string"}}],"inLanguage":"de"},{"@type":"Organization","@id":"https:\/\/mosstrend.com\/#organization","name":"Moos Trend","url":"https:\/\/mosstrend.com\/","logo":{"@type":"ImageObject","inLanguage":"de","@id":"https:\/\/mosstrend.com\/#\/schema\/logo\/image\/","url":"https:\/\/mosstrend.com\/wp-content\/uploads\/2024\/03\/logomosstrend.png","contentUrl":"https:\/\/mosstrend.com\/wp-content\/uploads\/2024\/03\/logomosstrend.png","width":1000,"height":349,"caption":"Moss trend"},"image":{"@id":"https:\/\/mosstrend.com\/#\/schema\/logo\/image\/"}}]}},"_links":{"self":[{"href":"https:\/\/mosstrend.com\/de\/wp-json\/wp\/v2\/product\/119691","targetHints":{"allow":["GET"]}}],"collection":[{"href":"https:\/\/mosstrend.com\/de\/wp-json\/wp\/v2\/product"}],"about":[{"href":"https:\/\/mosstrend.com\/de\/wp-json\/wp\/v2\/types\/product"}],"wp:featuredmedia":[{"embeddable":true,"href":"https:\/\/mosstrend.com\/de\/wp-json\/wp\/v2\/media\/120729"}],"wp:attachment":[{"href":"https:\/\/mosstrend.com\/de\/wp-json\/wp\/v2\/media?parent=119691"}],"wp:term":[{"taxonomy":"product_brand","embeddable":true,"href":"https:\/\/mosstrend.com\/de\/wp-json\/wp\/v2\/product_brand?post=119691"},{"taxonomy":"product_cat","embeddable":true,"href":"https:\/\/mosstrend.com\/de\/wp-json\/wp\/v2\/product_cat?post=119691"},{"taxonomy":"product_tag","embeddable":true,"href":"https:\/\/mosstrend.com\/de\/wp-json\/wp\/v2\/product_tag?post=119691"},{"taxonomy":"giftcard-category","embeddable":true,"href":"https:\/\/mosstrend.com\/de\/wp-json\/wp\/v2\/giftcard-category?post=119691"}],"curies":[{"name":"wp","href":"https:\/\/api.w.org\/{rel}","templated":true}]}}