{"id":120883,"date":"2023-08-01T15:42:02","date_gmt":"2023-08-01T13:42:02","guid":{"rendered":"https:\/\/mosstrend.com\/?post_type=product&#038;p=120883"},"modified":"2025-12-02T10:01:51","modified_gmt":"2025-12-02T09:01:51","slug":"mystische-oase","status":"publish","type":"product","link":"https:\/\/mosstrend.com\/de\/shop\/pezzi-iconici\/oasi-mistica\/","title":{"rendered":"Mystische Oase"},"content":{"rendered":"<blockquote><p>Jedes Gem\u00e4lde ist ein sich st\u00e4ndig ver\u00e4nderndes Kunstwerk, jede Wand ist das Ergebnis einer nat\u00fcrlichen Inspiration und einzigartiger Empfindungen. Eine perfekte Wahl f\u00fcr alle, die nach nat\u00fcrlichen und eleganten L\u00f6sungen f\u00fcr ihre Innenr\u00e4ume suchen.<br \/>\nDie Vielfalt der\u00a0<strong>Laub und Moos<\/strong>\u00a0die zun\u00e4chst gesammelt werden und dann\u00a0<strong>stabilisiert<\/strong>Sie bilden harmonische, pflegeleichte und stabilisierte gr\u00fcne W\u00e4nde, die weder Sonnenlicht noch Wasser ben\u00f6tigen.<\/p><\/blockquote>\n<p>Die Kombination aus \u00fcppigem Waldmoos, frischem Kugelmoos und nat\u00fcrlichen Pflanzen wie Farnen, Eukalyptus, Papyrus, Amaranth und Ming entf\u00fchrt Sie jeden Tag aufs Neue auf eine stimmungsvolle Wanderung durch die Landschaft, eine Waldwiese oder einen exotischen Wald.<\/p>\n<p>Ganz gleich, f\u00fcr welche Kombination Sie sich entscheiden, mit Pflanzenbildern holen Sie sich ein St\u00fcck Natur in Ihr Zuhause.<\/p>\n<p><strong class=\"desc_strong\">Mit unseren Dschungelmoosbildern haben wir die M\u00f6glichkeit, Ihre Umgebung nat\u00fcrlich, elegant und vor allem einzigartig zu gestalten!<\/strong><\/p>","protected":false},"excerpt":{"rendered":"<p>Ogni quadro \u00e8 un\u2019opera d\u2019arte sempre diversa, ogni parete \u00e8 frutto di ispirazione naturale e di sensazioni uniche. Una scelta perfetta per chi \u00e8 alla ricerca di soluzioni naturali ed eleganti per i loro interni. La variet\u00e0 di\u00a0fogliami e muschi\u00a0che vengono prima raccolti e poi\u00a0stabilizzati, andranno a comporre armoniose pareti in verde stabilizzato a manutenzione&hellip; <a class=\"more-link\" href=\"https:\/\/mosstrend.com\/de\/shop\/pezzi-iconici\/oasi-mistica\/\"><span class=\"screen-reader-text\">Mystische Oase<\/span> weiterlesen<\/a><\/p>","protected":false},"featured_media":120884,"template":"","meta":{"_acf_changed":false},"product_brand":[],"product_cat":[1139],"product_tag":[],"giftcard-category":[],"class_list":{"0":"post-120883","1":"product","2":"type-product","3":"status-publish","4":"has-post-thumbnail","6":"product_cat-pezzi-iconici","7":"entry","9":"first","10":"instock","11":"taxable","12":"shipping-taxable","13":"purchasable","14":"product-type-variable"},"acf":[],"yoast_head":"<!-- This site is optimized with the Yoast SEO plugin v27.2 - https:\/\/yoast.com\/product\/yoast-seo-wordpress\/ -->\n<title>Oasi Mistica - Moss trend<\/title>\n<meta name=\"robots\" content=\"index, follow, max-snippet:-1, max-image-preview:large, max-video-preview:-1\" \/>\n<link rel=\"canonical\" href=\"https:\/\/mosstrend.com\/de\/shop\/pezzi-iconici\/mystische-oase\/\" \/>\n<meta property=\"og:locale\" content=\"de_DE\" \/>\n<meta property=\"og:type\" content=\"article\" \/>\n<meta property=\"og:title\" content=\"Oasi Mistica - Moss trend\" \/>\n<meta property=\"og:description\" content=\"Ogni quadro \u00e8 un\u2019opera d\u2019arte sempre diversa, ogni parete \u00e8 frutto di ispirazione naturale e di sensazioni uniche. Una scelta perfetta per chi \u00e8 alla ricerca di soluzioni naturali ed eleganti per i loro interni. La variet\u00e0 di\u00a0fogliami e muschi\u00a0che vengono prima raccolti e poi\u00a0stabilizzati, andranno a comporre armoniose pareti in verde stabilizzato a manutenzione&hellip; Oasi Mistica weiterlesen\" \/>\n<meta property=\"og:url\" content=\"https:\/\/mosstrend.com\/de\/shop\/pezzi-iconici\/mystische-oase\/\" \/>\n<meta property=\"og:site_name\" content=\"Moss trend\" \/>\n<meta property=\"article:modified_time\" content=\"2025-12-02T09:01:51+00:00\" \/>\n<meta property=\"og:image\" content=\"https:\/\/mosstrend.com\/wp-content\/uploads\/2023\/08\/000.jpg\" \/>\n\t<meta property=\"og:image:width\" content=\"900\" \/>\n\t<meta property=\"og:image:height\" content=\"900\" \/>\n\t<meta property=\"og:image:type\" content=\"image\/jpeg\" \/>\n<meta name=\"twitter:card\" content=\"summary_large_image\" \/>\n<meta name=\"twitter:label1\" content=\"Gesch\u00e4tzte Lesezeit\" \/>\n\t<meta name=\"twitter:data1\" content=\"1\u00a0Minute\" \/>\n<script type=\"application\/ld+json\" class=\"yoast-schema-graph\">{\"@context\":\"https:\/\/schema.org\",\"@graph\":[{\"@type\":\"WebPage\",\"@id\":\"https:\/\/mosstrend.com\/shop\/pezzi-iconici\/oasi-mistica\/\",\"url\":\"https:\/\/mosstrend.com\/shop\/pezzi-iconici\/oasi-mistica\/\",\"name\":\"Oasi Mistica - Moss trend\",\"isPartOf\":{\"@id\":\"https:\/\/mosstrend.com\/#website\"},\"primaryImageOfPage\":{\"@id\":\"https:\/\/mosstrend.com\/shop\/pezzi-iconici\/oasi-mistica\/#primaryimage\"},\"image\":{\"@id\":\"https:\/\/mosstrend.com\/shop\/pezzi-iconici\/oasi-mistica\/#primaryimage\"},\"thumbnailUrl\":\"https:\/\/mosstrend.com\/wp-content\/uploads\/2023\/08\/000.jpg\",\"datePublished\":\"2023-08-01T13:42:02+00:00\",\"dateModified\":\"2025-12-02T09:01:51+00:00\",\"breadcrumb\":{\"@id\":\"https:\/\/mosstrend.com\/shop\/pezzi-iconici\/oasi-mistica\/#breadcrumb\"},\"inLanguage\":\"de\",\"potentialAction\":[{\"@type\":\"ReadAction\",\"target\":[\"https:\/\/mosstrend.com\/shop\/pezzi-iconici\/oasi-mistica\/\"]}]},{\"@type\":\"ImageObject\",\"inLanguage\":\"de\",\"@id\":\"https:\/\/mosstrend.com\/shop\/pezzi-iconici\/oasi-mistica\/#primaryimage\",\"url\":\"https:\/\/mosstrend.com\/wp-content\/uploads\/2023\/08\/000.jpg\",\"contentUrl\":\"https:\/\/mosstrend.com\/wp-content\/uploads\/2023\/08\/000.jpg\",\"width\":900,\"height\":900},{\"@type\":\"BreadcrumbList\",\"@id\":\"https:\/\/mosstrend.com\/shop\/pezzi-iconici\/oasi-mistica\/#breadcrumb\",\"itemListElement\":[{\"@type\":\"ListItem\",\"position\":1,\"name\":\"Home\",\"item\":\"https:\/\/mosstrend.com\/\"},{\"@type\":\"ListItem\",\"position\":2,\"name\":\"Shop\",\"item\":\"https:\/\/mosstrend.com\/shop\/\"},{\"@type\":\"ListItem\",\"position\":3,\"name\":\"Oasi Mistica\"}]},{\"@type\":\"WebSite\",\"@id\":\"https:\/\/mosstrend.com\/#website\",\"url\":\"https:\/\/mosstrend.com\/\",\"name\":\"Moss trend\",\"description\":\"\",\"publisher\":{\"@id\":\"https:\/\/mosstrend.com\/#organization\"},\"potentialAction\":[{\"@type\":\"SearchAction\",\"target\":{\"@type\":\"EntryPoint\",\"urlTemplate\":\"https:\/\/mosstrend.com\/?s={search_term_string}\"},\"query-input\":{\"@type\":\"PropertyValueSpecification\",\"valueRequired\":true,\"valueName\":\"search_term_string\"}}],\"inLanguage\":\"de\"},{\"@type\":\"Organization\",\"@id\":\"https:\/\/mosstrend.com\/#organization\",\"name\":\"Moss trend\",\"url\":\"https:\/\/mosstrend.com\/\",\"logo\":{\"@type\":\"ImageObject\",\"inLanguage\":\"de\",\"@id\":\"https:\/\/mosstrend.com\/#\/schema\/logo\/image\/\",\"url\":\"https:\/\/mosstrend.com\/wp-content\/uploads\/2024\/03\/logomosstrend.png\",\"contentUrl\":\"https:\/\/mosstrend.com\/wp-content\/uploads\/2024\/03\/logomosstrend.png\",\"width\":1000,\"height\":349,\"caption\":\"Moss trend\"},\"image\":{\"@id\":\"https:\/\/mosstrend.com\/#\/schema\/logo\/image\/\"}}]}<\/script>\n<!-- \/ Yoast SEO plugin. -->","yoast_head_json":{"title":"Oasi Mistica - Moos Trend","robots":{"index":"index","follow":"follow","max-snippet":"max-snippet:-1","max-image-preview":"max-image-preview:large","max-video-preview":"max-video-preview:-1"},"canonical":"https:\/\/mosstrend.com\/de\/shop\/pezzi-iconici\/mystische-oase\/","og_locale":"de_DE","og_type":"article","og_title":"Oasi Mistica - Moss trend","og_description":"Ogni quadro \u00e8 un\u2019opera d\u2019arte sempre diversa, ogni parete \u00e8 frutto di ispirazione naturale e di sensazioni uniche. Una scelta perfetta per chi \u00e8 alla ricerca di soluzioni naturali ed eleganti per i loro interni. La variet\u00e0 di\u00a0fogliami e muschi\u00a0che vengono prima raccolti e poi\u00a0stabilizzati, andranno a comporre armoniose pareti in verde stabilizzato a manutenzione&hellip; Oasi Mistica weiterlesen","og_url":"https:\/\/mosstrend.com\/de\/shop\/pezzi-iconici\/mystische-oase\/","og_site_name":"Moss trend","article_modified_time":"2025-12-02T09:01:51+00:00","og_image":[{"width":900,"height":900,"url":"https:\/\/mosstrend.com\/wp-content\/uploads\/2023\/08\/000.jpg","type":"image\/jpeg"}],"twitter_card":"summary_large_image","twitter_misc":{"Gesch\u00e4tzte Lesezeit":"1\u00a0Minute"},"schema":{"@context":"https:\/\/schema.org","@graph":[{"@type":"WebPage","@id":"https:\/\/mosstrend.com\/shop\/pezzi-iconici\/oasi-mistica\/","url":"https:\/\/mosstrend.com\/shop\/pezzi-iconici\/oasi-mistica\/","name":"Oasi Mistica - Moos Trend","isPartOf":{"@id":"https:\/\/mosstrend.com\/#website"},"primaryImageOfPage":{"@id":"https:\/\/mosstrend.com\/shop\/pezzi-iconici\/oasi-mistica\/#primaryimage"},"image":{"@id":"https:\/\/mosstrend.com\/shop\/pezzi-iconici\/oasi-mistica\/#primaryimage"},"thumbnailUrl":"https:\/\/mosstrend.com\/wp-content\/uploads\/2023\/08\/000.jpg","datePublished":"2023-08-01T13:42:02+00:00","dateModified":"2025-12-02T09:01:51+00:00","breadcrumb":{"@id":"https:\/\/mosstrend.com\/shop\/pezzi-iconici\/oasi-mistica\/#breadcrumb"},"inLanguage":"de","potentialAction":[{"@type":"ReadAction","target":["https:\/\/mosstrend.com\/shop\/pezzi-iconici\/oasi-mistica\/"]}]},{"@type":"ImageObject","inLanguage":"de","@id":"https:\/\/mosstrend.com\/shop\/pezzi-iconici\/oasi-mistica\/#primaryimage","url":"https:\/\/mosstrend.com\/wp-content\/uploads\/2023\/08\/000.jpg","contentUrl":"https:\/\/mosstrend.com\/wp-content\/uploads\/2023\/08\/000.jpg","width":900,"height":900},{"@type":"BreadcrumbList","@id":"https:\/\/mosstrend.com\/shop\/pezzi-iconici\/oasi-mistica\/#breadcrumb","itemListElement":[{"@type":"ListItem","position":1,"name":"Home","item":"https:\/\/mosstrend.com\/"},{"@type":"ListItem","position":2,"name":"Shop","item":"https:\/\/mosstrend.com\/shop\/"},{"@type":"ListItem","position":3,"name":"Oasi Mistica"}]},{"@type":"WebSite","@id":"https:\/\/mosstrend.com\/#website","url":"https:\/\/mosstrend.com\/","name":"Moos Trend","description":"","publisher":{"@id":"https:\/\/mosstrend.com\/#organization"},"potentialAction":[{"@type":"SearchAction","target":{"@type":"EntryPoint","urlTemplate":"https:\/\/mosstrend.com\/?s={search_term_string}"},"query-input":{"@type":"PropertyValueSpecification","valueRequired":true,"valueName":"search_term_string"}}],"inLanguage":"de"},{"@type":"Organization","@id":"https:\/\/mosstrend.com\/#organization","name":"Moos Trend","url":"https:\/\/mosstrend.com\/","logo":{"@type":"ImageObject","inLanguage":"de","@id":"https:\/\/mosstrend.com\/#\/schema\/logo\/image\/","url":"https:\/\/mosstrend.com\/wp-content\/uploads\/2024\/03\/logomosstrend.png","contentUrl":"https:\/\/mosstrend.com\/wp-content\/uploads\/2024\/03\/logomosstrend.png","width":1000,"height":349,"caption":"Moss trend"},"image":{"@id":"https:\/\/mosstrend.com\/#\/schema\/logo\/image\/"}}]}},"_links":{"self":[{"href":"https:\/\/mosstrend.com\/de\/wp-json\/wp\/v2\/product\/120883","targetHints":{"allow":["GET"]}}],"collection":[{"href":"https:\/\/mosstrend.com\/de\/wp-json\/wp\/v2\/product"}],"about":[{"href":"https:\/\/mosstrend.com\/de\/wp-json\/wp\/v2\/types\/product"}],"wp:featuredmedia":[{"embeddable":true,"href":"https:\/\/mosstrend.com\/de\/wp-json\/wp\/v2\/media\/120884"}],"wp:attachment":[{"href":"https:\/\/mosstrend.com\/de\/wp-json\/wp\/v2\/media?parent=120883"}],"wp:term":[{"taxonomy":"product_brand","embeddable":true,"href":"https:\/\/mosstrend.com\/de\/wp-json\/wp\/v2\/product_brand?post=120883"},{"taxonomy":"product_cat","embeddable":true,"href":"https:\/\/mosstrend.com\/de\/wp-json\/wp\/v2\/product_cat?post=120883"},{"taxonomy":"product_tag","embeddable":true,"href":"https:\/\/mosstrend.com\/de\/wp-json\/wp\/v2\/product_tag?post=120883"},{"taxonomy":"giftcard-category","embeddable":true,"href":"https:\/\/mosstrend.com\/de\/wp-json\/wp\/v2\/giftcard-category?post=120883"}],"curies":[{"name":"wp","href":"https:\/\/api.w.org\/{rel}","templated":true}]}}