{"id":122771,"date":"2024-07-05T16:49:18","date_gmt":"2024-07-05T14:49:18","guid":{"rendered":"https:\/\/mosstrend.com\/?post_type=product&#038;p=122771"},"modified":"2025-11-04T15:42:23","modified_gmt":"2025-11-04T14:42:23","slug":"bio","status":"publish","type":"product","link":"https:\/\/mosstrend.com\/de\/shop\/complementi-darredo\/bio\/","title":{"rendered":"Bio"},"content":{"rendered":"<p>Unterstreichen Sie Ihr Engagement f\u00fcr Nachhaltigkeit mit dem stabilisierten gr\u00fcnen \"Bio\"-Schild von Moss Trend. Dieses elegante Dekorationselement eignet sich perfekt, um einen Hauch von nat\u00fcrlichem Gr\u00fcn in jede Umgebung zu bringen, egal ob im privaten oder gewerblichen Bereich, und stellt eine starke Botschaft des Umweltbewusstseins dar.<\/p>\n<p>&nbsp;<\/p>\n<h4>Hauptmerkmale:<\/h4>\n<ul>\n<li><strong>Nat\u00fcrliche und nachhaltige Materialien<\/strong>Das \"Bio\"-Schild besteht aus hochwertigem stabilisiertem Moos und Pflanzen, die ihre Frische und Farbe behalten, ohne dass sie gepflegt werden m\u00fcssen.<\/li>\n<li><strong>Modernes Design<\/strong>: Mit ihren klaren Linien und ihrem auff\u00e4lligen Design f\u00fcgt sich diese Dekoration perfekt in jeden Einrichtungsstil ein, von industriell bis minimalistisch.<\/li>\n<li><strong>Keine Wartung<\/strong>Durch den Stabilisierungsprozess bleibt das Moos gr\u00fcn und lebendig, ohne dass es Wasser, Sonnenlicht oder besondere Pflege braucht.<\/li>\n<li><strong>Vorteile f\u00fcr das Wohlbefinden<\/strong>Die Integration nat\u00fcrlicher Elemente in Innenr\u00e4ume kann dazu beitragen, Stress abzubauen und die Luftqualit\u00e4t zu verbessern, wodurch eine ges\u00fcndere und angenehmere Umgebung geschaffen wird.<\/li>\n<\/ul>\n<p>&nbsp;<\/p>\n<h4>Verwendung und Positionierung:<\/h4>\n<p>Bio\" in stabilisiertem Gr\u00fcn ist ideal f\u00fcr die Dekoration von B\u00fcros, Wohnzimmern, Ateliers, Rezeptionen und allen R\u00e4umen, die einen Hauch von Gr\u00fcn brauchen. Auch perfekt als Geschenkidee f\u00fcr Liebhaber von nachhaltigem Design.<\/p>","protected":false},"excerpt":{"rendered":"<p>Enfatizza il tuo impegno verso la sostenibilit\u00e0 con la scritta &#8220;Bio&#8221; in verde stabilizzato di Moss Trend. Questo elegante elemento decorativo \u00e8 perfetto per aggiungere un tocco di verde naturale a qualsiasi ambiente, sia residenziale che commerciale, e rappresenta un forte messaggio di eco-consapevolezza. &nbsp; Caratteristiche Principali: Materiali Naturali e Sostenibili: La scritta &#8220;Bio&#8221; \u00e8&hellip; <a class=\"more-link\" href=\"https:\/\/mosstrend.com\/de\/shop\/complementi-darredo\/bio\/\"><span class=\"screen-reader-text\">Bio<\/span> weiterlesen<\/a><\/p>","protected":false},"featured_media":122772,"template":"","meta":{"_acf_changed":false},"product_brand":[],"product_cat":[1068,1136],"product_tag":[],"giftcard-category":[],"class_list":{"0":"post-122771","1":"product","2":"type-product","3":"status-publish","4":"has-post-thumbnail","6":"product_cat-complementi-darredo","7":"product_cat-oggettistica","8":"entry","10":"first","11":"instock","12":"sale","13":"taxable","14":"shipping-taxable","15":"purchasable","16":"product-type-simple"},"acf":[],"yoast_head":"<!-- This site is optimized with the Yoast SEO plugin v27.4 - https:\/\/yoast.com\/product\/yoast-seo-wordpress\/ -->\n<title>Bio - Moss trend<\/title>\n<meta name=\"robots\" content=\"index, follow, max-snippet:-1, max-image-preview:large, max-video-preview:-1\" \/>\n<link rel=\"canonical\" href=\"https:\/\/mosstrend.com\/de\/shop\/einrichtungszubehor\/bio\/\" \/>\n<meta property=\"og:locale\" content=\"de_DE\" \/>\n<meta property=\"og:type\" content=\"article\" \/>\n<meta property=\"og:title\" content=\"Bio - Moss trend\" \/>\n<meta property=\"og:description\" content=\"Enfatizza il tuo impegno verso la sostenibilit\u00e0 con la scritta &#8220;Bio&#8221; in verde stabilizzato di Moss Trend. Questo elegante elemento decorativo \u00e8 perfetto per aggiungere un tocco di verde naturale a qualsiasi ambiente, sia residenziale che commerciale, e rappresenta un forte messaggio di eco-consapevolezza. &nbsp; Caratteristiche Principali: Materiali Naturali e Sostenibili: La scritta &#8220;Bio&#8221; \u00e8&hellip; Bio weiterlesen\" \/>\n<meta property=\"og:url\" content=\"https:\/\/mosstrend.com\/de\/shop\/einrichtungszubehor\/bio\/\" \/>\n<meta property=\"og:site_name\" content=\"Moss trend\" \/>\n<meta property=\"article:modified_time\" content=\"2025-11-04T14:42:23+00:00\" \/>\n<meta property=\"og:image\" content=\"https:\/\/mosstrend.com\/wp-content\/uploads\/2024\/07\/bio01.jpg\" \/>\n\t<meta property=\"og:image:width\" content=\"900\" \/>\n\t<meta property=\"og:image:height\" content=\"900\" \/>\n\t<meta property=\"og:image:type\" content=\"image\/jpeg\" \/>\n<meta name=\"twitter:card\" content=\"summary_large_image\" \/>\n<meta name=\"twitter:label1\" content=\"Gesch\u00e4tzte Lesezeit\" \/>\n\t<meta name=\"twitter:data1\" content=\"2\u00a0Minuten\" \/>\n<script type=\"application\/ld+json\" class=\"yoast-schema-graph\">{\"@context\":\"https:\\\/\\\/schema.org\",\"@graph\":[{\"@type\":\"WebPage\",\"@id\":\"https:\\\/\\\/mosstrend.com\\\/shop\\\/complementi-darredo\\\/bio\\\/\",\"url\":\"https:\\\/\\\/mosstrend.com\\\/shop\\\/complementi-darredo\\\/bio\\\/\",\"name\":\"Bio - Moss trend\",\"isPartOf\":{\"@id\":\"https:\\\/\\\/mosstrend.com\\\/#website\"},\"primaryImageOfPage\":{\"@id\":\"https:\\\/\\\/mosstrend.com\\\/shop\\\/complementi-darredo\\\/bio\\\/#primaryimage\"},\"image\":{\"@id\":\"https:\\\/\\\/mosstrend.com\\\/shop\\\/complementi-darredo\\\/bio\\\/#primaryimage\"},\"thumbnailUrl\":\"https:\\\/\\\/mosstrend.com\\\/wp-content\\\/uploads\\\/2024\\\/07\\\/bio01.jpg\",\"datePublished\":\"2024-07-05T14:49:18+00:00\",\"dateModified\":\"2025-11-04T14:42:23+00:00\",\"breadcrumb\":{\"@id\":\"https:\\\/\\\/mosstrend.com\\\/shop\\\/complementi-darredo\\\/bio\\\/#breadcrumb\"},\"inLanguage\":\"de\",\"potentialAction\":[{\"@type\":\"ReadAction\",\"target\":[\"https:\\\/\\\/mosstrend.com\\\/shop\\\/complementi-darredo\\\/bio\\\/\"]}]},{\"@type\":\"ImageObject\",\"inLanguage\":\"de\",\"@id\":\"https:\\\/\\\/mosstrend.com\\\/shop\\\/complementi-darredo\\\/bio\\\/#primaryimage\",\"url\":\"https:\\\/\\\/mosstrend.com\\\/wp-content\\\/uploads\\\/2024\\\/07\\\/bio01.jpg\",\"contentUrl\":\"https:\\\/\\\/mosstrend.com\\\/wp-content\\\/uploads\\\/2024\\\/07\\\/bio01.jpg\",\"width\":900,\"height\":900},{\"@type\":\"BreadcrumbList\",\"@id\":\"https:\\\/\\\/mosstrend.com\\\/shop\\\/complementi-darredo\\\/bio\\\/#breadcrumb\",\"itemListElement\":[{\"@type\":\"ListItem\",\"position\":1,\"name\":\"Home\",\"item\":\"https:\\\/\\\/mosstrend.com\\\/\"},{\"@type\":\"ListItem\",\"position\":2,\"name\":\"Shop\",\"item\":\"https:\\\/\\\/mosstrend.com\\\/shop\\\/\"},{\"@type\":\"ListItem\",\"position\":3,\"name\":\"Bio\"}]},{\"@type\":\"WebSite\",\"@id\":\"https:\\\/\\\/mosstrend.com\\\/#website\",\"url\":\"https:\\\/\\\/mosstrend.com\\\/\",\"name\":\"Moss trend\",\"description\":\"\",\"publisher\":{\"@id\":\"https:\\\/\\\/mosstrend.com\\\/#organization\"},\"potentialAction\":[{\"@type\":\"SearchAction\",\"target\":{\"@type\":\"EntryPoint\",\"urlTemplate\":\"https:\\\/\\\/mosstrend.com\\\/?s={search_term_string}\"},\"query-input\":{\"@type\":\"PropertyValueSpecification\",\"valueRequired\":true,\"valueName\":\"search_term_string\"}}],\"inLanguage\":\"de\"},{\"@type\":\"Organization\",\"@id\":\"https:\\\/\\\/mosstrend.com\\\/#organization\",\"name\":\"Moss trend\",\"url\":\"https:\\\/\\\/mosstrend.com\\\/\",\"logo\":{\"@type\":\"ImageObject\",\"inLanguage\":\"de\",\"@id\":\"https:\\\/\\\/mosstrend.com\\\/#\\\/schema\\\/logo\\\/image\\\/\",\"url\":\"https:\\\/\\\/mosstrend.com\\\/wp-content\\\/uploads\\\/2024\\\/03\\\/logomosstrend.png\",\"contentUrl\":\"https:\\\/\\\/mosstrend.com\\\/wp-content\\\/uploads\\\/2024\\\/03\\\/logomosstrend.png\",\"width\":1000,\"height\":349,\"caption\":\"Moss trend\"},\"image\":{\"@id\":\"https:\\\/\\\/mosstrend.com\\\/#\\\/schema\\\/logo\\\/image\\\/\"}}]}<\/script>\n<!-- \/ Yoast SEO plugin. -->","yoast_head_json":{"title":"Bio - Moos-Trend","robots":{"index":"index","follow":"follow","max-snippet":"max-snippet:-1","max-image-preview":"max-image-preview:large","max-video-preview":"max-video-preview:-1"},"canonical":"https:\/\/mosstrend.com\/de\/shop\/einrichtungszubehor\/bio\/","og_locale":"de_DE","og_type":"article","og_title":"Bio - Moss trend","og_description":"Enfatizza il tuo impegno verso la sostenibilit\u00e0 con la scritta &#8220;Bio&#8221; in verde stabilizzato di Moss Trend. Questo elegante elemento decorativo \u00e8 perfetto per aggiungere un tocco di verde naturale a qualsiasi ambiente, sia residenziale che commerciale, e rappresenta un forte messaggio di eco-consapevolezza. &nbsp; Caratteristiche Principali: Materiali Naturali e Sostenibili: La scritta &#8220;Bio&#8221; \u00e8&hellip; Bio weiterlesen","og_url":"https:\/\/mosstrend.com\/de\/shop\/einrichtungszubehor\/bio\/","og_site_name":"Moss trend","article_modified_time":"2025-11-04T14:42:23+00:00","og_image":[{"width":900,"height":900,"url":"https:\/\/mosstrend.com\/wp-content\/uploads\/2024\/07\/bio01.jpg","type":"image\/jpeg"}],"twitter_card":"summary_large_image","twitter_misc":{"Gesch\u00e4tzte Lesezeit":"2\u00a0Minuten"},"schema":{"@context":"https:\/\/schema.org","@graph":[{"@type":"WebPage","@id":"https:\/\/mosstrend.com\/shop\/complementi-darredo\/bio\/","url":"https:\/\/mosstrend.com\/shop\/complementi-darredo\/bio\/","name":"Bio - Moos-Trend","isPartOf":{"@id":"https:\/\/mosstrend.com\/#website"},"primaryImageOfPage":{"@id":"https:\/\/mosstrend.com\/shop\/complementi-darredo\/bio\/#primaryimage"},"image":{"@id":"https:\/\/mosstrend.com\/shop\/complementi-darredo\/bio\/#primaryimage"},"thumbnailUrl":"https:\/\/mosstrend.com\/wp-content\/uploads\/2024\/07\/bio01.jpg","datePublished":"2024-07-05T14:49:18+00:00","dateModified":"2025-11-04T14:42:23+00:00","breadcrumb":{"@id":"https:\/\/mosstrend.com\/shop\/complementi-darredo\/bio\/#breadcrumb"},"inLanguage":"de","potentialAction":[{"@type":"ReadAction","target":["https:\/\/mosstrend.com\/shop\/complementi-darredo\/bio\/"]}]},{"@type":"ImageObject","inLanguage":"de","@id":"https:\/\/mosstrend.com\/shop\/complementi-darredo\/bio\/#primaryimage","url":"https:\/\/mosstrend.com\/wp-content\/uploads\/2024\/07\/bio01.jpg","contentUrl":"https:\/\/mosstrend.com\/wp-content\/uploads\/2024\/07\/bio01.jpg","width":900,"height":900},{"@type":"BreadcrumbList","@id":"https:\/\/mosstrend.com\/shop\/complementi-darredo\/bio\/#breadcrumb","itemListElement":[{"@type":"ListItem","position":1,"name":"Home","item":"https:\/\/mosstrend.com\/"},{"@type":"ListItem","position":2,"name":"Shop","item":"https:\/\/mosstrend.com\/shop\/"},{"@type":"ListItem","position":3,"name":"Bio"}]},{"@type":"WebSite","@id":"https:\/\/mosstrend.com\/#website","url":"https:\/\/mosstrend.com\/","name":"Moos Trend","description":"","publisher":{"@id":"https:\/\/mosstrend.com\/#organization"},"potentialAction":[{"@type":"SearchAction","target":{"@type":"EntryPoint","urlTemplate":"https:\/\/mosstrend.com\/?s={search_term_string}"},"query-input":{"@type":"PropertyValueSpecification","valueRequired":true,"valueName":"search_term_string"}}],"inLanguage":"de"},{"@type":"Organization","@id":"https:\/\/mosstrend.com\/#organization","name":"Moos Trend","url":"https:\/\/mosstrend.com\/","logo":{"@type":"ImageObject","inLanguage":"de","@id":"https:\/\/mosstrend.com\/#\/schema\/logo\/image\/","url":"https:\/\/mosstrend.com\/wp-content\/uploads\/2024\/03\/logomosstrend.png","contentUrl":"https:\/\/mosstrend.com\/wp-content\/uploads\/2024\/03\/logomosstrend.png","width":1000,"height":349,"caption":"Moss trend"},"image":{"@id":"https:\/\/mosstrend.com\/#\/schema\/logo\/image\/"}}]}},"_links":{"self":[{"href":"https:\/\/mosstrend.com\/de\/wp-json\/wp\/v2\/product\/122771","targetHints":{"allow":["GET"]}}],"collection":[{"href":"https:\/\/mosstrend.com\/de\/wp-json\/wp\/v2\/product"}],"about":[{"href":"https:\/\/mosstrend.com\/de\/wp-json\/wp\/v2\/types\/product"}],"wp:featuredmedia":[{"embeddable":true,"href":"https:\/\/mosstrend.com\/de\/wp-json\/wp\/v2\/media\/122772"}],"wp:attachment":[{"href":"https:\/\/mosstrend.com\/de\/wp-json\/wp\/v2\/media?parent=122771"}],"wp:term":[{"taxonomy":"product_brand","embeddable":true,"href":"https:\/\/mosstrend.com\/de\/wp-json\/wp\/v2\/product_brand?post=122771"},{"taxonomy":"product_cat","embeddable":true,"href":"https:\/\/mosstrend.com\/de\/wp-json\/wp\/v2\/product_cat?post=122771"},{"taxonomy":"product_tag","embeddable":true,"href":"https:\/\/mosstrend.com\/de\/wp-json\/wp\/v2\/product_tag?post=122771"},{"taxonomy":"giftcard-category","embeddable":true,"href":"https:\/\/mosstrend.com\/de\/wp-json\/wp\/v2\/giftcard-category?post=122771"}],"curies":[{"name":"wp","href":"https:\/\/api.w.org\/{rel}","templated":true}]}}