{"id":122774,"date":"2024-07-05T16:53:47","date_gmt":"2024-07-05T14:53:47","guid":{"rendered":"https:\/\/mosstrend.com\/?post_type=product&#038;p=122774"},"modified":"2025-11-04T15:42:05","modified_gmt":"2025-11-04T14:42:05","slug":"ballon","status":"publish","type":"product","link":"https:\/\/mosstrend.com\/de\/shop\/complementi-darredo\/baloon\/","title":{"rendered":"Baloon"},"content":{"rendered":"<p>Verleihen Sie Ihrem Raum einen Hauch von Originalit\u00e4t und Natur mit \"Balloon\", dem Hund in Ballonform in stabilisiertem Gr\u00fcn von Moss Trend. Dieses charmante Dekoelement verbindet die Verspieltheit eines Ballons mit der nat\u00fcrlichen Sch\u00f6nheit von Moos und schafft so ein einzigartiges St\u00fcck, das alle Blicke auf sich zieht.<\/p>\n<p>&nbsp;<\/p>\n<h4>Hauptmerkmale:<\/h4>\n<ul>\n<li><strong>Nat\u00fcrliche und nachhaltige Materialien<\/strong>Balloon\" besteht aus hochwertigem Moos und stabilisierten Pflanzen, die f\u00fcr eine immergr\u00fcne und lebendige Dekoration sorgen, ohne dass man sie pflegen muss.<\/li>\n<li><strong>Kreatives Design<\/strong>Inspiriert von Ballontieren, verleiht dieses einzigartige Design jeder Umgebung einen lustigen und frischen Touch und eignet sich daher perfekt f\u00fcr Wohnungen, B\u00fcros und Gesch\u00e4ftsr\u00e4ume.<\/li>\n<li><strong>Keine Wartung<\/strong>Dank des Stabilisierungsprozesses beh\u00e4lt das Moos seine nat\u00fcrliche Sch\u00f6nheit, ohne dass es Wasser, Sonnenlicht oder besondere Pflege braucht.<\/li>\n<li><strong>Vorteile f\u00fcr das Wohlbefinden<\/strong>Die Integration nat\u00fcrlicher Elemente in Innenr\u00e4ume kann das k\u00f6rperliche und geistige Wohlbefinden steigern, Stress reduzieren und die Luftqualit\u00e4t verbessern.<\/li>\n<\/ul>\n<p>&nbsp;<\/p>\n<h4>Verwendung und Positionierung:<\/h4>\n<p>Baloon\" in stabilisiertem Gr\u00fcn ist ideal f\u00fcr die Dekoration von B\u00fcros, Wohnzimmern, Ateliers, Rezeptionen und allen R\u00e4umen, die einen Hauch von Gr\u00fcn brauchen. Auch perfekt als Geschenkidee f\u00fcr Liebhaber von nachhaltigem Design.<\/p>","protected":false},"excerpt":{"rendered":"<p>Aggiungi un tocco di originalit\u00e0 e natura ai tuoi spazi con &#8220;Balloon&#8221;, il cane a forma di palloncino in verde stabilizzato di Moss Trend. Questo affascinante elemento decorativo unisce la giocosit\u00e0 di un palloncino con la bellezza naturale del muschio, creando un pezzo unico che catturer\u00e0 l&#8217;attenzione di chiunque. &nbsp; Caratteristiche Principali: Materiali Naturali e&hellip; <a class=\"more-link\" href=\"https:\/\/mosstrend.com\/de\/shop\/complementi-darredo\/baloon\/\"><span class=\"screen-reader-text\">Baloon<\/span> weiterlesen<\/a><\/p>","protected":false},"featured_media":122775,"template":"","meta":{"_acf_changed":false},"product_brand":[],"product_cat":[1068,1136],"product_tag":[],"giftcard-category":[],"class_list":{"0":"post-122774","1":"product","2":"type-product","3":"status-publish","4":"has-post-thumbnail","6":"product_cat-complementi-darredo","7":"product_cat-oggettistica","8":"entry","10":"first","11":"instock","12":"sale","13":"taxable","14":"shipping-taxable","15":"purchasable","16":"product-type-simple"},"acf":[],"yoast_head":"<!-- This site is optimized with the Yoast SEO plugin v27.2 - https:\/\/yoast.com\/product\/yoast-seo-wordpress\/ -->\n<title>Baloon - Moss trend<\/title>\n<meta name=\"robots\" content=\"index, follow, max-snippet:-1, max-image-preview:large, max-video-preview:-1\" \/>\n<link rel=\"canonical\" href=\"https:\/\/mosstrend.com\/de\/shop\/einrichtungszubehor\/ballon\/\" \/>\n<meta property=\"og:locale\" content=\"de_DE\" \/>\n<meta property=\"og:type\" content=\"article\" \/>\n<meta property=\"og:title\" content=\"Baloon - Moss trend\" \/>\n<meta property=\"og:description\" content=\"Aggiungi un tocco di originalit\u00e0 e natura ai tuoi spazi con &#8220;Balloon&#8221;, il cane a forma di palloncino in verde stabilizzato di Moss Trend. Questo affascinante elemento decorativo unisce la giocosit\u00e0 di un palloncino con la bellezza naturale del muschio, creando un pezzo unico che catturer\u00e0 l&#8217;attenzione di chiunque. &nbsp; Caratteristiche Principali: Materiali Naturali e&hellip; Baloon weiterlesen\" \/>\n<meta property=\"og:url\" content=\"https:\/\/mosstrend.com\/de\/shop\/einrichtungszubehor\/ballon\/\" \/>\n<meta property=\"og:site_name\" content=\"Moss trend\" \/>\n<meta property=\"article:modified_time\" content=\"2025-11-04T14:42:05+00:00\" \/>\n<meta property=\"og:image\" content=\"https:\/\/mosstrend.com\/wp-content\/uploads\/2024\/07\/baloon01.jpg\" \/>\n\t<meta property=\"og:image:width\" content=\"900\" \/>\n\t<meta property=\"og:image:height\" content=\"900\" \/>\n\t<meta property=\"og:image:type\" content=\"image\/jpeg\" \/>\n<meta name=\"twitter:card\" content=\"summary_large_image\" \/>\n<meta name=\"twitter:label1\" content=\"Gesch\u00e4tzte Lesezeit\" \/>\n\t<meta name=\"twitter:data1\" content=\"2\u00a0Minuten\" \/>\n<script type=\"application\/ld+json\" class=\"yoast-schema-graph\">{\"@context\":\"https:\/\/schema.org\",\"@graph\":[{\"@type\":\"WebPage\",\"@id\":\"https:\/\/mosstrend.com\/shop\/complementi-darredo\/baloon\/\",\"url\":\"https:\/\/mosstrend.com\/shop\/complementi-darredo\/baloon\/\",\"name\":\"Baloon - Moss trend\",\"isPartOf\":{\"@id\":\"https:\/\/mosstrend.com\/#website\"},\"primaryImageOfPage\":{\"@id\":\"https:\/\/mosstrend.com\/shop\/complementi-darredo\/baloon\/#primaryimage\"},\"image\":{\"@id\":\"https:\/\/mosstrend.com\/shop\/complementi-darredo\/baloon\/#primaryimage\"},\"thumbnailUrl\":\"https:\/\/mosstrend.com\/wp-content\/uploads\/2024\/07\/baloon01.jpg\",\"datePublished\":\"2024-07-05T14:53:47+00:00\",\"dateModified\":\"2025-11-04T14:42:05+00:00\",\"breadcrumb\":{\"@id\":\"https:\/\/mosstrend.com\/shop\/complementi-darredo\/baloon\/#breadcrumb\"},\"inLanguage\":\"de\",\"potentialAction\":[{\"@type\":\"ReadAction\",\"target\":[\"https:\/\/mosstrend.com\/shop\/complementi-darredo\/baloon\/\"]}]},{\"@type\":\"ImageObject\",\"inLanguage\":\"de\",\"@id\":\"https:\/\/mosstrend.com\/shop\/complementi-darredo\/baloon\/#primaryimage\",\"url\":\"https:\/\/mosstrend.com\/wp-content\/uploads\/2024\/07\/baloon01.jpg\",\"contentUrl\":\"https:\/\/mosstrend.com\/wp-content\/uploads\/2024\/07\/baloon01.jpg\",\"width\":900,\"height\":900},{\"@type\":\"BreadcrumbList\",\"@id\":\"https:\/\/mosstrend.com\/shop\/complementi-darredo\/baloon\/#breadcrumb\",\"itemListElement\":[{\"@type\":\"ListItem\",\"position\":1,\"name\":\"Home\",\"item\":\"https:\/\/mosstrend.com\/\"},{\"@type\":\"ListItem\",\"position\":2,\"name\":\"Shop\",\"item\":\"https:\/\/mosstrend.com\/shop\/\"},{\"@type\":\"ListItem\",\"position\":3,\"name\":\"Baloon\"}]},{\"@type\":\"WebSite\",\"@id\":\"https:\/\/mosstrend.com\/#website\",\"url\":\"https:\/\/mosstrend.com\/\",\"name\":\"Moss trend\",\"description\":\"\",\"publisher\":{\"@id\":\"https:\/\/mosstrend.com\/#organization\"},\"potentialAction\":[{\"@type\":\"SearchAction\",\"target\":{\"@type\":\"EntryPoint\",\"urlTemplate\":\"https:\/\/mosstrend.com\/?s={search_term_string}\"},\"query-input\":{\"@type\":\"PropertyValueSpecification\",\"valueRequired\":true,\"valueName\":\"search_term_string\"}}],\"inLanguage\":\"de\"},{\"@type\":\"Organization\",\"@id\":\"https:\/\/mosstrend.com\/#organization\",\"name\":\"Moss trend\",\"url\":\"https:\/\/mosstrend.com\/\",\"logo\":{\"@type\":\"ImageObject\",\"inLanguage\":\"de\",\"@id\":\"https:\/\/mosstrend.com\/#\/schema\/logo\/image\/\",\"url\":\"https:\/\/mosstrend.com\/wp-content\/uploads\/2024\/03\/logomosstrend.png\",\"contentUrl\":\"https:\/\/mosstrend.com\/wp-content\/uploads\/2024\/03\/logomosstrend.png\",\"width\":1000,\"height\":349,\"caption\":\"Moss trend\"},\"image\":{\"@id\":\"https:\/\/mosstrend.com\/#\/schema\/logo\/image\/\"}}]}<\/script>\n<!-- \/ Yoast SEO plugin. -->","yoast_head_json":{"title":"Baloon - Moos Trend","robots":{"index":"index","follow":"follow","max-snippet":"max-snippet:-1","max-image-preview":"max-image-preview:large","max-video-preview":"max-video-preview:-1"},"canonical":"https:\/\/mosstrend.com\/de\/shop\/einrichtungszubehor\/ballon\/","og_locale":"de_DE","og_type":"article","og_title":"Baloon - Moss trend","og_description":"Aggiungi un tocco di originalit\u00e0 e natura ai tuoi spazi con &#8220;Balloon&#8221;, il cane a forma di palloncino in verde stabilizzato di Moss Trend. Questo affascinante elemento decorativo unisce la giocosit\u00e0 di un palloncino con la bellezza naturale del muschio, creando un pezzo unico che catturer\u00e0 l&#8217;attenzione di chiunque. &nbsp; Caratteristiche Principali: Materiali Naturali e&hellip; Baloon weiterlesen","og_url":"https:\/\/mosstrend.com\/de\/shop\/einrichtungszubehor\/ballon\/","og_site_name":"Moss trend","article_modified_time":"2025-11-04T14:42:05+00:00","og_image":[{"width":900,"height":900,"url":"https:\/\/mosstrend.com\/wp-content\/uploads\/2024\/07\/baloon01.jpg","type":"image\/jpeg"}],"twitter_card":"summary_large_image","twitter_misc":{"Gesch\u00e4tzte Lesezeit":"2\u00a0Minuten"},"schema":{"@context":"https:\/\/schema.org","@graph":[{"@type":"WebPage","@id":"https:\/\/mosstrend.com\/shop\/complementi-darredo\/baloon\/","url":"https:\/\/mosstrend.com\/shop\/complementi-darredo\/baloon\/","name":"Baloon - Moos Trend","isPartOf":{"@id":"https:\/\/mosstrend.com\/#website"},"primaryImageOfPage":{"@id":"https:\/\/mosstrend.com\/shop\/complementi-darredo\/baloon\/#primaryimage"},"image":{"@id":"https:\/\/mosstrend.com\/shop\/complementi-darredo\/baloon\/#primaryimage"},"thumbnailUrl":"https:\/\/mosstrend.com\/wp-content\/uploads\/2024\/07\/baloon01.jpg","datePublished":"2024-07-05T14:53:47+00:00","dateModified":"2025-11-04T14:42:05+00:00","breadcrumb":{"@id":"https:\/\/mosstrend.com\/shop\/complementi-darredo\/baloon\/#breadcrumb"},"inLanguage":"de","potentialAction":[{"@type":"ReadAction","target":["https:\/\/mosstrend.com\/shop\/complementi-darredo\/baloon\/"]}]},{"@type":"ImageObject","inLanguage":"de","@id":"https:\/\/mosstrend.com\/shop\/complementi-darredo\/baloon\/#primaryimage","url":"https:\/\/mosstrend.com\/wp-content\/uploads\/2024\/07\/baloon01.jpg","contentUrl":"https:\/\/mosstrend.com\/wp-content\/uploads\/2024\/07\/baloon01.jpg","width":900,"height":900},{"@type":"BreadcrumbList","@id":"https:\/\/mosstrend.com\/shop\/complementi-darredo\/baloon\/#breadcrumb","itemListElement":[{"@type":"ListItem","position":1,"name":"Home","item":"https:\/\/mosstrend.com\/"},{"@type":"ListItem","position":2,"name":"Shop","item":"https:\/\/mosstrend.com\/shop\/"},{"@type":"ListItem","position":3,"name":"Baloon"}]},{"@type":"WebSite","@id":"https:\/\/mosstrend.com\/#website","url":"https:\/\/mosstrend.com\/","name":"Moos Trend","description":"","publisher":{"@id":"https:\/\/mosstrend.com\/#organization"},"potentialAction":[{"@type":"SearchAction","target":{"@type":"EntryPoint","urlTemplate":"https:\/\/mosstrend.com\/?s={search_term_string}"},"query-input":{"@type":"PropertyValueSpecification","valueRequired":true,"valueName":"search_term_string"}}],"inLanguage":"de"},{"@type":"Organization","@id":"https:\/\/mosstrend.com\/#organization","name":"Moos Trend","url":"https:\/\/mosstrend.com\/","logo":{"@type":"ImageObject","inLanguage":"de","@id":"https:\/\/mosstrend.com\/#\/schema\/logo\/image\/","url":"https:\/\/mosstrend.com\/wp-content\/uploads\/2024\/03\/logomosstrend.png","contentUrl":"https:\/\/mosstrend.com\/wp-content\/uploads\/2024\/03\/logomosstrend.png","width":1000,"height":349,"caption":"Moss trend"},"image":{"@id":"https:\/\/mosstrend.com\/#\/schema\/logo\/image\/"}}]}},"_links":{"self":[{"href":"https:\/\/mosstrend.com\/de\/wp-json\/wp\/v2\/product\/122774","targetHints":{"allow":["GET"]}}],"collection":[{"href":"https:\/\/mosstrend.com\/de\/wp-json\/wp\/v2\/product"}],"about":[{"href":"https:\/\/mosstrend.com\/de\/wp-json\/wp\/v2\/types\/product"}],"wp:featuredmedia":[{"embeddable":true,"href":"https:\/\/mosstrend.com\/de\/wp-json\/wp\/v2\/media\/122775"}],"wp:attachment":[{"href":"https:\/\/mosstrend.com\/de\/wp-json\/wp\/v2\/media?parent=122774"}],"wp:term":[{"taxonomy":"product_brand","embeddable":true,"href":"https:\/\/mosstrend.com\/de\/wp-json\/wp\/v2\/product_brand?post=122774"},{"taxonomy":"product_cat","embeddable":true,"href":"https:\/\/mosstrend.com\/de\/wp-json\/wp\/v2\/product_cat?post=122774"},{"taxonomy":"product_tag","embeddable":true,"href":"https:\/\/mosstrend.com\/de\/wp-json\/wp\/v2\/product_tag?post=122774"},{"taxonomy":"giftcard-category","embeddable":true,"href":"https:\/\/mosstrend.com\/de\/wp-json\/wp\/v2\/giftcard-category?post=122774"}],"curies":[{"name":"wp","href":"https:\/\/api.w.org\/{rel}","templated":true}]}}