{"id":122973,"date":"2024-09-03T12:09:13","date_gmt":"2024-09-03T10:09:13","guid":{"rendered":"https:\/\/mosstrend.com\/?post_type=product&#038;p=122973"},"modified":"2025-12-02T10:01:51","modified_gmt":"2025-12-02T09:01:51","slug":"die-finsternis","status":"publish","type":"product","link":"https:\/\/mosstrend.com\/de\/shop\/quadri-in-fogliame\/il-fosco\/","title":{"rendered":"Die D\u00fcsternis"},"content":{"rendered":"<p>Das Dschungelmoos\" ist die Kunst des \"Zusammenf\u00fcgens\".\u00a0<strong>Stabilisierte wilde Essenzen und Laub<\/strong>fachm\u00e4nnisch gestaltet von der\u00a0<strong>unsere K\u00fcnstler<\/strong>\u00a0auf einem \"Teppich\" aus flachem Moos, der mit Stangenmoos, Flechten und verschiedenen Wurzeln verziert ist.<br \/>\nJedes Gem\u00e4lde ist ein sich st\u00e4ndig ver\u00e4nderndes Kunstwerk, jede Wand ist das Ergebnis einer nat\u00fcrlichen Inspiration und einzigartiger Empfindungen. Eine perfekte Wahl f\u00fcr alle, die nach nat\u00fcrlichen und eleganten L\u00f6sungen f\u00fcr ihre Innenr\u00e4ume suchen.<br \/>\nDie Vielfalt der\u00a0<strong>Laub und Moos<\/strong>\u00a0die zun\u00e4chst gesammelt werden und dann\u00a0<strong>stabilisiert<\/strong>Sie bilden harmonische, pflegeleichte und stabilisierte gr\u00fcne W\u00e4nde, die weder Sonnenlicht noch Wasser ben\u00f6tigen.<\/p>\n<p>Die Kombination aus \u00fcppigem Waldmoos, frischem Kugelmoos und nat\u00fcrlichen Pflanzen wie Farnen, Eukalyptus, Papyrus, Amaranth und Ming entf\u00fchrt Sie jeden Tag aufs Neue auf eine stimmungsvolle Wanderung durch die Landschaft, eine Waldwiese oder einen exotischen Wald.<\/p>\n<p>Ganz gleich, f\u00fcr welche Kombination Sie sich entscheiden, mit Pflanzenbildern holen Sie sich ein St\u00fcck Natur in Ihr Zuhause.<\/p>\n<p><strong class=\"desc_strong\">Mit unseren Dschungelmoosbildern haben wir die M\u00f6glichkeit, Ihre Umgebung nat\u00fcrlich, elegant und vor allem einzigartig zu gestalten!<\/strong><\/p>","protected":false},"excerpt":{"rendered":"<p>\u201cIl Fosco\u201d Jungle Moss \u00e8 l\u2019arte di \u201cassemblare\u201d\u00a0essenze e fogliami selvatici stabilizzati, adagiati sapientemente da i\u00a0nostri artisti\u00a0su di un \u201ctappeto\u201d di muschio piatto impreziosito da muschio pole, lichene e radici varie. Ogni quadro \u00e8 un\u2019opera d\u2019arte sempre diversa, ogni parete \u00e8 frutto di ispirazione naturale e di sensazioni uniche. Una scelta perfetta per chi \u00e8&hellip; <a class=\"more-link\" href=\"https:\/\/mosstrend.com\/de\/shop\/quadri-in-fogliame\/il-fosco\/\"><span class=\"screen-reader-text\">Die D\u00fcsternis<\/span> weiterlesen<\/a><\/p>","protected":false},"featured_media":123028,"template":"","meta":{"_acf_changed":false},"product_brand":[],"product_cat":[1135],"product_tag":[],"giftcard-category":[],"class_list":{"0":"post-122973","1":"product","2":"type-product","3":"status-publish","4":"has-post-thumbnail","6":"product_cat-quadri-in-fogliame","7":"entry","9":"first","10":"instock","11":"taxable","12":"shipping-taxable","13":"purchasable","14":"product-type-variable"},"acf":[],"yoast_head":"<!-- This site is optimized with the Yoast SEO plugin v27.4 - https:\/\/yoast.com\/product\/yoast-seo-wordpress\/ -->\n<title>Il fosco - Moss trend<\/title>\n<meta name=\"robots\" content=\"index, follow, max-snippet:-1, max-image-preview:large, max-video-preview:-1\" \/>\n<link rel=\"canonical\" href=\"https:\/\/mosstrend.com\/de\/shop\/quadri-in-fogliame\/die-finsternis\/\" \/>\n<meta property=\"og:locale\" content=\"de_DE\" \/>\n<meta property=\"og:type\" content=\"article\" \/>\n<meta property=\"og:title\" content=\"Il fosco - Moss trend\" \/>\n<meta property=\"og:description\" content=\"\u201cIl Fosco\u201d Jungle Moss \u00e8 l\u2019arte di \u201cassemblare\u201d\u00a0essenze e fogliami selvatici stabilizzati, adagiati sapientemente da i\u00a0nostri artisti\u00a0su di un \u201ctappeto\u201d di muschio piatto impreziosito da muschio pole, lichene e radici varie. Ogni quadro \u00e8 un\u2019opera d\u2019arte sempre diversa, ogni parete \u00e8 frutto di ispirazione naturale e di sensazioni uniche. Una scelta perfetta per chi \u00e8&hellip; Il fosco weiterlesen\" \/>\n<meta property=\"og:url\" content=\"https:\/\/mosstrend.com\/de\/shop\/quadri-in-fogliame\/die-finsternis\/\" \/>\n<meta property=\"og:site_name\" content=\"Moss trend\" \/>\n<meta property=\"article:modified_time\" content=\"2025-12-02T09:01:51+00:00\" \/>\n<meta property=\"og:image\" content=\"https:\/\/mosstrend.com\/wp-content\/uploads\/2024\/09\/fosco.jpg\" \/>\n\t<meta property=\"og:image:width\" content=\"900\" \/>\n\t<meta property=\"og:image:height\" content=\"900\" \/>\n\t<meta property=\"og:image:type\" content=\"image\/jpeg\" \/>\n<meta name=\"twitter:card\" content=\"summary_large_image\" \/>\n<meta name=\"twitter:label1\" content=\"Gesch\u00e4tzte Lesezeit\" \/>\n\t<meta name=\"twitter:data1\" content=\"2\u00a0Minuten\" \/>\n<script type=\"application\/ld+json\" class=\"yoast-schema-graph\">{\"@context\":\"https:\\\/\\\/schema.org\",\"@graph\":[{\"@type\":\"WebPage\",\"@id\":\"https:\\\/\\\/mosstrend.com\\\/shop\\\/quadri-in-fogliame\\\/il-fosco\\\/\",\"url\":\"https:\\\/\\\/mosstrend.com\\\/shop\\\/quadri-in-fogliame\\\/il-fosco\\\/\",\"name\":\"Il fosco - Moss trend\",\"isPartOf\":{\"@id\":\"https:\\\/\\\/mosstrend.com\\\/#website\"},\"primaryImageOfPage\":{\"@id\":\"https:\\\/\\\/mosstrend.com\\\/shop\\\/quadri-in-fogliame\\\/il-fosco\\\/#primaryimage\"},\"image\":{\"@id\":\"https:\\\/\\\/mosstrend.com\\\/shop\\\/quadri-in-fogliame\\\/il-fosco\\\/#primaryimage\"},\"thumbnailUrl\":\"https:\\\/\\\/mosstrend.com\\\/wp-content\\\/uploads\\\/2024\\\/09\\\/fosco.jpg\",\"datePublished\":\"2024-09-03T10:09:13+00:00\",\"dateModified\":\"2025-12-02T09:01:51+00:00\",\"breadcrumb\":{\"@id\":\"https:\\\/\\\/mosstrend.com\\\/shop\\\/quadri-in-fogliame\\\/il-fosco\\\/#breadcrumb\"},\"inLanguage\":\"de\",\"potentialAction\":[{\"@type\":\"ReadAction\",\"target\":[\"https:\\\/\\\/mosstrend.com\\\/shop\\\/quadri-in-fogliame\\\/il-fosco\\\/\"]}]},{\"@type\":\"ImageObject\",\"inLanguage\":\"de\",\"@id\":\"https:\\\/\\\/mosstrend.com\\\/shop\\\/quadri-in-fogliame\\\/il-fosco\\\/#primaryimage\",\"url\":\"https:\\\/\\\/mosstrend.com\\\/wp-content\\\/uploads\\\/2024\\\/09\\\/fosco.jpg\",\"contentUrl\":\"https:\\\/\\\/mosstrend.com\\\/wp-content\\\/uploads\\\/2024\\\/09\\\/fosco.jpg\",\"width\":900,\"height\":900},{\"@type\":\"BreadcrumbList\",\"@id\":\"https:\\\/\\\/mosstrend.com\\\/shop\\\/quadri-in-fogliame\\\/il-fosco\\\/#breadcrumb\",\"itemListElement\":[{\"@type\":\"ListItem\",\"position\":1,\"name\":\"Home\",\"item\":\"https:\\\/\\\/mosstrend.com\\\/\"},{\"@type\":\"ListItem\",\"position\":2,\"name\":\"Shop\",\"item\":\"https:\\\/\\\/mosstrend.com\\\/shop\\\/\"},{\"@type\":\"ListItem\",\"position\":3,\"name\":\"Il fosco\"}]},{\"@type\":\"WebSite\",\"@id\":\"https:\\\/\\\/mosstrend.com\\\/#website\",\"url\":\"https:\\\/\\\/mosstrend.com\\\/\",\"name\":\"Moss trend\",\"description\":\"\",\"publisher\":{\"@id\":\"https:\\\/\\\/mosstrend.com\\\/#organization\"},\"potentialAction\":[{\"@type\":\"SearchAction\",\"target\":{\"@type\":\"EntryPoint\",\"urlTemplate\":\"https:\\\/\\\/mosstrend.com\\\/?s={search_term_string}\"},\"query-input\":{\"@type\":\"PropertyValueSpecification\",\"valueRequired\":true,\"valueName\":\"search_term_string\"}}],\"inLanguage\":\"de\"},{\"@type\":\"Organization\",\"@id\":\"https:\\\/\\\/mosstrend.com\\\/#organization\",\"name\":\"Moss trend\",\"url\":\"https:\\\/\\\/mosstrend.com\\\/\",\"logo\":{\"@type\":\"ImageObject\",\"inLanguage\":\"de\",\"@id\":\"https:\\\/\\\/mosstrend.com\\\/#\\\/schema\\\/logo\\\/image\\\/\",\"url\":\"https:\\\/\\\/mosstrend.com\\\/wp-content\\\/uploads\\\/2024\\\/03\\\/logomosstrend.png\",\"contentUrl\":\"https:\\\/\\\/mosstrend.com\\\/wp-content\\\/uploads\\\/2024\\\/03\\\/logomosstrend.png\",\"width\":1000,\"height\":349,\"caption\":\"Moss trend\"},\"image\":{\"@id\":\"https:\\\/\\\/mosstrend.com\\\/#\\\/schema\\\/logo\\\/image\\\/\"}}]}<\/script>\n<!-- \/ Yoast SEO plugin. -->","yoast_head_json":{"title":"Der d\u00fcstere - Moss-Trend","robots":{"index":"index","follow":"follow","max-snippet":"max-snippet:-1","max-image-preview":"max-image-preview:large","max-video-preview":"max-video-preview:-1"},"canonical":"https:\/\/mosstrend.com\/de\/shop\/quadri-in-fogliame\/die-finsternis\/","og_locale":"de_DE","og_type":"article","og_title":"Il fosco - Moss trend","og_description":"\u201cIl Fosco\u201d Jungle Moss \u00e8 l\u2019arte di \u201cassemblare\u201d\u00a0essenze e fogliami selvatici stabilizzati, adagiati sapientemente da i\u00a0nostri artisti\u00a0su di un \u201ctappeto\u201d di muschio piatto impreziosito da muschio pole, lichene e radici varie. Ogni quadro \u00e8 un\u2019opera d\u2019arte sempre diversa, ogni parete \u00e8 frutto di ispirazione naturale e di sensazioni uniche. Una scelta perfetta per chi \u00e8&hellip; Il fosco weiterlesen","og_url":"https:\/\/mosstrend.com\/de\/shop\/quadri-in-fogliame\/die-finsternis\/","og_site_name":"Moss trend","article_modified_time":"2025-12-02T09:01:51+00:00","og_image":[{"width":900,"height":900,"url":"https:\/\/mosstrend.com\/wp-content\/uploads\/2024\/09\/fosco.jpg","type":"image\/jpeg"}],"twitter_card":"summary_large_image","twitter_misc":{"Gesch\u00e4tzte Lesezeit":"2\u00a0Minuten"},"schema":{"@context":"https:\/\/schema.org","@graph":[{"@type":"WebPage","@id":"https:\/\/mosstrend.com\/shop\/quadri-in-fogliame\/il-fosco\/","url":"https:\/\/mosstrend.com\/shop\/quadri-in-fogliame\/il-fosco\/","name":"Der d\u00fcstere - Moss-Trend","isPartOf":{"@id":"https:\/\/mosstrend.com\/#website"},"primaryImageOfPage":{"@id":"https:\/\/mosstrend.com\/shop\/quadri-in-fogliame\/il-fosco\/#primaryimage"},"image":{"@id":"https:\/\/mosstrend.com\/shop\/quadri-in-fogliame\/il-fosco\/#primaryimage"},"thumbnailUrl":"https:\/\/mosstrend.com\/wp-content\/uploads\/2024\/09\/fosco.jpg","datePublished":"2024-09-03T10:09:13+00:00","dateModified":"2025-12-02T09:01:51+00:00","breadcrumb":{"@id":"https:\/\/mosstrend.com\/shop\/quadri-in-fogliame\/il-fosco\/#breadcrumb"},"inLanguage":"de","potentialAction":[{"@type":"ReadAction","target":["https:\/\/mosstrend.com\/shop\/quadri-in-fogliame\/il-fosco\/"]}]},{"@type":"ImageObject","inLanguage":"de","@id":"https:\/\/mosstrend.com\/shop\/quadri-in-fogliame\/il-fosco\/#primaryimage","url":"https:\/\/mosstrend.com\/wp-content\/uploads\/2024\/09\/fosco.jpg","contentUrl":"https:\/\/mosstrend.com\/wp-content\/uploads\/2024\/09\/fosco.jpg","width":900,"height":900},{"@type":"BreadcrumbList","@id":"https:\/\/mosstrend.com\/shop\/quadri-in-fogliame\/il-fosco\/#breadcrumb","itemListElement":[{"@type":"ListItem","position":1,"name":"Home","item":"https:\/\/mosstrend.com\/"},{"@type":"ListItem","position":2,"name":"Shop","item":"https:\/\/mosstrend.com\/shop\/"},{"@type":"ListItem","position":3,"name":"Il fosco"}]},{"@type":"WebSite","@id":"https:\/\/mosstrend.com\/#website","url":"https:\/\/mosstrend.com\/","name":"Moos Trend","description":"","publisher":{"@id":"https:\/\/mosstrend.com\/#organization"},"potentialAction":[{"@type":"SearchAction","target":{"@type":"EntryPoint","urlTemplate":"https:\/\/mosstrend.com\/?s={search_term_string}"},"query-input":{"@type":"PropertyValueSpecification","valueRequired":true,"valueName":"search_term_string"}}],"inLanguage":"de"},{"@type":"Organization","@id":"https:\/\/mosstrend.com\/#organization","name":"Moos Trend","url":"https:\/\/mosstrend.com\/","logo":{"@type":"ImageObject","inLanguage":"de","@id":"https:\/\/mosstrend.com\/#\/schema\/logo\/image\/","url":"https:\/\/mosstrend.com\/wp-content\/uploads\/2024\/03\/logomosstrend.png","contentUrl":"https:\/\/mosstrend.com\/wp-content\/uploads\/2024\/03\/logomosstrend.png","width":1000,"height":349,"caption":"Moss trend"},"image":{"@id":"https:\/\/mosstrend.com\/#\/schema\/logo\/image\/"}}]}},"_links":{"self":[{"href":"https:\/\/mosstrend.com\/de\/wp-json\/wp\/v2\/product\/122973","targetHints":{"allow":["GET"]}}],"collection":[{"href":"https:\/\/mosstrend.com\/de\/wp-json\/wp\/v2\/product"}],"about":[{"href":"https:\/\/mosstrend.com\/de\/wp-json\/wp\/v2\/types\/product"}],"wp:featuredmedia":[{"embeddable":true,"href":"https:\/\/mosstrend.com\/de\/wp-json\/wp\/v2\/media\/123028"}],"wp:attachment":[{"href":"https:\/\/mosstrend.com\/de\/wp-json\/wp\/v2\/media?parent=122973"}],"wp:term":[{"taxonomy":"product_brand","embeddable":true,"href":"https:\/\/mosstrend.com\/de\/wp-json\/wp\/v2\/product_brand?post=122973"},{"taxonomy":"product_cat","embeddable":true,"href":"https:\/\/mosstrend.com\/de\/wp-json\/wp\/v2\/product_cat?post=122973"},{"taxonomy":"product_tag","embeddable":true,"href":"https:\/\/mosstrend.com\/de\/wp-json\/wp\/v2\/product_tag?post=122973"},{"taxonomy":"giftcard-category","embeddable":true,"href":"https:\/\/mosstrend.com\/de\/wp-json\/wp\/v2\/giftcard-category?post=122973"}],"curies":[{"name":"wp","href":"https:\/\/api.w.org\/{rel}","templated":true}]}}