{"id":17796,"date":"2019-05-24T14:30:11","date_gmt":"2019-05-24T12:30:11","guid":{"rendered":"https:\/\/mosstrend.com\/product\/import-placeholder-for-2198\/"},"modified":"2025-12-04T16:14:26","modified_gmt":"2025-12-04T15:14:26","slug":"wesentlich","status":"publish","type":"product","link":"https:\/\/mosstrend.com\/de\/shop\/quadri-in-muschi\/essenziale\/","title":{"rendered":"Das Wesentliche"},"content":{"rendered":"<p>Moos war schon immer ein Symbol f\u00fcr <strong>Leben und Frische<\/strong>Sie w\u00e4chst selbst unter extremsten Bedingungen spontan und passt sich an Innenr\u00e4ume an.<br \/>\nDeshalb ist es ein ausgezeichnetes Material f\u00fcr die Herstellung von <strong>gr\u00fcne W\u00e4nde<\/strong> e <strong>Vertikale G\u00e4rten<\/strong>. Unsere Kollektion <strong>Flach- und Kugelmoos<\/strong>ist eine nat\u00fcrliche Komposition aus Kugelmoos aus europ\u00e4ischem Unterholz, die sich mit Fl\u00e4chen aus flachem, elegantem und unauff\u00e4lligem Moos abwechselt.<\/p>\n<p>Kugelmoos ist ein besonderes Moos mit \"<strong>Kissen<\/strong>\"Eine tiefgr\u00fcne Farbe, die in einem Gebiet zwischen Siebenb\u00fcrgen und Teutonien w\u00e4chst. Es ist, als w\u00fcrde man sich ein St\u00fcck Schwarzwald in die eigene Umgebung holen.<br \/>\nSie verleiht R\u00e4umen einen frischen Touch, absorbiert Raumger\u00e4usche (bek\u00e4mpft L\u00e4rmbel\u00e4stigung) und h\u00e4lt sich \u00fcber viele Jahre, ohne dass Wasser, Erde oder andere N\u00e4hrstoffe ben\u00f6tigt werden.<br \/>\nAlles stabilisierte Gr\u00fcn ist<strong> 100% natur<\/strong> und bleibt \u00fcber Jahre hinweg so sch\u00f6n, weil es mit einer nat\u00fcrlichen Substanz auf Glycerin- und Wasserbasis behandelt wird, die den Pflanzensaft ersetzt.<\/p>\n<p>Italienisches Design und Forschung, kombiniert mit der Nat\u00fcrlichkeit von stabilisiertem Moos und Flechten, ergeben ein Produkt <strong>einzigartig und innovativ<\/strong>.<br \/>\nStabilisiertes Gr\u00fcn ist ein innovativer und noch seltener M\u00f6beltyp, der exklusive und individuell gestaltbare Designs erm\u00f6glicht.<br \/>\nSie macht den Raum weicher, schafft ein nat\u00fcrliches Ambiente und reduziert den Umgebungsl\u00e4rm.<\/p>\n<p><strong class=\"desc_strong\">Mit unseren Dschungelmoosbildern haben wir die M\u00f6glichkeit, Ihre Umgebung nat\u00fcrlich, elegant und vor allem einzigartig zu gestalten!<\/strong><\/p>","protected":false},"excerpt":{"rendered":"<p>Il muschio \u00e8 sempre stato simbolo di vita e freschezza, cresce spontaneamente anche nelle condizioni pi\u00f9 estreme adattandosi anche ad ambienti interni. Ecco perch\u00e9 \u00e8 un ottimo materiale per la realizzazione di pareti verdi e giardini verticali. La nostra collezione Flat &amp; Ball Moss, \u00e8 una composizione naturale di muschio a palla dei sottoboschi europei,&hellip; <a class=\"more-link\" href=\"https:\/\/mosstrend.com\/de\/shop\/quadri-in-muschi\/essenziale\/\"><span class=\"screen-reader-text\">Das Wesentliche<\/span> weiterlesen<\/a><\/p>","protected":false},"featured_media":120713,"template":"","meta":{"_acf_changed":false},"product_brand":[],"product_cat":[1137],"product_tag":[],"giftcard-category":[],"class_list":{"0":"post-17796","1":"product","2":"type-product","3":"status-publish","4":"has-post-thumbnail","6":"product_cat-quadri-in-muschi","7":"product_shipping_class-quadrati-l-fb-b","8":"pa_orientamento-orizzontale","9":"pa_orientamento-verticale","10":"entry","12":"first","13":"instock","14":"taxable","15":"shipping-taxable","16":"purchasable","17":"product-type-variable"},"acf":[],"yoast_head":"<!-- This site is optimized with the Yoast SEO plugin v27.4 - https:\/\/yoast.com\/product\/yoast-seo-wordpress\/ -->\n<title>L&#039;Essenziale - Quadro Vegetale Stabilizzato - Moss trend<\/title>\n<meta name=\"description\" content=\"L&#039;essenziale, quadro vegetale naturale di muschio a palla dei sottoboschi europei, alternato da aree di muschio piatto, elegante e non invadente\" \/>\n<meta name=\"robots\" content=\"index, follow, max-snippet:-1, max-image-preview:large, max-video-preview:-1\" \/>\n<link rel=\"canonical\" href=\"https:\/\/mosstrend.com\/de\/shop\/quadri-in-muschi\/wesentlich\/\" \/>\n<meta property=\"og:locale\" content=\"de_DE\" \/>\n<meta property=\"og:type\" content=\"article\" \/>\n<meta property=\"og:title\" content=\"L&#039;Essenziale - Quadro Vegetale Stabilizzato - Moss trend\" \/>\n<meta property=\"og:description\" content=\"L&#039;essenziale, quadro vegetale naturale di muschio a palla dei sottoboschi europei, alternato da aree di muschio piatto, elegante e non invadente\" \/>\n<meta property=\"og:url\" content=\"https:\/\/mosstrend.com\/de\/shop\/quadri-in-muschi\/wesentlich\/\" \/>\n<meta property=\"og:site_name\" content=\"Moss trend\" \/>\n<meta property=\"article:modified_time\" content=\"2025-12-04T15:14:26+00:00\" \/>\n<meta property=\"og:image\" content=\"https:\/\/mosstrend.com\/wp-content\/uploads\/2019\/05\/Essenziale.jpg\" \/>\n\t<meta property=\"og:image:width\" content=\"900\" \/>\n\t<meta property=\"og:image:height\" content=\"900\" \/>\n\t<meta property=\"og:image:type\" content=\"image\/jpeg\" \/>\n<meta name=\"twitter:card\" content=\"summary_large_image\" \/>\n<meta name=\"twitter:label1\" content=\"Gesch\u00e4tzte Lesezeit\" \/>\n\t<meta name=\"twitter:data1\" content=\"2\u00a0Minuten\" \/>\n<script type=\"application\/ld+json\" class=\"yoast-schema-graph\">{\"@context\":\"https:\\\/\\\/schema.org\",\"@graph\":[{\"@type\":\"WebPage\",\"@id\":\"https:\\\/\\\/mosstrend.com\\\/shop\\\/quadri-in-muschi\\\/essenziale\\\/\",\"url\":\"https:\\\/\\\/mosstrend.com\\\/shop\\\/quadri-in-muschi\\\/essenziale\\\/\",\"name\":\"L'Essenziale - Quadro Vegetale Stabilizzato - Moss trend\",\"isPartOf\":{\"@id\":\"https:\\\/\\\/mosstrend.com\\\/#website\"},\"primaryImageOfPage\":{\"@id\":\"https:\\\/\\\/mosstrend.com\\\/shop\\\/quadri-in-muschi\\\/essenziale\\\/#primaryimage\"},\"image\":{\"@id\":\"https:\\\/\\\/mosstrend.com\\\/shop\\\/quadri-in-muschi\\\/essenziale\\\/#primaryimage\"},\"thumbnailUrl\":\"https:\\\/\\\/mosstrend.com\\\/wp-content\\\/uploads\\\/2019\\\/05\\\/Essenziale.jpg\",\"datePublished\":\"2019-05-24T12:30:11+00:00\",\"dateModified\":\"2025-12-04T15:14:26+00:00\",\"description\":\"L'essenziale, quadro vegetale naturale di muschio a palla dei sottoboschi europei, alternato da aree di muschio piatto, elegante e non invadente\",\"breadcrumb\":{\"@id\":\"https:\\\/\\\/mosstrend.com\\\/shop\\\/quadri-in-muschi\\\/essenziale\\\/#breadcrumb\"},\"inLanguage\":\"de\",\"potentialAction\":[{\"@type\":\"ReadAction\",\"target\":[\"https:\\\/\\\/mosstrend.com\\\/shop\\\/quadri-in-muschi\\\/essenziale\\\/\"]}]},{\"@type\":\"ImageObject\",\"inLanguage\":\"de\",\"@id\":\"https:\\\/\\\/mosstrend.com\\\/shop\\\/quadri-in-muschi\\\/essenziale\\\/#primaryimage\",\"url\":\"https:\\\/\\\/mosstrend.com\\\/wp-content\\\/uploads\\\/2019\\\/05\\\/Essenziale.jpg\",\"contentUrl\":\"https:\\\/\\\/mosstrend.com\\\/wp-content\\\/uploads\\\/2019\\\/05\\\/Essenziale.jpg\",\"width\":900,\"height\":900},{\"@type\":\"BreadcrumbList\",\"@id\":\"https:\\\/\\\/mosstrend.com\\\/shop\\\/quadri-in-muschi\\\/essenziale\\\/#breadcrumb\",\"itemListElement\":[{\"@type\":\"ListItem\",\"position\":1,\"name\":\"Home\",\"item\":\"https:\\\/\\\/mosstrend.com\\\/\"},{\"@type\":\"ListItem\",\"position\":2,\"name\":\"Shop\",\"item\":\"https:\\\/\\\/mosstrend.com\\\/shop\\\/\"},{\"@type\":\"ListItem\",\"position\":3,\"name\":\"L&#8217;essenziale\"}]},{\"@type\":\"WebSite\",\"@id\":\"https:\\\/\\\/mosstrend.com\\\/#website\",\"url\":\"https:\\\/\\\/mosstrend.com\\\/\",\"name\":\"Moss trend\",\"description\":\"\",\"publisher\":{\"@id\":\"https:\\\/\\\/mosstrend.com\\\/#organization\"},\"potentialAction\":[{\"@type\":\"SearchAction\",\"target\":{\"@type\":\"EntryPoint\",\"urlTemplate\":\"https:\\\/\\\/mosstrend.com\\\/?s={search_term_string}\"},\"query-input\":{\"@type\":\"PropertyValueSpecification\",\"valueRequired\":true,\"valueName\":\"search_term_string\"}}],\"inLanguage\":\"de\"},{\"@type\":\"Organization\",\"@id\":\"https:\\\/\\\/mosstrend.com\\\/#organization\",\"name\":\"Moss trend\",\"url\":\"https:\\\/\\\/mosstrend.com\\\/\",\"logo\":{\"@type\":\"ImageObject\",\"inLanguage\":\"de\",\"@id\":\"https:\\\/\\\/mosstrend.com\\\/#\\\/schema\\\/logo\\\/image\\\/\",\"url\":\"https:\\\/\\\/mosstrend.com\\\/wp-content\\\/uploads\\\/2024\\\/03\\\/logomosstrend.png\",\"contentUrl\":\"https:\\\/\\\/mosstrend.com\\\/wp-content\\\/uploads\\\/2024\\\/03\\\/logomosstrend.png\",\"width\":1000,\"height\":349,\"caption\":\"Moss trend\"},\"image\":{\"@id\":\"https:\\\/\\\/mosstrend.com\\\/#\\\/schema\\\/logo\\\/image\\\/\"}}]}<\/script>\n<!-- \/ Yoast SEO plugin. -->","yoast_head_json":{"title":"L'Essenziale - Stabilisiertes Pflanzliches Ger\u00fcst - Moos Trend","description":"Das essentielle, nat\u00fcrliche Pflanzenger\u00fcst aus Kugelmoos aus europ\u00e4ischem Unterholz, abwechselnd mit Fl\u00e4chen aus flachem, elegantem und unauff\u00e4lligem Moos","robots":{"index":"index","follow":"follow","max-snippet":"max-snippet:-1","max-image-preview":"max-image-preview:large","max-video-preview":"max-video-preview:-1"},"canonical":"https:\/\/mosstrend.com\/de\/shop\/quadri-in-muschi\/wesentlich\/","og_locale":"de_DE","og_type":"article","og_title":"L'Essenziale - Quadro Vegetale Stabilizzato - Moss trend","og_description":"L'essenziale, quadro vegetale naturale di muschio a palla dei sottoboschi europei, alternato da aree di muschio piatto, elegante e non invadente","og_url":"https:\/\/mosstrend.com\/de\/shop\/quadri-in-muschi\/wesentlich\/","og_site_name":"Moss trend","article_modified_time":"2025-12-04T15:14:26+00:00","og_image":[{"width":900,"height":900,"url":"https:\/\/mosstrend.com\/wp-content\/uploads\/2019\/05\/Essenziale.jpg","type":"image\/jpeg"}],"twitter_card":"summary_large_image","twitter_misc":{"Gesch\u00e4tzte Lesezeit":"2\u00a0Minuten"},"schema":{"@context":"https:\/\/schema.org","@graph":[{"@type":"WebPage","@id":"https:\/\/mosstrend.com\/shop\/quadri-in-muschi\/essenziale\/","url":"https:\/\/mosstrend.com\/shop\/quadri-in-muschi\/essenziale\/","name":"L'Essenziale - Stabilisiertes Pflanzliches Ger\u00fcst - Moos Trend","isPartOf":{"@id":"https:\/\/mosstrend.com\/#website"},"primaryImageOfPage":{"@id":"https:\/\/mosstrend.com\/shop\/quadri-in-muschi\/essenziale\/#primaryimage"},"image":{"@id":"https:\/\/mosstrend.com\/shop\/quadri-in-muschi\/essenziale\/#primaryimage"},"thumbnailUrl":"https:\/\/mosstrend.com\/wp-content\/uploads\/2019\/05\/Essenziale.jpg","datePublished":"2019-05-24T12:30:11+00:00","dateModified":"2025-12-04T15:14:26+00:00","description":"Das essentielle, nat\u00fcrliche Pflanzenger\u00fcst aus Kugelmoos aus europ\u00e4ischem Unterholz, abwechselnd mit Fl\u00e4chen aus flachem, elegantem und unauff\u00e4lligem Moos","breadcrumb":{"@id":"https:\/\/mosstrend.com\/shop\/quadri-in-muschi\/essenziale\/#breadcrumb"},"inLanguage":"de","potentialAction":[{"@type":"ReadAction","target":["https:\/\/mosstrend.com\/shop\/quadri-in-muschi\/essenziale\/"]}]},{"@type":"ImageObject","inLanguage":"de","@id":"https:\/\/mosstrend.com\/shop\/quadri-in-muschi\/essenziale\/#primaryimage","url":"https:\/\/mosstrend.com\/wp-content\/uploads\/2019\/05\/Essenziale.jpg","contentUrl":"https:\/\/mosstrend.com\/wp-content\/uploads\/2019\/05\/Essenziale.jpg","width":900,"height":900},{"@type":"BreadcrumbList","@id":"https:\/\/mosstrend.com\/shop\/quadri-in-muschi\/essenziale\/#breadcrumb","itemListElement":[{"@type":"ListItem","position":1,"name":"Home","item":"https:\/\/mosstrend.com\/"},{"@type":"ListItem","position":2,"name":"Shop","item":"https:\/\/mosstrend.com\/shop\/"},{"@type":"ListItem","position":3,"name":"L&#8217;essenziale"}]},{"@type":"WebSite","@id":"https:\/\/mosstrend.com\/#website","url":"https:\/\/mosstrend.com\/","name":"Moos Trend","description":"","publisher":{"@id":"https:\/\/mosstrend.com\/#organization"},"potentialAction":[{"@type":"SearchAction","target":{"@type":"EntryPoint","urlTemplate":"https:\/\/mosstrend.com\/?s={search_term_string}"},"query-input":{"@type":"PropertyValueSpecification","valueRequired":true,"valueName":"search_term_string"}}],"inLanguage":"de"},{"@type":"Organization","@id":"https:\/\/mosstrend.com\/#organization","name":"Moos Trend","url":"https:\/\/mosstrend.com\/","logo":{"@type":"ImageObject","inLanguage":"de","@id":"https:\/\/mosstrend.com\/#\/schema\/logo\/image\/","url":"https:\/\/mosstrend.com\/wp-content\/uploads\/2024\/03\/logomosstrend.png","contentUrl":"https:\/\/mosstrend.com\/wp-content\/uploads\/2024\/03\/logomosstrend.png","width":1000,"height":349,"caption":"Moss trend"},"image":{"@id":"https:\/\/mosstrend.com\/#\/schema\/logo\/image\/"}}]}},"_links":{"self":[{"href":"https:\/\/mosstrend.com\/de\/wp-json\/wp\/v2\/product\/17796","targetHints":{"allow":["GET"]}}],"collection":[{"href":"https:\/\/mosstrend.com\/de\/wp-json\/wp\/v2\/product"}],"about":[{"href":"https:\/\/mosstrend.com\/de\/wp-json\/wp\/v2\/types\/product"}],"wp:featuredmedia":[{"embeddable":true,"href":"https:\/\/mosstrend.com\/de\/wp-json\/wp\/v2\/media\/120713"}],"wp:attachment":[{"href":"https:\/\/mosstrend.com\/de\/wp-json\/wp\/v2\/media?parent=17796"}],"wp:term":[{"taxonomy":"product_brand","embeddable":true,"href":"https:\/\/mosstrend.com\/de\/wp-json\/wp\/v2\/product_brand?post=17796"},{"taxonomy":"product_cat","embeddable":true,"href":"https:\/\/mosstrend.com\/de\/wp-json\/wp\/v2\/product_cat?post=17796"},{"taxonomy":"product_tag","embeddable":true,"href":"https:\/\/mosstrend.com\/de\/wp-json\/wp\/v2\/product_tag?post=17796"},{"taxonomy":"giftcard-category","embeddable":true,"href":"https:\/\/mosstrend.com\/de\/wp-json\/wp\/v2\/giftcard-category?post=17796"}],"curies":[{"name":"wp","href":"https:\/\/api.w.org\/{rel}","templated":true}]}}