{"id":17829,"date":"2019-05-24T14:30:44","date_gmt":"2019-05-24T12:30:44","guid":{"rendered":"https:\/\/mosstrend.com\/product\/import-placeholder-for-2208\/"},"modified":"2025-12-04T16:13:30","modified_gmt":"2025-12-04T15:13:30","slug":"verdemusky","status":"publish","type":"product","link":"https:\/\/mosstrend.com\/de\/shop\/quadri-in-muschi\/verdemuschio\/","title":{"rendered":"Der Verdebosco"},"content":{"rendered":"<p>Die <strong>Flechte <\/strong>war schon immer ein Symbol f\u00fcr <strong>Leben und Frische<\/strong>Sie w\u00e4chst selbst unter extremsten Bedingungen spontan und passt sich an Innenr\u00e4ume an.<br \/>\nDeshalb ist sie ein hervorragendes Material f\u00fcr die Gestaltung von gr\u00fcnen W\u00e4nden und vertikalen G\u00e4rten. Unsere Bilderkollektion mit stabilisierten nat\u00fcrlichen Flechten, die in zwei verschiedenen Gr\u00fcnt\u00f6nen (Lime und Moss) erh\u00e4ltlich ist, verleiht R\u00e4umen einen frischen Touch und absorbiert Raumger\u00e4usche (bek\u00e4mpft die L\u00e4rmbel\u00e4stigung), wobei sie sich \u00fcber viele Jahre selbst erh\u00e4lt, ohne dass Wasser, Erde oder andere N\u00e4hrstoffe ben\u00f6tigt werden.<\/p>\n<p>Alles stabilisierte Gr\u00fcn ist <strong>100% natur<\/strong> und bleibt \u00fcber Jahre hinweg so sch\u00f6n, weil es mit einer nat\u00fcrlichen Substanz auf Glycerin- und Wasserbasis behandelt wird, die den Pflanzensaft ersetzt. Alle stabilisierten Produkte <strong>sind im Laufe der Zeit perfekt erhalten<\/strong> und erfordern keine besondere Aufmerksamkeit, da sie nicht gegossen werden m\u00fcssen.<\/p>\n<p><strong>Italienisches Design und Forschung<\/strong>in Kombination mit der Nat\u00fcrlichkeit von stabilisiertem Moos und Flechten ergeben ein einzigartiges und innovatives Produkt.<br \/>\nStabilisiertes Gr\u00fcn ist ein innovativer und noch seltener M\u00f6beltyp, der exklusive und individuell gestaltbare Designs erm\u00f6glicht.<br \/>\n<strong>Macht den Raum weicher<\/strong> und schafft eine nat\u00fcrliche Umgebung und reduziert den Umgebungsl\u00e4rm.<\/p>","protected":false},"excerpt":{"rendered":"<p>Il Lichene \u00e8 sempre stato simbolo di vita e freschezza, cresce spontaneamente anche nelle condizioni pi\u00f9 estreme adattandosi anche ad ambienti interni. Ecco perch\u00e9 \u00e8 un ottimo materiale per la realizzazione di pareti verdi e giardini verticali. La nostra collezione di quadri con Lichene naturale stabilizzato, disponibile in due differenti colorazioni di verde (Lime e&hellip; <a class=\"more-link\" href=\"https:\/\/mosstrend.com\/de\/shop\/quadri-in-muschi\/verdemuschio\/\"><span class=\"screen-reader-text\">Der Verdebosco<\/span> weiterlesen<\/a><\/p>","protected":false},"featured_media":123118,"template":"","meta":{"_acf_changed":false},"product_brand":[],"product_cat":[1137],"product_tag":[],"giftcard-category":[],"class_list":{"0":"post-17829","1":"product","2":"type-product","3":"status-publish","4":"has-post-thumbnail","6":"product_cat-quadri-in-muschi","7":"product_shipping_class-quadrati-l-fb-b","8":"pa_orientamento-orizzontale","9":"pa_orientamento-verticale","10":"entry","12":"first","13":"instock","14":"taxable","15":"shipping-taxable","16":"purchasable","17":"product-type-variable"},"acf":[],"yoast_head":"<!-- This site is optimized with the Yoast SEO plugin v27.2 - https:\/\/yoast.com\/product\/yoast-seo-wordpress\/ -->\n<title>Il Verdemuschio - Quadro Vegetale Stabilizzato - Moss trend<\/title>\n<meta name=\"description\" content=\"Quadro vegetale con muschi 100% naturali a manutenzione zero, formano una composizione unica ed affascinante, porta la natura a casa tua\" \/>\n<meta name=\"robots\" content=\"index, follow, max-snippet:-1, max-image-preview:large, max-video-preview:-1\" \/>\n<link rel=\"canonical\" href=\"https:\/\/mosstrend.com\/de\/shop\/quadri-in-muschi\/verdemusky\/\" \/>\n<meta property=\"og:locale\" content=\"de_DE\" \/>\n<meta property=\"og:type\" content=\"article\" \/>\n<meta property=\"og:title\" content=\"Il Verdemuschio - Quadro Vegetale Stabilizzato - Moss trend\" \/>\n<meta property=\"og:description\" content=\"Quadro vegetale con muschi 100% naturali a manutenzione zero, formano una composizione unica ed affascinante, porta la natura a casa tua\" \/>\n<meta property=\"og:url\" content=\"https:\/\/mosstrend.com\/de\/shop\/quadri-in-muschi\/verdemusky\/\" \/>\n<meta property=\"og:site_name\" content=\"Moss trend\" \/>\n<meta property=\"article:modified_time\" content=\"2025-12-04T15:13:30+00:00\" \/>\n<meta property=\"og:image\" content=\"https:\/\/mosstrend.com\/wp-content\/uploads\/2019\/05\/Verdemuschio-1.jpg\" \/>\n\t<meta property=\"og:image:width\" content=\"900\" \/>\n\t<meta property=\"og:image:height\" content=\"900\" \/>\n\t<meta property=\"og:image:type\" content=\"image\/jpeg\" \/>\n<meta name=\"twitter:card\" content=\"summary_large_image\" \/>\n<meta name=\"twitter:label1\" content=\"Gesch\u00e4tzte Lesezeit\" \/>\n\t<meta name=\"twitter:data1\" content=\"2\u00a0Minuten\" \/>\n<script type=\"application\/ld+json\" class=\"yoast-schema-graph\">{\"@context\":\"https:\/\/schema.org\",\"@graph\":[{\"@type\":\"WebPage\",\"@id\":\"https:\/\/mosstrend.com\/shop\/quadri-in-muschi\/verdemuschio\/\",\"url\":\"https:\/\/mosstrend.com\/shop\/quadri-in-muschi\/verdemuschio\/\",\"name\":\"Il Verdemuschio - Quadro Vegetale Stabilizzato - Moss trend\",\"isPartOf\":{\"@id\":\"https:\/\/mosstrend.com\/#website\"},\"primaryImageOfPage\":{\"@id\":\"https:\/\/mosstrend.com\/shop\/quadri-in-muschi\/verdemuschio\/#primaryimage\"},\"image\":{\"@id\":\"https:\/\/mosstrend.com\/shop\/quadri-in-muschi\/verdemuschio\/#primaryimage\"},\"thumbnailUrl\":\"https:\/\/mosstrend.com\/wp-content\/uploads\/2019\/05\/Verdemuschio-1.jpg\",\"datePublished\":\"2019-05-24T12:30:44+00:00\",\"dateModified\":\"2025-12-04T15:13:30+00:00\",\"description\":\"Quadro vegetale con muschi 100% naturali a manutenzione zero, formano una composizione unica ed affascinante, porta la natura a casa tua\",\"breadcrumb\":{\"@id\":\"https:\/\/mosstrend.com\/shop\/quadri-in-muschi\/verdemuschio\/#breadcrumb\"},\"inLanguage\":\"de\",\"potentialAction\":[{\"@type\":\"ReadAction\",\"target\":[\"https:\/\/mosstrend.com\/shop\/quadri-in-muschi\/verdemuschio\/\"]}]},{\"@type\":\"ImageObject\",\"inLanguage\":\"de\",\"@id\":\"https:\/\/mosstrend.com\/shop\/quadri-in-muschi\/verdemuschio\/#primaryimage\",\"url\":\"https:\/\/mosstrend.com\/wp-content\/uploads\/2019\/05\/Verdemuschio-1.jpg\",\"contentUrl\":\"https:\/\/mosstrend.com\/wp-content\/uploads\/2019\/05\/Verdemuschio-1.jpg\",\"width\":900,\"height\":900},{\"@type\":\"BreadcrumbList\",\"@id\":\"https:\/\/mosstrend.com\/shop\/quadri-in-muschi\/verdemuschio\/#breadcrumb\",\"itemListElement\":[{\"@type\":\"ListItem\",\"position\":1,\"name\":\"Home\",\"item\":\"https:\/\/mosstrend.com\/\"},{\"@type\":\"ListItem\",\"position\":2,\"name\":\"Shop\",\"item\":\"https:\/\/mosstrend.com\/shop\/\"},{\"@type\":\"ListItem\",\"position\":3,\"name\":\"Il Verdebosco\"}]},{\"@type\":\"WebSite\",\"@id\":\"https:\/\/mosstrend.com\/#website\",\"url\":\"https:\/\/mosstrend.com\/\",\"name\":\"Moss trend\",\"description\":\"\",\"publisher\":{\"@id\":\"https:\/\/mosstrend.com\/#organization\"},\"potentialAction\":[{\"@type\":\"SearchAction\",\"target\":{\"@type\":\"EntryPoint\",\"urlTemplate\":\"https:\/\/mosstrend.com\/?s={search_term_string}\"},\"query-input\":{\"@type\":\"PropertyValueSpecification\",\"valueRequired\":true,\"valueName\":\"search_term_string\"}}],\"inLanguage\":\"de\"},{\"@type\":\"Organization\",\"@id\":\"https:\/\/mosstrend.com\/#organization\",\"name\":\"Moss trend\",\"url\":\"https:\/\/mosstrend.com\/\",\"logo\":{\"@type\":\"ImageObject\",\"inLanguage\":\"de\",\"@id\":\"https:\/\/mosstrend.com\/#\/schema\/logo\/image\/\",\"url\":\"https:\/\/mosstrend.com\/wp-content\/uploads\/2024\/03\/logomosstrend.png\",\"contentUrl\":\"https:\/\/mosstrend.com\/wp-content\/uploads\/2024\/03\/logomosstrend.png\",\"width\":1000,\"height\":349,\"caption\":\"Moss trend\"},\"image\":{\"@id\":\"https:\/\/mosstrend.com\/#\/schema\/logo\/image\/\"}}]}<\/script>\n<!-- \/ Yoast SEO plugin. -->","yoast_head_json":{"title":"Verdemuschio - Stabilisiertes Gem\u00fcseger\u00fcst - Moos Trend","description":"Pflanzenmalerei mit nat\u00fcrlichen, pflegeleichten Moosen 100% bilden eine einzigartige und faszinierende Komposition, bringen Sie die Natur in Ihr Zuhause","robots":{"index":"index","follow":"follow","max-snippet":"max-snippet:-1","max-image-preview":"max-image-preview:large","max-video-preview":"max-video-preview:-1"},"canonical":"https:\/\/mosstrend.com\/de\/shop\/quadri-in-muschi\/verdemusky\/","og_locale":"de_DE","og_type":"article","og_title":"Il Verdemuschio - Quadro Vegetale Stabilizzato - Moss trend","og_description":"Quadro vegetale con muschi 100% naturali a manutenzione zero, formano una composizione unica ed affascinante, porta la natura a casa tua","og_url":"https:\/\/mosstrend.com\/de\/shop\/quadri-in-muschi\/verdemusky\/","og_site_name":"Moss trend","article_modified_time":"2025-12-04T15:13:30+00:00","og_image":[{"width":900,"height":900,"url":"https:\/\/mosstrend.com\/wp-content\/uploads\/2019\/05\/Verdemuschio-1.jpg","type":"image\/jpeg"}],"twitter_card":"summary_large_image","twitter_misc":{"Gesch\u00e4tzte Lesezeit":"2\u00a0Minuten"},"schema":{"@context":"https:\/\/schema.org","@graph":[{"@type":"WebPage","@id":"https:\/\/mosstrend.com\/shop\/quadri-in-muschi\/verdemuschio\/","url":"https:\/\/mosstrend.com\/shop\/quadri-in-muschi\/verdemuschio\/","name":"Verdemuschio - Stabilisiertes Gem\u00fcseger\u00fcst - Moos Trend","isPartOf":{"@id":"https:\/\/mosstrend.com\/#website"},"primaryImageOfPage":{"@id":"https:\/\/mosstrend.com\/shop\/quadri-in-muschi\/verdemuschio\/#primaryimage"},"image":{"@id":"https:\/\/mosstrend.com\/shop\/quadri-in-muschi\/verdemuschio\/#primaryimage"},"thumbnailUrl":"https:\/\/mosstrend.com\/wp-content\/uploads\/2019\/05\/Verdemuschio-1.jpg","datePublished":"2019-05-24T12:30:44+00:00","dateModified":"2025-12-04T15:13:30+00:00","description":"Pflanzenmalerei mit nat\u00fcrlichen, pflegeleichten Moosen 100% bilden eine einzigartige und faszinierende Komposition, bringen Sie die Natur in Ihr Zuhause","breadcrumb":{"@id":"https:\/\/mosstrend.com\/shop\/quadri-in-muschi\/verdemuschio\/#breadcrumb"},"inLanguage":"de","potentialAction":[{"@type":"ReadAction","target":["https:\/\/mosstrend.com\/shop\/quadri-in-muschi\/verdemuschio\/"]}]},{"@type":"ImageObject","inLanguage":"de","@id":"https:\/\/mosstrend.com\/shop\/quadri-in-muschi\/verdemuschio\/#primaryimage","url":"https:\/\/mosstrend.com\/wp-content\/uploads\/2019\/05\/Verdemuschio-1.jpg","contentUrl":"https:\/\/mosstrend.com\/wp-content\/uploads\/2019\/05\/Verdemuschio-1.jpg","width":900,"height":900},{"@type":"BreadcrumbList","@id":"https:\/\/mosstrend.com\/shop\/quadri-in-muschi\/verdemuschio\/#breadcrumb","itemListElement":[{"@type":"ListItem","position":1,"name":"Home","item":"https:\/\/mosstrend.com\/"},{"@type":"ListItem","position":2,"name":"Shop","item":"https:\/\/mosstrend.com\/shop\/"},{"@type":"ListItem","position":3,"name":"Il Verdebosco"}]},{"@type":"WebSite","@id":"https:\/\/mosstrend.com\/#website","url":"https:\/\/mosstrend.com\/","name":"Moos Trend","description":"","publisher":{"@id":"https:\/\/mosstrend.com\/#organization"},"potentialAction":[{"@type":"SearchAction","target":{"@type":"EntryPoint","urlTemplate":"https:\/\/mosstrend.com\/?s={search_term_string}"},"query-input":{"@type":"PropertyValueSpecification","valueRequired":true,"valueName":"search_term_string"}}],"inLanguage":"de"},{"@type":"Organization","@id":"https:\/\/mosstrend.com\/#organization","name":"Moos Trend","url":"https:\/\/mosstrend.com\/","logo":{"@type":"ImageObject","inLanguage":"de","@id":"https:\/\/mosstrend.com\/#\/schema\/logo\/image\/","url":"https:\/\/mosstrend.com\/wp-content\/uploads\/2024\/03\/logomosstrend.png","contentUrl":"https:\/\/mosstrend.com\/wp-content\/uploads\/2024\/03\/logomosstrend.png","width":1000,"height":349,"caption":"Moss trend"},"image":{"@id":"https:\/\/mosstrend.com\/#\/schema\/logo\/image\/"}}]}},"_links":{"self":[{"href":"https:\/\/mosstrend.com\/de\/wp-json\/wp\/v2\/product\/17829","targetHints":{"allow":["GET"]}}],"collection":[{"href":"https:\/\/mosstrend.com\/de\/wp-json\/wp\/v2\/product"}],"about":[{"href":"https:\/\/mosstrend.com\/de\/wp-json\/wp\/v2\/types\/product"}],"wp:featuredmedia":[{"embeddable":true,"href":"https:\/\/mosstrend.com\/de\/wp-json\/wp\/v2\/media\/123118"}],"wp:attachment":[{"href":"https:\/\/mosstrend.com\/de\/wp-json\/wp\/v2\/media?parent=17829"}],"wp:term":[{"taxonomy":"product_brand","embeddable":true,"href":"https:\/\/mosstrend.com\/de\/wp-json\/wp\/v2\/product_brand?post=17829"},{"taxonomy":"product_cat","embeddable":true,"href":"https:\/\/mosstrend.com\/de\/wp-json\/wp\/v2\/product_cat?post=17829"},{"taxonomy":"product_tag","embeddable":true,"href":"https:\/\/mosstrend.com\/de\/wp-json\/wp\/v2\/product_tag?post=17829"},{"taxonomy":"giftcard-category","embeddable":true,"href":"https:\/\/mosstrend.com\/de\/wp-json\/wp\/v2\/giftcard-category?post=17829"}],"curies":[{"name":"wp","href":"https:\/\/api.w.org\/{rel}","templated":true}]}}