{"id":18327,"date":"2019-06-04T05:24:49","date_gmt":"2019-06-04T03:24:49","guid":{"rendered":"https:\/\/mosstrend.com\/?post_type=product&#038;p=18327"},"modified":"2025-11-04T17:38:13","modified_gmt":"2025-11-04T16:38:13","slug":"schaukelpferd","status":"publish","type":"product","link":"https:\/\/mosstrend.com\/de\/shop\/pezzi-iconici\/cavallo-a-dondolo\/","title":{"rendered":"Die Schaukel"},"content":{"rendered":"<p>Rocking Horse, die erste schallabsorbierende 3D-Skulptur aus v\u00f6llig nat\u00fcrlichen nordischen Flechten, Struktur aus hochdichtem Schaumstoff und mit Polymerharz-Effekt \u00fcberzogen, ziegelfarben.<\/p>\n<p>Nat\u00fcrliche stabilisierte \"Natur\"-Flechte f\u00fcr einen eleganten und raffinierten Farbkontrast<\/p>","protected":false},"excerpt":{"rendered":"<p>Die erste schallschluckende 3D-Skulptur aus wartungsfreiem stabilisiertem Kugelmoos.<\/p>","protected":false},"featured_media":121439,"template":"","meta":{"_acf_changed":false},"product_brand":[],"product_cat":[1139],"product_tag":[],"giftcard-category":[],"class_list":{"0":"post-18327","1":"product","2":"type-product","3":"status-publish","4":"has-post-thumbnail","6":"product_cat-pezzi-iconici","7":"pa_orientamento-orizzontale","8":"pa_orientamento-verticale","9":"entry","11":"first","12":"instock","13":"taxable","14":"shipping-taxable","15":"purchasable","16":"product-type-simple"},"acf":[],"yoast_head":"<!-- This site is optimized with the Yoast SEO plugin v27.4 - https:\/\/yoast.com\/product\/yoast-seo-wordpress\/ -->\n<title>Il Dondolo - Moss trend<\/title>\n<meta name=\"robots\" content=\"index, follow, max-snippet:-1, max-image-preview:large, max-video-preview:-1\" \/>\n<link rel=\"canonical\" href=\"https:\/\/mosstrend.com\/de\/shop\/pezzi-iconici\/schaukelpferd\/\" \/>\n<meta property=\"og:locale\" content=\"de_DE\" \/>\n<meta property=\"og:type\" content=\"article\" \/>\n<meta property=\"og:title\" content=\"Il Dondolo - Moss trend\" \/>\n<meta property=\"og:description\" content=\"La prima scultura 3d fonoassorbente, realizzata con muschio a palle stabilizzato a manutenzione zero.\" \/>\n<meta property=\"og:url\" content=\"https:\/\/mosstrend.com\/de\/shop\/pezzi-iconici\/schaukelpferd\/\" \/>\n<meta property=\"og:site_name\" content=\"Moss trend\" \/>\n<meta property=\"article:modified_time\" content=\"2025-11-04T16:38:13+00:00\" \/>\n<meta property=\"og:image\" content=\"https:\/\/mosstrend.com\/wp-content\/uploads\/2019\/06\/dondolo1.jpg\" \/>\n\t<meta property=\"og:image:width\" content=\"900\" \/>\n\t<meta property=\"og:image:height\" content=\"900\" \/>\n\t<meta property=\"og:image:type\" content=\"image\/jpeg\" \/>\n<meta name=\"twitter:card\" content=\"summary_large_image\" \/>\n<meta name=\"twitter:label1\" content=\"Gesch\u00e4tzte Lesezeit\" \/>\n\t<meta name=\"twitter:data1\" content=\"1\u00a0Minute\" \/>\n<script type=\"application\/ld+json\" class=\"yoast-schema-graph\">{\"@context\":\"https:\\\/\\\/schema.org\",\"@graph\":[{\"@type\":\"WebPage\",\"@id\":\"https:\\\/\\\/mosstrend.com\\\/shop\\\/pezzi-iconici\\\/cavallo-a-dondolo\\\/\",\"url\":\"https:\\\/\\\/mosstrend.com\\\/shop\\\/pezzi-iconici\\\/cavallo-a-dondolo\\\/\",\"name\":\"Il Dondolo - Moss trend\",\"isPartOf\":{\"@id\":\"https:\\\/\\\/mosstrend.com\\\/#website\"},\"primaryImageOfPage\":{\"@id\":\"https:\\\/\\\/mosstrend.com\\\/shop\\\/pezzi-iconici\\\/cavallo-a-dondolo\\\/#primaryimage\"},\"image\":{\"@id\":\"https:\\\/\\\/mosstrend.com\\\/shop\\\/pezzi-iconici\\\/cavallo-a-dondolo\\\/#primaryimage\"},\"thumbnailUrl\":\"https:\\\/\\\/mosstrend.com\\\/wp-content\\\/uploads\\\/2019\\\/06\\\/dondolo1.jpg\",\"datePublished\":\"2019-06-04T03:24:49+00:00\",\"dateModified\":\"2025-11-04T16:38:13+00:00\",\"breadcrumb\":{\"@id\":\"https:\\\/\\\/mosstrend.com\\\/shop\\\/pezzi-iconici\\\/cavallo-a-dondolo\\\/#breadcrumb\"},\"inLanguage\":\"de\",\"potentialAction\":[{\"@type\":\"ReadAction\",\"target\":[\"https:\\\/\\\/mosstrend.com\\\/shop\\\/pezzi-iconici\\\/cavallo-a-dondolo\\\/\"]}]},{\"@type\":\"ImageObject\",\"inLanguage\":\"de\",\"@id\":\"https:\\\/\\\/mosstrend.com\\\/shop\\\/pezzi-iconici\\\/cavallo-a-dondolo\\\/#primaryimage\",\"url\":\"https:\\\/\\\/mosstrend.com\\\/wp-content\\\/uploads\\\/2019\\\/06\\\/dondolo1.jpg\",\"contentUrl\":\"https:\\\/\\\/mosstrend.com\\\/wp-content\\\/uploads\\\/2019\\\/06\\\/dondolo1.jpg\",\"width\":900,\"height\":900},{\"@type\":\"BreadcrumbList\",\"@id\":\"https:\\\/\\\/mosstrend.com\\\/shop\\\/pezzi-iconici\\\/cavallo-a-dondolo\\\/#breadcrumb\",\"itemListElement\":[{\"@type\":\"ListItem\",\"position\":1,\"name\":\"Home\",\"item\":\"https:\\\/\\\/mosstrend.com\\\/\"},{\"@type\":\"ListItem\",\"position\":2,\"name\":\"Shop\",\"item\":\"https:\\\/\\\/mosstrend.com\\\/shop\\\/\"},{\"@type\":\"ListItem\",\"position\":3,\"name\":\"Il Dondolo\"}]},{\"@type\":\"WebSite\",\"@id\":\"https:\\\/\\\/mosstrend.com\\\/#website\",\"url\":\"https:\\\/\\\/mosstrend.com\\\/\",\"name\":\"Moss trend\",\"description\":\"\",\"publisher\":{\"@id\":\"https:\\\/\\\/mosstrend.com\\\/#organization\"},\"potentialAction\":[{\"@type\":\"SearchAction\",\"target\":{\"@type\":\"EntryPoint\",\"urlTemplate\":\"https:\\\/\\\/mosstrend.com\\\/?s={search_term_string}\"},\"query-input\":{\"@type\":\"PropertyValueSpecification\",\"valueRequired\":true,\"valueName\":\"search_term_string\"}}],\"inLanguage\":\"de\"},{\"@type\":\"Organization\",\"@id\":\"https:\\\/\\\/mosstrend.com\\\/#organization\",\"name\":\"Moss trend\",\"url\":\"https:\\\/\\\/mosstrend.com\\\/\",\"logo\":{\"@type\":\"ImageObject\",\"inLanguage\":\"de\",\"@id\":\"https:\\\/\\\/mosstrend.com\\\/#\\\/schema\\\/logo\\\/image\\\/\",\"url\":\"https:\\\/\\\/mosstrend.com\\\/wp-content\\\/uploads\\\/2024\\\/03\\\/logomosstrend.png\",\"contentUrl\":\"https:\\\/\\\/mosstrend.com\\\/wp-content\\\/uploads\\\/2024\\\/03\\\/logomosstrend.png\",\"width\":1000,\"height\":349,\"caption\":\"Moss trend\"},\"image\":{\"@id\":\"https:\\\/\\\/mosstrend.com\\\/#\\\/schema\\\/logo\\\/image\\\/\"}}]}<\/script>\n<!-- \/ Yoast SEO plugin. -->","yoast_head_json":{"title":"Die Schaukel - Moos-Trend","robots":{"index":"index","follow":"follow","max-snippet":"max-snippet:-1","max-image-preview":"max-image-preview:large","max-video-preview":"max-video-preview:-1"},"canonical":"https:\/\/mosstrend.com\/de\/shop\/pezzi-iconici\/schaukelpferd\/","og_locale":"de_DE","og_type":"article","og_title":"Il Dondolo - Moss trend","og_description":"La prima scultura 3d fonoassorbente, realizzata con muschio a palle stabilizzato a manutenzione zero.","og_url":"https:\/\/mosstrend.com\/de\/shop\/pezzi-iconici\/schaukelpferd\/","og_site_name":"Moss trend","article_modified_time":"2025-11-04T16:38:13+00:00","og_image":[{"width":900,"height":900,"url":"https:\/\/mosstrend.com\/wp-content\/uploads\/2019\/06\/dondolo1.jpg","type":"image\/jpeg"}],"twitter_card":"summary_large_image","twitter_misc":{"Gesch\u00e4tzte Lesezeit":"1\u00a0Minute"},"schema":{"@context":"https:\/\/schema.org","@graph":[{"@type":"WebPage","@id":"https:\/\/mosstrend.com\/shop\/pezzi-iconici\/cavallo-a-dondolo\/","url":"https:\/\/mosstrend.com\/shop\/pezzi-iconici\/cavallo-a-dondolo\/","name":"Die Schaukel - Moos-Trend","isPartOf":{"@id":"https:\/\/mosstrend.com\/#website"},"primaryImageOfPage":{"@id":"https:\/\/mosstrend.com\/shop\/pezzi-iconici\/cavallo-a-dondolo\/#primaryimage"},"image":{"@id":"https:\/\/mosstrend.com\/shop\/pezzi-iconici\/cavallo-a-dondolo\/#primaryimage"},"thumbnailUrl":"https:\/\/mosstrend.com\/wp-content\/uploads\/2019\/06\/dondolo1.jpg","datePublished":"2019-06-04T03:24:49+00:00","dateModified":"2025-11-04T16:38:13+00:00","breadcrumb":{"@id":"https:\/\/mosstrend.com\/shop\/pezzi-iconici\/cavallo-a-dondolo\/#breadcrumb"},"inLanguage":"de","potentialAction":[{"@type":"ReadAction","target":["https:\/\/mosstrend.com\/shop\/pezzi-iconici\/cavallo-a-dondolo\/"]}]},{"@type":"ImageObject","inLanguage":"de","@id":"https:\/\/mosstrend.com\/shop\/pezzi-iconici\/cavallo-a-dondolo\/#primaryimage","url":"https:\/\/mosstrend.com\/wp-content\/uploads\/2019\/06\/dondolo1.jpg","contentUrl":"https:\/\/mosstrend.com\/wp-content\/uploads\/2019\/06\/dondolo1.jpg","width":900,"height":900},{"@type":"BreadcrumbList","@id":"https:\/\/mosstrend.com\/shop\/pezzi-iconici\/cavallo-a-dondolo\/#breadcrumb","itemListElement":[{"@type":"ListItem","position":1,"name":"Home","item":"https:\/\/mosstrend.com\/"},{"@type":"ListItem","position":2,"name":"Shop","item":"https:\/\/mosstrend.com\/shop\/"},{"@type":"ListItem","position":3,"name":"Il Dondolo"}]},{"@type":"WebSite","@id":"https:\/\/mosstrend.com\/#website","url":"https:\/\/mosstrend.com\/","name":"Moos Trend","description":"","publisher":{"@id":"https:\/\/mosstrend.com\/#organization"},"potentialAction":[{"@type":"SearchAction","target":{"@type":"EntryPoint","urlTemplate":"https:\/\/mosstrend.com\/?s={search_term_string}"},"query-input":{"@type":"PropertyValueSpecification","valueRequired":true,"valueName":"search_term_string"}}],"inLanguage":"de"},{"@type":"Organization","@id":"https:\/\/mosstrend.com\/#organization","name":"Moos Trend","url":"https:\/\/mosstrend.com\/","logo":{"@type":"ImageObject","inLanguage":"de","@id":"https:\/\/mosstrend.com\/#\/schema\/logo\/image\/","url":"https:\/\/mosstrend.com\/wp-content\/uploads\/2024\/03\/logomosstrend.png","contentUrl":"https:\/\/mosstrend.com\/wp-content\/uploads\/2024\/03\/logomosstrend.png","width":1000,"height":349,"caption":"Moss trend"},"image":{"@id":"https:\/\/mosstrend.com\/#\/schema\/logo\/image\/"}}]}},"_links":{"self":[{"href":"https:\/\/mosstrend.com\/de\/wp-json\/wp\/v2\/product\/18327","targetHints":{"allow":["GET"]}}],"collection":[{"href":"https:\/\/mosstrend.com\/de\/wp-json\/wp\/v2\/product"}],"about":[{"href":"https:\/\/mosstrend.com\/de\/wp-json\/wp\/v2\/types\/product"}],"wp:featuredmedia":[{"embeddable":true,"href":"https:\/\/mosstrend.com\/de\/wp-json\/wp\/v2\/media\/121439"}],"wp:attachment":[{"href":"https:\/\/mosstrend.com\/de\/wp-json\/wp\/v2\/media?parent=18327"}],"wp:term":[{"taxonomy":"product_brand","embeddable":true,"href":"https:\/\/mosstrend.com\/de\/wp-json\/wp\/v2\/product_brand?post=18327"},{"taxonomy":"product_cat","embeddable":true,"href":"https:\/\/mosstrend.com\/de\/wp-json\/wp\/v2\/product_cat?post=18327"},{"taxonomy":"product_tag","embeddable":true,"href":"https:\/\/mosstrend.com\/de\/wp-json\/wp\/v2\/product_tag?post=18327"},{"taxonomy":"giftcard-category","embeddable":true,"href":"https:\/\/mosstrend.com\/de\/wp-json\/wp\/v2\/giftcard-category?post=18327"}],"curies":[{"name":"wp","href":"https:\/\/api.w.org\/{rel}","templated":true}]}}