{"id":20067,"date":"2019-07-10T13:00:40","date_gmt":"2019-07-10T11:00:40","guid":{"rendered":"https:\/\/mosstrend.com\/?post_type=product&#038;p=20067"},"modified":"2025-12-04T16:08:09","modified_gmt":"2025-12-04T15:08:09","slug":"lebendig","status":"publish","type":"product","link":"https:\/\/mosstrend.com\/de\/shop\/quadri-in-fogliame\/vivido\/","title":{"rendered":"Die Lebendige"},"content":{"rendered":"<p>The Vivid\" Jungle Moss ist die Kunst des \"Zusammenf\u00fcgens\". <strong>Stabilisierte wilde Essenzen und Laub<\/strong>fachm\u00e4nnisch gestaltet von der <strong>unsere K\u00fcnstler<\/strong> auf einem \"Teppich\" aus flachem Moos, der mit Stangenmoos, Flechten und verschiedenen Wurzeln verziert ist.<br \/>\nJedes Gem\u00e4lde ist ein sich st\u00e4ndig ver\u00e4nderndes Kunstwerk, jede Wand ist das Ergebnis einer nat\u00fcrlichen Inspiration und einzigartiger Empfindungen. Eine perfekte Wahl f\u00fcr alle, die nach nat\u00fcrlichen und eleganten L\u00f6sungen f\u00fcr ihre Innenr\u00e4ume suchen.<br \/>\nDie Vielfalt der <strong>Laub und Moos<\/strong> die zun\u00e4chst gesammelt werden und dann <strong>stabilisiert<\/strong>Sie bilden harmonische, pflegeleichte und stabilisierte gr\u00fcne W\u00e4nde, die weder Sonnenlicht noch Wasser ben\u00f6tigen.<\/p>\n<p>Die Kombination aus \u00fcppigem Waldmoos, frischem Kugelmoos und nat\u00fcrlichen Pflanzen wie Farnen, Eukalyptus, Papyrus, Amaranth und Ming entf\u00fchrt Sie jeden Tag aufs Neue auf eine stimmungsvolle Wanderung durch die Landschaft, eine Waldwiese oder einen exotischen Wald.<\/p>\n<p>Ganz gleich, f\u00fcr welche Kombination Sie sich entscheiden, mit Pflanzenbildern holen Sie sich ein St\u00fcck Natur in Ihr Zuhause.<\/p>\n<p><strong class=\"desc_strong\">Mit unseren Dschungelmoosbildern haben wir die M\u00f6glichkeit, Ihre Umgebung nat\u00fcrlich, elegant und vor allem einzigartig zu gestalten!<\/strong><\/p>","protected":false},"excerpt":{"rendered":"<p>&#8220;Il Vivido&#8221; Jungle Moss \u00e8 l\u2019arte di \u201cassemblare\u201d essenze e fogliami selvatici stabilizzati, adagiati sapientemente da i nostri artisti su di un \u201ctappeto\u201d di muschio piatto impreziosito da muschio pole, lichene e radici varie. Ogni quadro \u00e8 un\u2019opera d\u2019arte sempre diversa, ogni parete \u00e8 frutto di ispirazione naturale e di sensazioni uniche. Una scelta perfetta&hellip; <a class=\"more-link\" href=\"https:\/\/mosstrend.com\/de\/shop\/quadri-in-fogliame\/vivido\/\"><span class=\"screen-reader-text\">Die Lebendige<\/span> weiterlesen<\/a><\/p>","protected":false},"featured_media":121170,"template":"","meta":{"_acf_changed":false},"product_brand":[],"product_cat":[1135],"product_tag":[1062],"giftcard-category":[],"class_list":{"0":"post-20067","1":"product","2":"type-product","3":"status-publish","4":"has-post-thumbnail","6":"product_cat-quadri-in-fogliame","7":"product_tag-in-offerta","8":"product_shipping_class-rettangolari-d-dj-ss","9":"pa_orientamento-orizzontale","10":"pa_orientamento-verticale","11":"entry","13":"first","14":"instock","15":"taxable","16":"shipping-taxable","17":"purchasable","18":"product-type-variable"},"acf":[],"yoast_head":"<!-- This site is optimized with the Yoast SEO plugin v27.2 - https:\/\/yoast.com\/product\/yoast-seo-wordpress\/ -->\n<title>Il Vivido - Quadro Vegetale Stabilizzato - Moss trend<\/title>\n<meta name=\"description\" content=\"Il Quadro Vegetale &quot;Il Vivido&quot; \u00e8 l&#039;essenza dell\u2019arte di \u201cassemblare\u201d essenze e fogliami selvatici stabilizzati, un elemento d&#039;arredo dal design unico\" \/>\n<meta name=\"robots\" content=\"index, follow, max-snippet:-1, max-image-preview:large, max-video-preview:-1\" \/>\n<link rel=\"canonical\" href=\"https:\/\/mosstrend.com\/de\/shop\/quadri-in-fogliame\/lebendig\/\" \/>\n<meta property=\"og:locale\" content=\"de_DE\" \/>\n<meta property=\"og:type\" content=\"article\" \/>\n<meta property=\"og:title\" content=\"Il Vivido - Quadro Vegetale Stabilizzato - Moss trend\" \/>\n<meta property=\"og:description\" content=\"Il Quadro Vegetale &quot;Il Vivido&quot; \u00e8 l&#039;essenza dell\u2019arte di \u201cassemblare\u201d essenze e fogliami selvatici stabilizzati, un elemento d&#039;arredo dal design unico\" \/>\n<meta property=\"og:url\" content=\"https:\/\/mosstrend.com\/de\/shop\/quadri-in-fogliame\/lebendig\/\" \/>\n<meta property=\"og:site_name\" content=\"Moss trend\" \/>\n<meta property=\"article:modified_time\" content=\"2025-12-04T15:08:09+00:00\" \/>\n<meta property=\"og:image\" content=\"https:\/\/mosstrend.com\/wp-content\/uploads\/2019\/07\/Vivido.jpg\" \/>\n\t<meta property=\"og:image:width\" content=\"900\" \/>\n\t<meta property=\"og:image:height\" content=\"900\" \/>\n\t<meta property=\"og:image:type\" content=\"image\/jpeg\" \/>\n<meta name=\"twitter:card\" content=\"summary_large_image\" \/>\n<meta name=\"twitter:label1\" content=\"Gesch\u00e4tzte Lesezeit\" \/>\n\t<meta name=\"twitter:data1\" content=\"2\u00a0Minuten\" \/>\n<script type=\"application\/ld+json\" class=\"yoast-schema-graph\">{\"@context\":\"https:\/\/schema.org\",\"@graph\":[{\"@type\":\"WebPage\",\"@id\":\"https:\/\/mosstrend.com\/shop\/quadri-in-fogliame\/vivido\/\",\"url\":\"https:\/\/mosstrend.com\/shop\/quadri-in-fogliame\/vivido\/\",\"name\":\"Il Vivido - Quadro Vegetale Stabilizzato - Moss trend\",\"isPartOf\":{\"@id\":\"https:\/\/mosstrend.com\/#website\"},\"primaryImageOfPage\":{\"@id\":\"https:\/\/mosstrend.com\/shop\/quadri-in-fogliame\/vivido\/#primaryimage\"},\"image\":{\"@id\":\"https:\/\/mosstrend.com\/shop\/quadri-in-fogliame\/vivido\/#primaryimage\"},\"thumbnailUrl\":\"https:\/\/mosstrend.com\/wp-content\/uploads\/2019\/07\/Vivido.jpg\",\"datePublished\":\"2019-07-10T11:00:40+00:00\",\"dateModified\":\"2025-12-04T15:08:09+00:00\",\"description\":\"Il Quadro Vegetale \\\"Il Vivido\\\" \u00e8 l'essenza dell\u2019arte di \u201cassemblare\u201d essenze e fogliami selvatici stabilizzati, un elemento d'arredo dal design unico\",\"breadcrumb\":{\"@id\":\"https:\/\/mosstrend.com\/shop\/quadri-in-fogliame\/vivido\/#breadcrumb\"},\"inLanguage\":\"de\",\"potentialAction\":[{\"@type\":\"ReadAction\",\"target\":[\"https:\/\/mosstrend.com\/shop\/quadri-in-fogliame\/vivido\/\"]}]},{\"@type\":\"ImageObject\",\"inLanguage\":\"de\",\"@id\":\"https:\/\/mosstrend.com\/shop\/quadri-in-fogliame\/vivido\/#primaryimage\",\"url\":\"https:\/\/mosstrend.com\/wp-content\/uploads\/2019\/07\/Vivido.jpg\",\"contentUrl\":\"https:\/\/mosstrend.com\/wp-content\/uploads\/2019\/07\/Vivido.jpg\",\"width\":900,\"height\":900},{\"@type\":\"BreadcrumbList\",\"@id\":\"https:\/\/mosstrend.com\/shop\/quadri-in-fogliame\/vivido\/#breadcrumb\",\"itemListElement\":[{\"@type\":\"ListItem\",\"position\":1,\"name\":\"Home\",\"item\":\"https:\/\/mosstrend.com\/\"},{\"@type\":\"ListItem\",\"position\":2,\"name\":\"Shop\",\"item\":\"https:\/\/mosstrend.com\/shop\/\"},{\"@type\":\"ListItem\",\"position\":3,\"name\":\"Il Vivido\"}]},{\"@type\":\"WebSite\",\"@id\":\"https:\/\/mosstrend.com\/#website\",\"url\":\"https:\/\/mosstrend.com\/\",\"name\":\"Moss trend\",\"description\":\"\",\"publisher\":{\"@id\":\"https:\/\/mosstrend.com\/#organization\"},\"potentialAction\":[{\"@type\":\"SearchAction\",\"target\":{\"@type\":\"EntryPoint\",\"urlTemplate\":\"https:\/\/mosstrend.com\/?s={search_term_string}\"},\"query-input\":{\"@type\":\"PropertyValueSpecification\",\"valueRequired\":true,\"valueName\":\"search_term_string\"}}],\"inLanguage\":\"de\"},{\"@type\":\"Organization\",\"@id\":\"https:\/\/mosstrend.com\/#organization\",\"name\":\"Moss trend\",\"url\":\"https:\/\/mosstrend.com\/\",\"logo\":{\"@type\":\"ImageObject\",\"inLanguage\":\"de\",\"@id\":\"https:\/\/mosstrend.com\/#\/schema\/logo\/image\/\",\"url\":\"https:\/\/mosstrend.com\/wp-content\/uploads\/2024\/03\/logomosstrend.png\",\"contentUrl\":\"https:\/\/mosstrend.com\/wp-content\/uploads\/2024\/03\/logomosstrend.png\",\"width\":1000,\"height\":349,\"caption\":\"Moss trend\"},\"image\":{\"@id\":\"https:\/\/mosstrend.com\/#\/schema\/logo\/image\/\"}}]}<\/script>\n<!-- \/ Yoast SEO plugin. -->","yoast_head_json":{"title":"Die Lebendige - Stabilisierte Gem\u00fcsemalerei - Moos Trend","description":"Das \"Il Vivido\"-Gem\u00fcsebild ist die Essenz der Kunst des \"Zusammenf\u00fcgens\" von stabilisierten Wildessenzen und Bl\u00e4ttern, ein einzigartig gestaltetes M\u00f6belst\u00fcck","robots":{"index":"index","follow":"follow","max-snippet":"max-snippet:-1","max-image-preview":"max-image-preview:large","max-video-preview":"max-video-preview:-1"},"canonical":"https:\/\/mosstrend.com\/de\/shop\/quadri-in-fogliame\/lebendig\/","og_locale":"de_DE","og_type":"article","og_title":"Il Vivido - Quadro Vegetale Stabilizzato - Moss trend","og_description":"Il Quadro Vegetale \"Il Vivido\" \u00e8 l'essenza dell\u2019arte di \u201cassemblare\u201d essenze e fogliami selvatici stabilizzati, un elemento d'arredo dal design unico","og_url":"https:\/\/mosstrend.com\/de\/shop\/quadri-in-fogliame\/lebendig\/","og_site_name":"Moss trend","article_modified_time":"2025-12-04T15:08:09+00:00","og_image":[{"width":900,"height":900,"url":"https:\/\/mosstrend.com\/wp-content\/uploads\/2019\/07\/Vivido.jpg","type":"image\/jpeg"}],"twitter_card":"summary_large_image","twitter_misc":{"Gesch\u00e4tzte Lesezeit":"2\u00a0Minuten"},"schema":{"@context":"https:\/\/schema.org","@graph":[{"@type":"WebPage","@id":"https:\/\/mosstrend.com\/shop\/quadri-in-fogliame\/vivido\/","url":"https:\/\/mosstrend.com\/shop\/quadri-in-fogliame\/vivido\/","name":"Die Lebendige - Stabilisierte Gem\u00fcsemalerei - Moos Trend","isPartOf":{"@id":"https:\/\/mosstrend.com\/#website"},"primaryImageOfPage":{"@id":"https:\/\/mosstrend.com\/shop\/quadri-in-fogliame\/vivido\/#primaryimage"},"image":{"@id":"https:\/\/mosstrend.com\/shop\/quadri-in-fogliame\/vivido\/#primaryimage"},"thumbnailUrl":"https:\/\/mosstrend.com\/wp-content\/uploads\/2019\/07\/Vivido.jpg","datePublished":"2019-07-10T11:00:40+00:00","dateModified":"2025-12-04T15:08:09+00:00","description":"Das \"Il Vivido\"-Gem\u00fcsebild ist die Essenz der Kunst des \"Zusammenf\u00fcgens\" von stabilisierten Wildessenzen und Bl\u00e4ttern, ein einzigartig gestaltetes M\u00f6belst\u00fcck","breadcrumb":{"@id":"https:\/\/mosstrend.com\/shop\/quadri-in-fogliame\/vivido\/#breadcrumb"},"inLanguage":"de","potentialAction":[{"@type":"ReadAction","target":["https:\/\/mosstrend.com\/shop\/quadri-in-fogliame\/vivido\/"]}]},{"@type":"ImageObject","inLanguage":"de","@id":"https:\/\/mosstrend.com\/shop\/quadri-in-fogliame\/vivido\/#primaryimage","url":"https:\/\/mosstrend.com\/wp-content\/uploads\/2019\/07\/Vivido.jpg","contentUrl":"https:\/\/mosstrend.com\/wp-content\/uploads\/2019\/07\/Vivido.jpg","width":900,"height":900},{"@type":"BreadcrumbList","@id":"https:\/\/mosstrend.com\/shop\/quadri-in-fogliame\/vivido\/#breadcrumb","itemListElement":[{"@type":"ListItem","position":1,"name":"Home","item":"https:\/\/mosstrend.com\/"},{"@type":"ListItem","position":2,"name":"Shop","item":"https:\/\/mosstrend.com\/shop\/"},{"@type":"ListItem","position":3,"name":"Il Vivido"}]},{"@type":"WebSite","@id":"https:\/\/mosstrend.com\/#website","url":"https:\/\/mosstrend.com\/","name":"Moos Trend","description":"","publisher":{"@id":"https:\/\/mosstrend.com\/#organization"},"potentialAction":[{"@type":"SearchAction","target":{"@type":"EntryPoint","urlTemplate":"https:\/\/mosstrend.com\/?s={search_term_string}"},"query-input":{"@type":"PropertyValueSpecification","valueRequired":true,"valueName":"search_term_string"}}],"inLanguage":"de"},{"@type":"Organization","@id":"https:\/\/mosstrend.com\/#organization","name":"Moos Trend","url":"https:\/\/mosstrend.com\/","logo":{"@type":"ImageObject","inLanguage":"de","@id":"https:\/\/mosstrend.com\/#\/schema\/logo\/image\/","url":"https:\/\/mosstrend.com\/wp-content\/uploads\/2024\/03\/logomosstrend.png","contentUrl":"https:\/\/mosstrend.com\/wp-content\/uploads\/2024\/03\/logomosstrend.png","width":1000,"height":349,"caption":"Moss trend"},"image":{"@id":"https:\/\/mosstrend.com\/#\/schema\/logo\/image\/"}}]}},"_links":{"self":[{"href":"https:\/\/mosstrend.com\/de\/wp-json\/wp\/v2\/product\/20067","targetHints":{"allow":["GET"]}}],"collection":[{"href":"https:\/\/mosstrend.com\/de\/wp-json\/wp\/v2\/product"}],"about":[{"href":"https:\/\/mosstrend.com\/de\/wp-json\/wp\/v2\/types\/product"}],"wp:featuredmedia":[{"embeddable":true,"href":"https:\/\/mosstrend.com\/de\/wp-json\/wp\/v2\/media\/121170"}],"wp:attachment":[{"href":"https:\/\/mosstrend.com\/de\/wp-json\/wp\/v2\/media?parent=20067"}],"wp:term":[{"taxonomy":"product_brand","embeddable":true,"href":"https:\/\/mosstrend.com\/de\/wp-json\/wp\/v2\/product_brand?post=20067"},{"taxonomy":"product_cat","embeddable":true,"href":"https:\/\/mosstrend.com\/de\/wp-json\/wp\/v2\/product_cat?post=20067"},{"taxonomy":"product_tag","embeddable":true,"href":"https:\/\/mosstrend.com\/de\/wp-json\/wp\/v2\/product_tag?post=20067"},{"taxonomy":"giftcard-category","embeddable":true,"href":"https:\/\/mosstrend.com\/de\/wp-json\/wp\/v2\/giftcard-category?post=20067"}],"curies":[{"name":"wp","href":"https:\/\/api.w.org\/{rel}","templated":true}]}}