{"id":43817,"date":"2020-07-22T17:37:38","date_gmt":"2020-07-22T15:37:38","guid":{"rendered":"https:\/\/mosstrend.com\/?post_type=product&#038;p=43817"},"modified":"2025-12-02T10:01:51","modified_gmt":"2025-12-02T09:01:51","slug":"sechseckige-wandpflanzenkompositionen","status":"publish","type":"product","link":"https:\/\/mosstrend.com\/de\/shop\/forme-geometriche\/composizioni-vegetali-da-parete-esagoni\/","title":{"rendered":"Sechseck"},"content":{"rendered":"<p>F\u00fcr die meisten <strong>anspruchsvoll und perfektionistisch<\/strong> haben wir den \"<strong>Sechsecke<\/strong>\".<br \/>\nDas Sechseck ist eine geometrische Form, die in all ihren Seiten perfekt ist, eine <strong>saubere und aufger\u00e4umte Linien<\/strong>.<br \/>\nSie k\u00f6nnen Ihre W\u00e4nde mit einem einfachen System dekorieren, indem Sie die einzelnen Sechsecke hervorheben; Sie k\u00f6nnen aber auch ein mutigeres System w\u00e4hlen, indem Sie Ihr eigenes Sechseck kreieren. <strong>modulare Zusammensetzung<\/strong>.<\/p>\n<p>Die neuen dekorativen Wandl\u00f6sungen werden vollst\u00e4ndig von uns entworfen und hergestellt. <strong>werden in Forex hergestellt und beschichtet in <strong>100% nat\u00fcrliche, wartungsfreie, stabilisierte Moose<\/strong>.<\/strong><\/p>\n<p><strong>Schnell und einfach zu installieren<\/strong> dank der Befestigungsl\u00f6cher.<\/p>","protected":false},"excerpt":{"rendered":"<p>Kaufen Sie weitere Gegenst\u00e4nde, um Ihre Komposition zu erstellen<\/p>","protected":false},"featured_media":121380,"template":"","meta":{"_acf_changed":false},"product_brand":[],"product_cat":[1040],"product_tag":[],"giftcard-category":[],"class_list":{"0":"post-43817","1":"product","2":"type-product","3":"status-publish","4":"has-post-thumbnail","6":"product_cat-forme-geometriche","7":"product_shipping_class-quadrati-d-dj-ss","8":"entry","10":"first","11":"instock","12":"taxable","13":"shipping-taxable","14":"purchasable","15":"product-type-variable"},"acf":[],"yoast_head":"<!-- This site is optimized with the Yoast SEO plugin v27.2 - https:\/\/yoast.com\/product\/yoast-seo-wordpress\/ -->\n<title>Esagono | Componenti d&#039;arredo in verde stabilizzato - Moss trend<\/title>\n<meta name=\"description\" content=\"Componenti d&#039;arredo geometrici, componibili, in vari colori. Gli esagoni sono realizzati in verde stabilizzato con una cornice di legno o forex.\" \/>\n<meta name=\"robots\" content=\"index, follow, max-snippet:-1, max-image-preview:large, max-video-preview:-1\" \/>\n<link rel=\"canonical\" href=\"https:\/\/mosstrend.com\/de\/shop\/geometrische-formen\/sechseckige-wandpflanzenkompositionen\/\" \/>\n<meta property=\"og:locale\" content=\"de_DE\" \/>\n<meta property=\"og:type\" content=\"article\" \/>\n<meta property=\"og:title\" content=\"Esagono | Componenti d&#039;arredo in verde stabilizzato - Moss trend\" \/>\n<meta property=\"og:description\" content=\"Componenti d&#039;arredo geometrici, componibili, in vari colori. Gli esagoni sono realizzati in verde stabilizzato con una cornice di legno o forex.\" \/>\n<meta property=\"og:url\" content=\"https:\/\/mosstrend.com\/de\/shop\/geometrische-formen\/sechseckige-wandpflanzenkompositionen\/\" \/>\n<meta property=\"og:site_name\" content=\"Moss trend\" \/>\n<meta property=\"article:modified_time\" content=\"2025-12-02T09:01:51+00:00\" \/>\n<meta property=\"og:image\" content=\"https:\/\/mosstrend.com\/wp-content\/uploads\/2020\/07\/render_01.jpg\" \/>\n\t<meta property=\"og:image:width\" content=\"900\" \/>\n\t<meta property=\"og:image:height\" content=\"900\" \/>\n\t<meta property=\"og:image:type\" content=\"image\/jpeg\" \/>\n<meta name=\"twitter:card\" content=\"summary_large_image\" \/>\n<meta name=\"twitter:label1\" content=\"Gesch\u00e4tzte Lesezeit\" \/>\n\t<meta name=\"twitter:data1\" content=\"1\u00a0Minute\" \/>\n<script type=\"application\/ld+json\" class=\"yoast-schema-graph\">{\"@context\":\"https:\/\/schema.org\",\"@graph\":[{\"@type\":\"WebPage\",\"@id\":\"https:\/\/mosstrend.com\/shop\/forme-geometriche\/composizioni-vegetali-da-parete-esagoni\/\",\"url\":\"https:\/\/mosstrend.com\/shop\/forme-geometriche\/composizioni-vegetali-da-parete-esagoni\/\",\"name\":\"Esagono | Componenti d'arredo in verde stabilizzato - Moss trend\",\"isPartOf\":{\"@id\":\"https:\/\/mosstrend.com\/#website\"},\"primaryImageOfPage\":{\"@id\":\"https:\/\/mosstrend.com\/shop\/forme-geometriche\/composizioni-vegetali-da-parete-esagoni\/#primaryimage\"},\"image\":{\"@id\":\"https:\/\/mosstrend.com\/shop\/forme-geometriche\/composizioni-vegetali-da-parete-esagoni\/#primaryimage\"},\"thumbnailUrl\":\"https:\/\/mosstrend.com\/wp-content\/uploads\/2020\/07\/render_01.jpg\",\"datePublished\":\"2020-07-22T15:37:38+00:00\",\"dateModified\":\"2025-12-02T09:01:51+00:00\",\"description\":\"Componenti d'arredo geometrici, componibili, in vari colori. Gli esagoni sono realizzati in verde stabilizzato con una cornice di legno o forex.\",\"breadcrumb\":{\"@id\":\"https:\/\/mosstrend.com\/shop\/forme-geometriche\/composizioni-vegetali-da-parete-esagoni\/#breadcrumb\"},\"inLanguage\":\"de\",\"potentialAction\":[{\"@type\":\"ReadAction\",\"target\":[\"https:\/\/mosstrend.com\/shop\/forme-geometriche\/composizioni-vegetali-da-parete-esagoni\/\"]}]},{\"@type\":\"ImageObject\",\"inLanguage\":\"de\",\"@id\":\"https:\/\/mosstrend.com\/shop\/forme-geometriche\/composizioni-vegetali-da-parete-esagoni\/#primaryimage\",\"url\":\"https:\/\/mosstrend.com\/wp-content\/uploads\/2020\/07\/render_01.jpg\",\"contentUrl\":\"https:\/\/mosstrend.com\/wp-content\/uploads\/2020\/07\/render_01.jpg\",\"width\":900,\"height\":900},{\"@type\":\"BreadcrumbList\",\"@id\":\"https:\/\/mosstrend.com\/shop\/forme-geometriche\/composizioni-vegetali-da-parete-esagoni\/#breadcrumb\",\"itemListElement\":[{\"@type\":\"ListItem\",\"position\":1,\"name\":\"Home\",\"item\":\"https:\/\/mosstrend.com\/\"},{\"@type\":\"ListItem\",\"position\":2,\"name\":\"Shop\",\"item\":\"https:\/\/mosstrend.com\/shop\/\"},{\"@type\":\"ListItem\",\"position\":3,\"name\":\"Esagono\"}]},{\"@type\":\"WebSite\",\"@id\":\"https:\/\/mosstrend.com\/#website\",\"url\":\"https:\/\/mosstrend.com\/\",\"name\":\"Moss trend\",\"description\":\"\",\"publisher\":{\"@id\":\"https:\/\/mosstrend.com\/#organization\"},\"potentialAction\":[{\"@type\":\"SearchAction\",\"target\":{\"@type\":\"EntryPoint\",\"urlTemplate\":\"https:\/\/mosstrend.com\/?s={search_term_string}\"},\"query-input\":{\"@type\":\"PropertyValueSpecification\",\"valueRequired\":true,\"valueName\":\"search_term_string\"}}],\"inLanguage\":\"de\"},{\"@type\":\"Organization\",\"@id\":\"https:\/\/mosstrend.com\/#organization\",\"name\":\"Moss trend\",\"url\":\"https:\/\/mosstrend.com\/\",\"logo\":{\"@type\":\"ImageObject\",\"inLanguage\":\"de\",\"@id\":\"https:\/\/mosstrend.com\/#\/schema\/logo\/image\/\",\"url\":\"https:\/\/mosstrend.com\/wp-content\/uploads\/2024\/03\/logomosstrend.png\",\"contentUrl\":\"https:\/\/mosstrend.com\/wp-content\/uploads\/2024\/03\/logomosstrend.png\",\"width\":1000,\"height\":349,\"caption\":\"Moss trend\"},\"image\":{\"@id\":\"https:\/\/mosstrend.com\/#\/schema\/logo\/image\/\"}}]}<\/script>\n<!-- \/ Yoast SEO plugin. -->","yoast_head_json":{"title":"Hexagon | Stabilisierte gr\u00fcne M\u00f6belkomponenten - Moss trend","description":"Geometrische, modulare M\u00f6belkomponenten in verschiedenen Farben. Die Sechsecke sind aus stabilisiertem Gr\u00fcn mit einem Holz- oder Forex-Rahmen gefertigt.","robots":{"index":"index","follow":"follow","max-snippet":"max-snippet:-1","max-image-preview":"max-image-preview:large","max-video-preview":"max-video-preview:-1"},"canonical":"https:\/\/mosstrend.com\/de\/shop\/geometrische-formen\/sechseckige-wandpflanzenkompositionen\/","og_locale":"de_DE","og_type":"article","og_title":"Esagono | Componenti d'arredo in verde stabilizzato - Moss trend","og_description":"Componenti d'arredo geometrici, componibili, in vari colori. Gli esagoni sono realizzati in verde stabilizzato con una cornice di legno o forex.","og_url":"https:\/\/mosstrend.com\/de\/shop\/geometrische-formen\/sechseckige-wandpflanzenkompositionen\/","og_site_name":"Moss trend","article_modified_time":"2025-12-02T09:01:51+00:00","og_image":[{"width":900,"height":900,"url":"https:\/\/mosstrend.com\/wp-content\/uploads\/2020\/07\/render_01.jpg","type":"image\/jpeg"}],"twitter_card":"summary_large_image","twitter_misc":{"Gesch\u00e4tzte Lesezeit":"1\u00a0Minute"},"schema":{"@context":"https:\/\/schema.org","@graph":[{"@type":"WebPage","@id":"https:\/\/mosstrend.com\/shop\/forme-geometriche\/composizioni-vegetali-da-parete-esagoni\/","url":"https:\/\/mosstrend.com\/shop\/forme-geometriche\/composizioni-vegetali-da-parete-esagoni\/","name":"Hexagon | Stabilisierte gr\u00fcne M\u00f6belkomponenten - Moss trend","isPartOf":{"@id":"https:\/\/mosstrend.com\/#website"},"primaryImageOfPage":{"@id":"https:\/\/mosstrend.com\/shop\/forme-geometriche\/composizioni-vegetali-da-parete-esagoni\/#primaryimage"},"image":{"@id":"https:\/\/mosstrend.com\/shop\/forme-geometriche\/composizioni-vegetali-da-parete-esagoni\/#primaryimage"},"thumbnailUrl":"https:\/\/mosstrend.com\/wp-content\/uploads\/2020\/07\/render_01.jpg","datePublished":"2020-07-22T15:37:38+00:00","dateModified":"2025-12-02T09:01:51+00:00","description":"Geometrische, modulare M\u00f6belkomponenten in verschiedenen Farben. Die Sechsecke sind aus stabilisiertem Gr\u00fcn mit einem Holz- oder Forex-Rahmen gefertigt.","breadcrumb":{"@id":"https:\/\/mosstrend.com\/shop\/forme-geometriche\/composizioni-vegetali-da-parete-esagoni\/#breadcrumb"},"inLanguage":"de","potentialAction":[{"@type":"ReadAction","target":["https:\/\/mosstrend.com\/shop\/forme-geometriche\/composizioni-vegetali-da-parete-esagoni\/"]}]},{"@type":"ImageObject","inLanguage":"de","@id":"https:\/\/mosstrend.com\/shop\/forme-geometriche\/composizioni-vegetali-da-parete-esagoni\/#primaryimage","url":"https:\/\/mosstrend.com\/wp-content\/uploads\/2020\/07\/render_01.jpg","contentUrl":"https:\/\/mosstrend.com\/wp-content\/uploads\/2020\/07\/render_01.jpg","width":900,"height":900},{"@type":"BreadcrumbList","@id":"https:\/\/mosstrend.com\/shop\/forme-geometriche\/composizioni-vegetali-da-parete-esagoni\/#breadcrumb","itemListElement":[{"@type":"ListItem","position":1,"name":"Home","item":"https:\/\/mosstrend.com\/"},{"@type":"ListItem","position":2,"name":"Shop","item":"https:\/\/mosstrend.com\/shop\/"},{"@type":"ListItem","position":3,"name":"Esagono"}]},{"@type":"WebSite","@id":"https:\/\/mosstrend.com\/#website","url":"https:\/\/mosstrend.com\/","name":"Moos Trend","description":"","publisher":{"@id":"https:\/\/mosstrend.com\/#organization"},"potentialAction":[{"@type":"SearchAction","target":{"@type":"EntryPoint","urlTemplate":"https:\/\/mosstrend.com\/?s={search_term_string}"},"query-input":{"@type":"PropertyValueSpecification","valueRequired":true,"valueName":"search_term_string"}}],"inLanguage":"de"},{"@type":"Organization","@id":"https:\/\/mosstrend.com\/#organization","name":"Moos Trend","url":"https:\/\/mosstrend.com\/","logo":{"@type":"ImageObject","inLanguage":"de","@id":"https:\/\/mosstrend.com\/#\/schema\/logo\/image\/","url":"https:\/\/mosstrend.com\/wp-content\/uploads\/2024\/03\/logomosstrend.png","contentUrl":"https:\/\/mosstrend.com\/wp-content\/uploads\/2024\/03\/logomosstrend.png","width":1000,"height":349,"caption":"Moss trend"},"image":{"@id":"https:\/\/mosstrend.com\/#\/schema\/logo\/image\/"}}]}},"_links":{"self":[{"href":"https:\/\/mosstrend.com\/de\/wp-json\/wp\/v2\/product\/43817","targetHints":{"allow":["GET"]}}],"collection":[{"href":"https:\/\/mosstrend.com\/de\/wp-json\/wp\/v2\/product"}],"about":[{"href":"https:\/\/mosstrend.com\/de\/wp-json\/wp\/v2\/types\/product"}],"wp:featuredmedia":[{"embeddable":true,"href":"https:\/\/mosstrend.com\/de\/wp-json\/wp\/v2\/media\/121380"}],"wp:attachment":[{"href":"https:\/\/mosstrend.com\/de\/wp-json\/wp\/v2\/media?parent=43817"}],"wp:term":[{"taxonomy":"product_brand","embeddable":true,"href":"https:\/\/mosstrend.com\/de\/wp-json\/wp\/v2\/product_brand?post=43817"},{"taxonomy":"product_cat","embeddable":true,"href":"https:\/\/mosstrend.com\/de\/wp-json\/wp\/v2\/product_cat?post=43817"},{"taxonomy":"product_tag","embeddable":true,"href":"https:\/\/mosstrend.com\/de\/wp-json\/wp\/v2\/product_tag?post=43817"},{"taxonomy":"giftcard-category","embeddable":true,"href":"https:\/\/mosstrend.com\/de\/wp-json\/wp\/v2\/giftcard-category?post=43817"}],"curies":[{"name":"wp","href":"https:\/\/api.w.org\/{rel}","templated":true}]}}