{"id":19807,"date":"2019-05-24T14:30:44","date_gmt":"2019-05-24T12:30:44","guid":{"rendered":"https:\/\/mosstrend.com\/?post_type=product&#038;p=19807"},"modified":"2025-12-04T16:12:48","modified_gmt":"2025-12-04T15:12:48","slug":"verdemaggio","status":"publish","type":"product","link":"https:\/\/mosstrend.com\/en\/shop\/quadri-in-muschi\/verdemaggio\/","title":{"rendered":"The Verdegiada"},"content":{"rendered":"<p>The <strong>Lichen <\/strong>has always been a symbol of <strong>life and freshness<\/strong>It grows spontaneously even under the most extreme conditions, adapting to indoor environments.<br \/>\nThat is why it is an excellent material for creating green walls and vertical gardens. Our collection of pictures with stabilised natural Lichen, available in two different colours of green (Lime and Moss), gives a fresh touch to rooms and absorbs room noise (combats noise pollution), maintaining itself for many years without any need for water, soil or other nutrients.<\/p>\n<p>All stabilised green is <strong>100% natural<\/strong> and remains so beautiful over the years because it is treated with a natural glycerine and water-based substance that replaces plant sap. All stabilised products <strong>are perfectly preserved over time<\/strong> and do not require any special attention, as they do not need to be watered.<\/p>\n<p>Framework made of lichen <strong>PREMIUM<\/strong><\/p>\n<p><strong>Italian design and research<\/strong>combined with the naturalness of stabilised Moss and Lichen, create a unique and innovative product.<br \/>\nStabilised greenery is an innovative and still uncommon type of furniture, allowing for exclusive and customisable designs.<br \/>\n<strong>Softens the space<\/strong> and creates a natural environment as well as reducing environmental noise.<\/p>","protected":false},"excerpt":{"rendered":"<p>Il Lichene \u00e8 sempre stato simbolo di vita e freschezza, cresce spontaneamente anche nelle condizioni pi\u00f9 estreme adattandosi anche ad ambienti interni. Ecco perch\u00e9 \u00e8 un ottimo materiale per la realizzazione di pareti verdi e giardini verticali. La nostra collezione di quadri con Lichene naturale stabilizzato, disponibile in due differenti colorazioni di verde (Lime e&hellip; <a class=\"more-link\" href=\"https:\/\/mosstrend.com\/en\/shop\/quadri-in-muschi\/verdemaggio\/\">Continue reading <span class=\"screen-reader-text\">The Verdegiada<\/span><\/a><\/p>","protected":false},"featured_media":120710,"template":"","meta":{"_acf_changed":false},"product_brand":[],"product_cat":[1137],"product_tag":[],"giftcard-category":[],"class_list":{"0":"post-19807","1":"product","2":"type-product","3":"status-publish","4":"has-post-thumbnail","6":"product_cat-quadri-in-muschi","7":"product_shipping_class-quadrati-l-fb-b","8":"pa_orientamento-orizzontale","9":"pa_orientamento-verticale","10":"entry","12":"first","13":"instock","14":"taxable","15":"shipping-taxable","16":"purchasable","17":"product-type-variable"},"acf":[],"yoast_head":"<!-- This site is optimized with the Yoast SEO plugin v27.4 - https:\/\/yoast.com\/product\/yoast-seo-wordpress\/ -->\n<title>Il Verdemaggio - Quadro Vegetale Stabilizzato - Moss trend<\/title>\n<meta name=\"description\" content=\"Quadro vegetale con muschi 100% naturali a manutenzione zero, formano una composizione unica ed affascinante, porta la natura a casa tua\" \/>\n<meta name=\"robots\" content=\"index, follow, max-snippet:-1, max-image-preview:large, max-video-preview:-1\" \/>\n<link rel=\"canonical\" href=\"https:\/\/mosstrend.com\/en\/shop\/quadri-in-muschi\/verdemaggio\/\" \/>\n<meta property=\"og:locale\" content=\"en_GB\" \/>\n<meta property=\"og:type\" content=\"article\" \/>\n<meta property=\"og:title\" content=\"Il Verdemaggio - Quadro Vegetale Stabilizzato - Moss trend\" \/>\n<meta property=\"og:description\" content=\"Quadro vegetale con muschi 100% naturali a manutenzione zero, formano una composizione unica ed affascinante, porta la natura a casa tua\" \/>\n<meta property=\"og:url\" content=\"https:\/\/mosstrend.com\/en\/shop\/quadri-in-muschi\/verdemaggio\/\" \/>\n<meta property=\"og:site_name\" content=\"Moss trend\" \/>\n<meta property=\"article:modified_time\" content=\"2025-12-04T15:12:48+00:00\" \/>\n<meta property=\"og:image\" content=\"https:\/\/mosstrend.com\/wp-content\/uploads\/2019\/05\/Verdemaggio.jpg\" \/>\n\t<meta property=\"og:image:width\" content=\"900\" \/>\n\t<meta property=\"og:image:height\" content=\"900\" \/>\n\t<meta property=\"og:image:type\" content=\"image\/jpeg\" \/>\n<meta name=\"twitter:card\" content=\"summary_large_image\" \/>\n<meta name=\"twitter:label1\" content=\"Estimated reading time\" \/>\n\t<meta name=\"twitter:data1\" content=\"2 minutes\" \/>\n<script type=\"application\/ld+json\" class=\"yoast-schema-graph\">{\"@context\":\"https:\\\/\\\/schema.org\",\"@graph\":[{\"@type\":\"WebPage\",\"@id\":\"https:\\\/\\\/mosstrend.com\\\/shop\\\/quadri-in-muschi\\\/verdemaggio\\\/\",\"url\":\"https:\\\/\\\/mosstrend.com\\\/shop\\\/quadri-in-muschi\\\/verdemaggio\\\/\",\"name\":\"Il Verdemaggio - Quadro Vegetale Stabilizzato - Moss trend\",\"isPartOf\":{\"@id\":\"https:\\\/\\\/mosstrend.com\\\/#website\"},\"primaryImageOfPage\":{\"@id\":\"https:\\\/\\\/mosstrend.com\\\/shop\\\/quadri-in-muschi\\\/verdemaggio\\\/#primaryimage\"},\"image\":{\"@id\":\"https:\\\/\\\/mosstrend.com\\\/shop\\\/quadri-in-muschi\\\/verdemaggio\\\/#primaryimage\"},\"thumbnailUrl\":\"https:\\\/\\\/mosstrend.com\\\/wp-content\\\/uploads\\\/2019\\\/05\\\/Verdemaggio.jpg\",\"datePublished\":\"2019-05-24T12:30:44+00:00\",\"dateModified\":\"2025-12-04T15:12:48+00:00\",\"description\":\"Quadro vegetale con muschi 100% naturali a manutenzione zero, formano una composizione unica ed affascinante, porta la natura a casa tua\",\"breadcrumb\":{\"@id\":\"https:\\\/\\\/mosstrend.com\\\/shop\\\/quadri-in-muschi\\\/verdemaggio\\\/#breadcrumb\"},\"inLanguage\":\"en-GB\",\"potentialAction\":[{\"@type\":\"ReadAction\",\"target\":[\"https:\\\/\\\/mosstrend.com\\\/shop\\\/quadri-in-muschi\\\/verdemaggio\\\/\"]}]},{\"@type\":\"ImageObject\",\"inLanguage\":\"en-GB\",\"@id\":\"https:\\\/\\\/mosstrend.com\\\/shop\\\/quadri-in-muschi\\\/verdemaggio\\\/#primaryimage\",\"url\":\"https:\\\/\\\/mosstrend.com\\\/wp-content\\\/uploads\\\/2019\\\/05\\\/Verdemaggio.jpg\",\"contentUrl\":\"https:\\\/\\\/mosstrend.com\\\/wp-content\\\/uploads\\\/2019\\\/05\\\/Verdemaggio.jpg\",\"width\":900,\"height\":900},{\"@type\":\"BreadcrumbList\",\"@id\":\"https:\\\/\\\/mosstrend.com\\\/shop\\\/quadri-in-muschi\\\/verdemaggio\\\/#breadcrumb\",\"itemListElement\":[{\"@type\":\"ListItem\",\"position\":1,\"name\":\"Home\",\"item\":\"https:\\\/\\\/mosstrend.com\\\/\"},{\"@type\":\"ListItem\",\"position\":2,\"name\":\"Shop\",\"item\":\"https:\\\/\\\/mosstrend.com\\\/shop\\\/\"},{\"@type\":\"ListItem\",\"position\":3,\"name\":\"Il Verdegiada\"}]},{\"@type\":\"WebSite\",\"@id\":\"https:\\\/\\\/mosstrend.com\\\/#website\",\"url\":\"https:\\\/\\\/mosstrend.com\\\/\",\"name\":\"Moss trend\",\"description\":\"\",\"publisher\":{\"@id\":\"https:\\\/\\\/mosstrend.com\\\/#organization\"},\"potentialAction\":[{\"@type\":\"SearchAction\",\"target\":{\"@type\":\"EntryPoint\",\"urlTemplate\":\"https:\\\/\\\/mosstrend.com\\\/?s={search_term_string}\"},\"query-input\":{\"@type\":\"PropertyValueSpecification\",\"valueRequired\":true,\"valueName\":\"search_term_string\"}}],\"inLanguage\":\"en-GB\"},{\"@type\":\"Organization\",\"@id\":\"https:\\\/\\\/mosstrend.com\\\/#organization\",\"name\":\"Moss trend\",\"url\":\"https:\\\/\\\/mosstrend.com\\\/\",\"logo\":{\"@type\":\"ImageObject\",\"inLanguage\":\"en-GB\",\"@id\":\"https:\\\/\\\/mosstrend.com\\\/#\\\/schema\\\/logo\\\/image\\\/\",\"url\":\"https:\\\/\\\/mosstrend.com\\\/wp-content\\\/uploads\\\/2024\\\/03\\\/logomosstrend.png\",\"contentUrl\":\"https:\\\/\\\/mosstrend.com\\\/wp-content\\\/uploads\\\/2024\\\/03\\\/logomosstrend.png\",\"width\":1000,\"height\":349,\"caption\":\"Moss trend\"},\"image\":{\"@id\":\"https:\\\/\\\/mosstrend.com\\\/#\\\/schema\\\/logo\\\/image\\\/\"}}]}<\/script>\n<!-- \/ Yoast SEO plugin. -->","yoast_head_json":{"title":"The Greening - Stabilised Vegetable Framework - Moss trend","description":"Plant painting with natural, zero-maintenance mosses 100% form a unique and fascinating composition, bring nature into your home","robots":{"index":"index","follow":"follow","max-snippet":"max-snippet:-1","max-image-preview":"max-image-preview:large","max-video-preview":"max-video-preview:-1"},"canonical":"https:\/\/mosstrend.com\/en\/shop\/quadri-in-muschi\/verdemaggio\/","og_locale":"en_GB","og_type":"article","og_title":"Il Verdemaggio - Quadro Vegetale Stabilizzato - Moss trend","og_description":"Quadro vegetale con muschi 100% naturali a manutenzione zero, formano una composizione unica ed affascinante, porta la natura a casa tua","og_url":"https:\/\/mosstrend.com\/en\/shop\/quadri-in-muschi\/verdemaggio\/","og_site_name":"Moss trend","article_modified_time":"2025-12-04T15:12:48+00:00","og_image":[{"width":900,"height":900,"url":"https:\/\/mosstrend.com\/wp-content\/uploads\/2019\/05\/Verdemaggio.jpg","type":"image\/jpeg"}],"twitter_card":"summary_large_image","twitter_misc":{"Estimated reading time":"2 minutes"},"schema":{"@context":"https:\/\/schema.org","@graph":[{"@type":"WebPage","@id":"https:\/\/mosstrend.com\/shop\/quadri-in-muschi\/verdemaggio\/","url":"https:\/\/mosstrend.com\/shop\/quadri-in-muschi\/verdemaggio\/","name":"The Greening - Stabilised Vegetable Framework - Moss trend","isPartOf":{"@id":"https:\/\/mosstrend.com\/#website"},"primaryImageOfPage":{"@id":"https:\/\/mosstrend.com\/shop\/quadri-in-muschi\/verdemaggio\/#primaryimage"},"image":{"@id":"https:\/\/mosstrend.com\/shop\/quadri-in-muschi\/verdemaggio\/#primaryimage"},"thumbnailUrl":"https:\/\/mosstrend.com\/wp-content\/uploads\/2019\/05\/Verdemaggio.jpg","datePublished":"2019-05-24T12:30:44+00:00","dateModified":"2025-12-04T15:12:48+00:00","description":"Plant painting with natural, zero-maintenance mosses 100% form a unique and fascinating composition, bring nature into your home","breadcrumb":{"@id":"https:\/\/mosstrend.com\/shop\/quadri-in-muschi\/verdemaggio\/#breadcrumb"},"inLanguage":"en-GB","potentialAction":[{"@type":"ReadAction","target":["https:\/\/mosstrend.com\/shop\/quadri-in-muschi\/verdemaggio\/"]}]},{"@type":"ImageObject","inLanguage":"en-GB","@id":"https:\/\/mosstrend.com\/shop\/quadri-in-muschi\/verdemaggio\/#primaryimage","url":"https:\/\/mosstrend.com\/wp-content\/uploads\/2019\/05\/Verdemaggio.jpg","contentUrl":"https:\/\/mosstrend.com\/wp-content\/uploads\/2019\/05\/Verdemaggio.jpg","width":900,"height":900},{"@type":"BreadcrumbList","@id":"https:\/\/mosstrend.com\/shop\/quadri-in-muschi\/verdemaggio\/#breadcrumb","itemListElement":[{"@type":"ListItem","position":1,"name":"Home","item":"https:\/\/mosstrend.com\/"},{"@type":"ListItem","position":2,"name":"Shop","item":"https:\/\/mosstrend.com\/shop\/"},{"@type":"ListItem","position":3,"name":"Il Verdegiada"}]},{"@type":"WebSite","@id":"https:\/\/mosstrend.com\/#website","url":"https:\/\/mosstrend.com\/","name":"Moss trend","description":"","publisher":{"@id":"https:\/\/mosstrend.com\/#organization"},"potentialAction":[{"@type":"SearchAction","target":{"@type":"EntryPoint","urlTemplate":"https:\/\/mosstrend.com\/?s={search_term_string}"},"query-input":{"@type":"PropertyValueSpecification","valueRequired":true,"valueName":"search_term_string"}}],"inLanguage":"en-GB"},{"@type":"Organization","@id":"https:\/\/mosstrend.com\/#organization","name":"Moss trend","url":"https:\/\/mosstrend.com\/","logo":{"@type":"ImageObject","inLanguage":"en-GB","@id":"https:\/\/mosstrend.com\/#\/schema\/logo\/image\/","url":"https:\/\/mosstrend.com\/wp-content\/uploads\/2024\/03\/logomosstrend.png","contentUrl":"https:\/\/mosstrend.com\/wp-content\/uploads\/2024\/03\/logomosstrend.png","width":1000,"height":349,"caption":"Moss trend"},"image":{"@id":"https:\/\/mosstrend.com\/#\/schema\/logo\/image\/"}}]}},"_links":{"self":[{"href":"https:\/\/mosstrend.com\/en\/wp-json\/wp\/v2\/product\/19807","targetHints":{"allow":["GET"]}}],"collection":[{"href":"https:\/\/mosstrend.com\/en\/wp-json\/wp\/v2\/product"}],"about":[{"href":"https:\/\/mosstrend.com\/en\/wp-json\/wp\/v2\/types\/product"}],"wp:featuredmedia":[{"embeddable":true,"href":"https:\/\/mosstrend.com\/en\/wp-json\/wp\/v2\/media\/120710"}],"wp:attachment":[{"href":"https:\/\/mosstrend.com\/en\/wp-json\/wp\/v2\/media?parent=19807"}],"wp:term":[{"taxonomy":"product_brand","embeddable":true,"href":"https:\/\/mosstrend.com\/en\/wp-json\/wp\/v2\/product_brand?post=19807"},{"taxonomy":"product_cat","embeddable":true,"href":"https:\/\/mosstrend.com\/en\/wp-json\/wp\/v2\/product_cat?post=19807"},{"taxonomy":"product_tag","embeddable":true,"href":"https:\/\/mosstrend.com\/en\/wp-json\/wp\/v2\/product_tag?post=19807"},{"taxonomy":"giftcard-category","embeddable":true,"href":"https:\/\/mosstrend.com\/en\/wp-json\/wp\/v2\/giftcard-category?post=19807"}],"curies":[{"name":"wp","href":"https:\/\/api.w.org\/{rel}","templated":true}]}}