{"id":120883,"date":"2023-08-01T15:42:02","date_gmt":"2023-08-01T13:42:02","guid":{"rendered":"https:\/\/mosstrend.com\/?post_type=product&#038;p=120883"},"modified":"2025-12-02T10:01:51","modified_gmt":"2025-12-02T09:01:51","slug":"oasis-mystique","status":"publish","type":"product","link":"https:\/\/mosstrend.com\/fr\/shop\/pezzi-iconici\/oasi-mistica\/","title":{"rendered":"Oasis mystique"},"content":{"rendered":"<blockquote><p>Chaque tableau est une \u0153uvre d'art en constante \u00e9volution, chaque mur est le r\u00e9sultat d'une inspiration naturelle et de sensations uniques. Un choix parfait pour ceux qui recherchent des solutions naturelles et \u00e9l\u00e9gantes pour leur int\u00e9rieur.<br \/>\nLa vari\u00e9t\u00e9 des\u00a0<strong>feuillage et mousses<\/strong>\u00a0qui sont d'abord collect\u00e9s et ensuite\u00a0<strong>stabilis\u00e9<\/strong>Ils composeront des murs verts stabilis\u00e9s harmonieux, sans entretien, sans besoin d'ensoleillement ni d'eau.<\/p><\/blockquote>\n<p>La combinaison de mousse foresti\u00e8re luxuriante, de mousse en boule fra\u00eeche et de plantes naturelles telles que les foug\u00e8res, l'eucalyptus, le papyrus, l'amarante et le ming vous emm\u00e8nera dans une randonn\u00e9e atmosph\u00e9rique \u00e0 travers la campagne, une prairie foresti\u00e8re ou m\u00eame une for\u00eat exotique, tous les jours, \u00e0 chaque fois.<\/p>\n<p>Quelle que soit la combinaison que vous choisirez, les tableaux de plantes vous permettront d'introduire un \u00e9l\u00e9ment original de la nature dans votre maison.<\/p>\n<p><strong class=\"desc_strong\">Avec nos peintures de mousse de jungle, nous avons l'opportunit\u00e9 de rendre votre environnement naturel, \u00e9l\u00e9gant mais surtout unique !<\/strong><\/p>","protected":false},"excerpt":{"rendered":"<p>Ogni quadro \u00e8 un\u2019opera d\u2019arte sempre diversa, ogni parete \u00e8 frutto di ispirazione naturale e di sensazioni uniche. Una scelta perfetta per chi \u00e8 alla ricerca di soluzioni naturali ed eleganti per i loro interni. La variet\u00e0 di\u00a0fogliami e muschi\u00a0che vengono prima raccolti e poi\u00a0stabilizzati, andranno a comporre armoniose pareti in verde stabilizzato a manutenzione&hellip; <a class=\"more-link\" href=\"https:\/\/mosstrend.com\/fr\/shop\/pezzi-iconici\/oasi-mistica\/\">Poursuivre la lecture <span class=\"screen-reader-text\">Oasis mystique<\/span><\/a><\/p>","protected":false},"featured_media":120884,"template":"","meta":{"_acf_changed":false},"product_brand":[],"product_cat":[1139],"product_tag":[],"giftcard-category":[],"class_list":{"0":"post-120883","1":"product","2":"type-product","3":"status-publish","4":"has-post-thumbnail","6":"product_cat-pezzi-iconici","7":"entry","9":"first","10":"instock","11":"taxable","12":"shipping-taxable","13":"purchasable","14":"product-type-variable"},"acf":[],"yoast_head":"<!-- This site is optimized with the Yoast SEO plugin v27.2 - https:\/\/yoast.com\/product\/yoast-seo-wordpress\/ -->\n<title>Oasi Mistica - Moss trend<\/title>\n<meta name=\"robots\" content=\"index, follow, max-snippet:-1, max-image-preview:large, max-video-preview:-1\" \/>\n<link rel=\"canonical\" href=\"https:\/\/mosstrend.com\/fr\/boutique\/pezzi-iconici\/oasis-mystique\/\" \/>\n<meta property=\"og:locale\" content=\"fr_FR\" \/>\n<meta property=\"og:type\" content=\"article\" \/>\n<meta property=\"og:title\" content=\"Oasi Mistica - Moss trend\" \/>\n<meta property=\"og:description\" content=\"Ogni quadro \u00e8 un\u2019opera d\u2019arte sempre diversa, ogni parete \u00e8 frutto di ispirazione naturale e di sensazioni uniche. Una scelta perfetta per chi \u00e8 alla ricerca di soluzioni naturali ed eleganti per i loro interni. La variet\u00e0 di\u00a0fogliami e muschi\u00a0che vengono prima raccolti e poi\u00a0stabilizzati, andranno a comporre armoniose pareti in verde stabilizzato a manutenzione&hellip; Poursuivre la lecture Oasi Mistica\" \/>\n<meta property=\"og:url\" content=\"https:\/\/mosstrend.com\/fr\/boutique\/pezzi-iconici\/oasis-mystique\/\" \/>\n<meta property=\"og:site_name\" content=\"Moss trend\" \/>\n<meta property=\"article:modified_time\" content=\"2025-12-02T09:01:51+00:00\" \/>\n<meta property=\"og:image\" content=\"https:\/\/mosstrend.com\/wp-content\/uploads\/2023\/08\/000.jpg\" \/>\n\t<meta property=\"og:image:width\" content=\"900\" \/>\n\t<meta property=\"og:image:height\" content=\"900\" \/>\n\t<meta property=\"og:image:type\" content=\"image\/jpeg\" \/>\n<meta name=\"twitter:card\" content=\"summary_large_image\" \/>\n<meta name=\"twitter:label1\" content=\"Dur\u00e9e de lecture estim\u00e9e\" \/>\n\t<meta name=\"twitter:data1\" content=\"1 minute\" \/>\n<script type=\"application\/ld+json\" class=\"yoast-schema-graph\">{\"@context\":\"https:\/\/schema.org\",\"@graph\":[{\"@type\":\"WebPage\",\"@id\":\"https:\/\/mosstrend.com\/shop\/pezzi-iconici\/oasi-mistica\/\",\"url\":\"https:\/\/mosstrend.com\/shop\/pezzi-iconici\/oasi-mistica\/\",\"name\":\"Oasi Mistica - Moss trend\",\"isPartOf\":{\"@id\":\"https:\/\/mosstrend.com\/#website\"},\"primaryImageOfPage\":{\"@id\":\"https:\/\/mosstrend.com\/shop\/pezzi-iconici\/oasi-mistica\/#primaryimage\"},\"image\":{\"@id\":\"https:\/\/mosstrend.com\/shop\/pezzi-iconici\/oasi-mistica\/#primaryimage\"},\"thumbnailUrl\":\"https:\/\/mosstrend.com\/wp-content\/uploads\/2023\/08\/000.jpg\",\"datePublished\":\"2023-08-01T13:42:02+00:00\",\"dateModified\":\"2025-12-02T09:01:51+00:00\",\"breadcrumb\":{\"@id\":\"https:\/\/mosstrend.com\/shop\/pezzi-iconici\/oasi-mistica\/#breadcrumb\"},\"inLanguage\":\"fr-FR\",\"potentialAction\":[{\"@type\":\"ReadAction\",\"target\":[\"https:\/\/mosstrend.com\/shop\/pezzi-iconici\/oasi-mistica\/\"]}]},{\"@type\":\"ImageObject\",\"inLanguage\":\"fr-FR\",\"@id\":\"https:\/\/mosstrend.com\/shop\/pezzi-iconici\/oasi-mistica\/#primaryimage\",\"url\":\"https:\/\/mosstrend.com\/wp-content\/uploads\/2023\/08\/000.jpg\",\"contentUrl\":\"https:\/\/mosstrend.com\/wp-content\/uploads\/2023\/08\/000.jpg\",\"width\":900,\"height\":900},{\"@type\":\"BreadcrumbList\",\"@id\":\"https:\/\/mosstrend.com\/shop\/pezzi-iconici\/oasi-mistica\/#breadcrumb\",\"itemListElement\":[{\"@type\":\"ListItem\",\"position\":1,\"name\":\"Home\",\"item\":\"https:\/\/mosstrend.com\/\"},{\"@type\":\"ListItem\",\"position\":2,\"name\":\"Shop\",\"item\":\"https:\/\/mosstrend.com\/shop\/\"},{\"@type\":\"ListItem\",\"position\":3,\"name\":\"Oasi Mistica\"}]},{\"@type\":\"WebSite\",\"@id\":\"https:\/\/mosstrend.com\/#website\",\"url\":\"https:\/\/mosstrend.com\/\",\"name\":\"Moss trend\",\"description\":\"\",\"publisher\":{\"@id\":\"https:\/\/mosstrend.com\/#organization\"},\"potentialAction\":[{\"@type\":\"SearchAction\",\"target\":{\"@type\":\"EntryPoint\",\"urlTemplate\":\"https:\/\/mosstrend.com\/?s={search_term_string}\"},\"query-input\":{\"@type\":\"PropertyValueSpecification\",\"valueRequired\":true,\"valueName\":\"search_term_string\"}}],\"inLanguage\":\"fr-FR\"},{\"@type\":\"Organization\",\"@id\":\"https:\/\/mosstrend.com\/#organization\",\"name\":\"Moss trend\",\"url\":\"https:\/\/mosstrend.com\/\",\"logo\":{\"@type\":\"ImageObject\",\"inLanguage\":\"fr-FR\",\"@id\":\"https:\/\/mosstrend.com\/#\/schema\/logo\/image\/\",\"url\":\"https:\/\/mosstrend.com\/wp-content\/uploads\/2024\/03\/logomosstrend.png\",\"contentUrl\":\"https:\/\/mosstrend.com\/wp-content\/uploads\/2024\/03\/logomosstrend.png\",\"width\":1000,\"height\":349,\"caption\":\"Moss trend\"},\"image\":{\"@id\":\"https:\/\/mosstrend.com\/#\/schema\/logo\/image\/\"}}]}<\/script>\n<!-- \/ Yoast SEO plugin. -->","yoast_head_json":{"title":"Oasi Mistica - Tendance mousse","robots":{"index":"index","follow":"follow","max-snippet":"max-snippet:-1","max-image-preview":"max-image-preview:large","max-video-preview":"max-video-preview:-1"},"canonical":"https:\/\/mosstrend.com\/fr\/boutique\/pezzi-iconici\/oasis-mystique\/","og_locale":"fr_FR","og_type":"article","og_title":"Oasi Mistica - Moss trend","og_description":"Ogni quadro \u00e8 un\u2019opera d\u2019arte sempre diversa, ogni parete \u00e8 frutto di ispirazione naturale e di sensazioni uniche. Una scelta perfetta per chi \u00e8 alla ricerca di soluzioni naturali ed eleganti per i loro interni. La variet\u00e0 di\u00a0fogliami e muschi\u00a0che vengono prima raccolti e poi\u00a0stabilizzati, andranno a comporre armoniose pareti in verde stabilizzato a manutenzione&hellip; Poursuivre la lecture Oasi Mistica","og_url":"https:\/\/mosstrend.com\/fr\/boutique\/pezzi-iconici\/oasis-mystique\/","og_site_name":"Moss trend","article_modified_time":"2025-12-02T09:01:51+00:00","og_image":[{"width":900,"height":900,"url":"https:\/\/mosstrend.com\/wp-content\/uploads\/2023\/08\/000.jpg","type":"image\/jpeg"}],"twitter_card":"summary_large_image","twitter_misc":{"Dur\u00e9e de lecture estim\u00e9e":"1 minute"},"schema":{"@context":"https:\/\/schema.org","@graph":[{"@type":"WebPage","@id":"https:\/\/mosstrend.com\/shop\/pezzi-iconici\/oasi-mistica\/","url":"https:\/\/mosstrend.com\/shop\/pezzi-iconici\/oasi-mistica\/","name":"Oasi Mistica - Tendance mousse","isPartOf":{"@id":"https:\/\/mosstrend.com\/#website"},"primaryImageOfPage":{"@id":"https:\/\/mosstrend.com\/shop\/pezzi-iconici\/oasi-mistica\/#primaryimage"},"image":{"@id":"https:\/\/mosstrend.com\/shop\/pezzi-iconici\/oasi-mistica\/#primaryimage"},"thumbnailUrl":"https:\/\/mosstrend.com\/wp-content\/uploads\/2023\/08\/000.jpg","datePublished":"2023-08-01T13:42:02+00:00","dateModified":"2025-12-02T09:01:51+00:00","breadcrumb":{"@id":"https:\/\/mosstrend.com\/shop\/pezzi-iconici\/oasi-mistica\/#breadcrumb"},"inLanguage":"fr-FR","potentialAction":[{"@type":"ReadAction","target":["https:\/\/mosstrend.com\/shop\/pezzi-iconici\/oasi-mistica\/"]}]},{"@type":"ImageObject","inLanguage":"fr-FR","@id":"https:\/\/mosstrend.com\/shop\/pezzi-iconici\/oasi-mistica\/#primaryimage","url":"https:\/\/mosstrend.com\/wp-content\/uploads\/2023\/08\/000.jpg","contentUrl":"https:\/\/mosstrend.com\/wp-content\/uploads\/2023\/08\/000.jpg","width":900,"height":900},{"@type":"BreadcrumbList","@id":"https:\/\/mosstrend.com\/shop\/pezzi-iconici\/oasi-mistica\/#breadcrumb","itemListElement":[{"@type":"ListItem","position":1,"name":"Home","item":"https:\/\/mosstrend.com\/"},{"@type":"ListItem","position":2,"name":"Shop","item":"https:\/\/mosstrend.com\/shop\/"},{"@type":"ListItem","position":3,"name":"Oasi Mistica"}]},{"@type":"WebSite","@id":"https:\/\/mosstrend.com\/#website","url":"https:\/\/mosstrend.com\/","name":"Tendance mousse","description":"","publisher":{"@id":"https:\/\/mosstrend.com\/#organization"},"potentialAction":[{"@type":"SearchAction","target":{"@type":"EntryPoint","urlTemplate":"https:\/\/mosstrend.com\/?s={search_term_string}"},"query-input":{"@type":"PropertyValueSpecification","valueRequired":true,"valueName":"search_term_string"}}],"inLanguage":"fr-FR"},{"@type":"Organization","@id":"https:\/\/mosstrend.com\/#organization","name":"Tendance mousse","url":"https:\/\/mosstrend.com\/","logo":{"@type":"ImageObject","inLanguage":"fr-FR","@id":"https:\/\/mosstrend.com\/#\/schema\/logo\/image\/","url":"https:\/\/mosstrend.com\/wp-content\/uploads\/2024\/03\/logomosstrend.png","contentUrl":"https:\/\/mosstrend.com\/wp-content\/uploads\/2024\/03\/logomosstrend.png","width":1000,"height":349,"caption":"Moss trend"},"image":{"@id":"https:\/\/mosstrend.com\/#\/schema\/logo\/image\/"}}]}},"_links":{"self":[{"href":"https:\/\/mosstrend.com\/fr\/wp-json\/wp\/v2\/product\/120883","targetHints":{"allow":["GET"]}}],"collection":[{"href":"https:\/\/mosstrend.com\/fr\/wp-json\/wp\/v2\/product"}],"about":[{"href":"https:\/\/mosstrend.com\/fr\/wp-json\/wp\/v2\/types\/product"}],"wp:featuredmedia":[{"embeddable":true,"href":"https:\/\/mosstrend.com\/fr\/wp-json\/wp\/v2\/media\/120884"}],"wp:attachment":[{"href":"https:\/\/mosstrend.com\/fr\/wp-json\/wp\/v2\/media?parent=120883"}],"wp:term":[{"taxonomy":"product_brand","embeddable":true,"href":"https:\/\/mosstrend.com\/fr\/wp-json\/wp\/v2\/product_brand?post=120883"},{"taxonomy":"product_cat","embeddable":true,"href":"https:\/\/mosstrend.com\/fr\/wp-json\/wp\/v2\/product_cat?post=120883"},{"taxonomy":"product_tag","embeddable":true,"href":"https:\/\/mosstrend.com\/fr\/wp-json\/wp\/v2\/product_tag?post=120883"},{"taxonomy":"giftcard-category","embeddable":true,"href":"https:\/\/mosstrend.com\/fr\/wp-json\/wp\/v2\/giftcard-category?post=120883"}],"curies":[{"name":"wp","href":"https:\/\/api.w.org\/{rel}","templated":true}]}}