{"id":120938,"date":"2023-08-01T16:22:50","date_gmt":"2023-08-01T14:22:50","guid":{"rendered":"https:\/\/mosstrend.com\/?post_type=product&#038;p=120938"},"modified":"2025-12-04T16:23:42","modified_gmt":"2025-12-04T15:23:42","slug":"intrigues-contemporaines","status":"publish","type":"product","link":"https:\/\/mosstrend.com\/fr\/shop\/outlet\/intrecci-contemporanei\/","title":{"rendered":"L'entrelacement contemporain"},"content":{"rendered":"<p>Les\u00a0<strong>Lichen\u00a0<\/strong>a toujours \u00e9t\u00e9 un symbole de\u00a0<strong>la vie et la fra\u00eecheur<\/strong>Elle pousse spontan\u00e9ment, m\u00eame dans les conditions les plus extr\u00eames, et s'adapte aux environnements int\u00e9rieurs.<br \/>\nC'est pourquoi il s'agit d'un excellent mat\u00e9riau pour cr\u00e9er des murs verts et des jardins verticaux. Notre collection de tableaux avec du lichen naturel stabilis\u00e9, disponible en deux couleurs de vert diff\u00e9rentes (Tilleul et Mousse), donne une touche de fra\u00eecheur aux pi\u00e8ces et absorbe le bruit ambiant (lutte contre la pollution sonore), en se maintenant pendant de nombreuses ann\u00e9es sans avoir besoin d'eau, de terre ou d'autres nutriments.<\/p>\n<p>Tout le vert stabilis\u00e9 est\u00a0<strong>100% naturel<\/strong>\u00a0et reste si belle au fil des ans parce qu'elle est trait\u00e9e avec une substance naturelle \u00e0 base de glyc\u00e9rine et d'eau qui remplace la s\u00e8ve des plantes. Tous les produits stabilis\u00e9s\u00a0<strong>se conservent parfaitement dans le temps<\/strong>\u00a0et ne n\u00e9cessitent pas d'attention particuli\u00e8re, car ils n'ont pas besoin d'\u00eatre arros\u00e9s.<\/p>\n<p><strong>Conception et recherche italiennes<\/strong>combin\u00e9e \u00e0 la naturalit\u00e9 de la mousse et du lichen stabilis\u00e9s, cr\u00e9e un produit unique et innovant.<br \/>\nLa verdure stabilis\u00e9e est un type de mobilier innovant et encore peu r\u00e9pandu, qui permet de cr\u00e9er des designs exclusifs et personnalisables.<\/p>\n<p><strong>Adoucit l'espace<\/strong>\u00a0et cr\u00e9e un environnement naturel tout en r\u00e9duisant le bruit ambiant.<\/p>","protected":false},"excerpt":{"rendered":"<p>Il\u00a0Lichene\u00a0\u00e8 sempre stato simbolo di\u00a0vita e freschezza, cresce spontaneamente anche nelle condizioni pi\u00f9 estreme adattandosi anche ad ambienti interni. Ecco perch\u00e9 \u00e8 un ottimo materiale per la realizzazione di pareti verdi e giardini verticali. La nostra collezione di quadri con Lichene naturale stabilizzato, disponibile in due differenti colorazioni di verde (Lime e Muschio), d\u00e0 un&hellip; <a class=\"more-link\" href=\"https:\/\/mosstrend.com\/fr\/shop\/outlet\/intrecci-contemporanei\/\">Poursuivre la lecture <span class=\"screen-reader-text\">L'entrelacement contemporain<\/span><\/a><\/p>","protected":false},"featured_media":125308,"template":"","meta":{"_acf_changed":false},"product_brand":[],"product_cat":[1141],"product_tag":[],"giftcard-category":[],"class_list":{"0":"post-120938","1":"product","2":"type-product","3":"status-publish","4":"has-post-thumbnail","6":"product_cat-outlet","7":"entry","9":"first","10":"instock","11":"taxable","12":"shipping-taxable","13":"purchasable","14":"product-type-variable"},"acf":[],"yoast_head":"<!-- This site is optimized with the Yoast SEO plugin v27.2 - https:\/\/yoast.com\/product\/yoast-seo-wordpress\/ -->\n<title>Intrecci Contemporanei - Moss trend<\/title>\n<meta name=\"robots\" content=\"index, follow, max-snippet:-1, max-image-preview:large, max-video-preview:-1\" \/>\n<link rel=\"canonical\" href=\"https:\/\/mosstrend.com\/fr\/boutique\/outlet\/intrigues-contemporaines\/\" \/>\n<meta property=\"og:locale\" content=\"fr_FR\" \/>\n<meta property=\"og:type\" content=\"article\" \/>\n<meta property=\"og:title\" content=\"Intrecci Contemporanei - Moss trend\" \/>\n<meta property=\"og:description\" content=\"Il\u00a0Lichene\u00a0\u00e8 sempre stato simbolo di\u00a0vita e freschezza, cresce spontaneamente anche nelle condizioni pi\u00f9 estreme adattandosi anche ad ambienti interni. Ecco perch\u00e9 \u00e8 un ottimo materiale per la realizzazione di pareti verdi e giardini verticali. La nostra collezione di quadri con Lichene naturale stabilizzato, disponibile in due differenti colorazioni di verde (Lime e Muschio), d\u00e0 un&hellip; Poursuivre la lecture Intrecci Contemporanei\" \/>\n<meta property=\"og:url\" content=\"https:\/\/mosstrend.com\/fr\/boutique\/outlet\/intrigues-contemporaines\/\" \/>\n<meta property=\"og:site_name\" content=\"Moss trend\" \/>\n<meta property=\"article:modified_time\" content=\"2025-12-04T15:23:42+00:00\" \/>\n<meta property=\"og:image\" content=\"https:\/\/mosstrend.com\/wp-content\/uploads\/2023\/08\/000-9b.jpg\" \/>\n\t<meta property=\"og:image:width\" content=\"900\" \/>\n\t<meta property=\"og:image:height\" content=\"900\" \/>\n\t<meta property=\"og:image:type\" content=\"image\/jpeg\" \/>\n<meta name=\"twitter:card\" content=\"summary_large_image\" \/>\n<meta name=\"twitter:label1\" content=\"Dur\u00e9e de lecture estim\u00e9e\" \/>\n\t<meta name=\"twitter:data1\" content=\"2 minutes\" \/>\n<script type=\"application\/ld+json\" class=\"yoast-schema-graph\">{\"@context\":\"https:\/\/schema.org\",\"@graph\":[{\"@type\":\"WebPage\",\"@id\":\"https:\/\/mosstrend.com\/shop\/outlet\/intrecci-contemporanei\/\",\"url\":\"https:\/\/mosstrend.com\/shop\/outlet\/intrecci-contemporanei\/\",\"name\":\"Intrecci Contemporanei - Moss trend\",\"isPartOf\":{\"@id\":\"https:\/\/mosstrend.com\/#website\"},\"primaryImageOfPage\":{\"@id\":\"https:\/\/mosstrend.com\/shop\/outlet\/intrecci-contemporanei\/#primaryimage\"},\"image\":{\"@id\":\"https:\/\/mosstrend.com\/shop\/outlet\/intrecci-contemporanei\/#primaryimage\"},\"thumbnailUrl\":\"https:\/\/mosstrend.com\/wp-content\/uploads\/2023\/08\/000-9b.jpg\",\"datePublished\":\"2023-08-01T14:22:50+00:00\",\"dateModified\":\"2025-12-04T15:23:42+00:00\",\"breadcrumb\":{\"@id\":\"https:\/\/mosstrend.com\/shop\/outlet\/intrecci-contemporanei\/#breadcrumb\"},\"inLanguage\":\"fr-FR\",\"potentialAction\":[{\"@type\":\"ReadAction\",\"target\":[\"https:\/\/mosstrend.com\/shop\/outlet\/intrecci-contemporanei\/\"]}]},{\"@type\":\"ImageObject\",\"inLanguage\":\"fr-FR\",\"@id\":\"https:\/\/mosstrend.com\/shop\/outlet\/intrecci-contemporanei\/#primaryimage\",\"url\":\"https:\/\/mosstrend.com\/wp-content\/uploads\/2023\/08\/000-9b.jpg\",\"contentUrl\":\"https:\/\/mosstrend.com\/wp-content\/uploads\/2023\/08\/000-9b.jpg\",\"width\":900,\"height\":900},{\"@type\":\"BreadcrumbList\",\"@id\":\"https:\/\/mosstrend.com\/shop\/outlet\/intrecci-contemporanei\/#breadcrumb\",\"itemListElement\":[{\"@type\":\"ListItem\",\"position\":1,\"name\":\"Home\",\"item\":\"https:\/\/mosstrend.com\/\"},{\"@type\":\"ListItem\",\"position\":2,\"name\":\"Shop\",\"item\":\"https:\/\/mosstrend.com\/shop\/\"},{\"@type\":\"ListItem\",\"position\":3,\"name\":\"Intrecci Contemporanei\"}]},{\"@type\":\"WebSite\",\"@id\":\"https:\/\/mosstrend.com\/#website\",\"url\":\"https:\/\/mosstrend.com\/\",\"name\":\"Moss trend\",\"description\":\"\",\"publisher\":{\"@id\":\"https:\/\/mosstrend.com\/#organization\"},\"potentialAction\":[{\"@type\":\"SearchAction\",\"target\":{\"@type\":\"EntryPoint\",\"urlTemplate\":\"https:\/\/mosstrend.com\/?s={search_term_string}\"},\"query-input\":{\"@type\":\"PropertyValueSpecification\",\"valueRequired\":true,\"valueName\":\"search_term_string\"}}],\"inLanguage\":\"fr-FR\"},{\"@type\":\"Organization\",\"@id\":\"https:\/\/mosstrend.com\/#organization\",\"name\":\"Moss trend\",\"url\":\"https:\/\/mosstrend.com\/\",\"logo\":{\"@type\":\"ImageObject\",\"inLanguage\":\"fr-FR\",\"@id\":\"https:\/\/mosstrend.com\/#\/schema\/logo\/image\/\",\"url\":\"https:\/\/mosstrend.com\/wp-content\/uploads\/2024\/03\/logomosstrend.png\",\"contentUrl\":\"https:\/\/mosstrend.com\/wp-content\/uploads\/2024\/03\/logomosstrend.png\",\"width\":1000,\"height\":349,\"caption\":\"Moss trend\"},\"image\":{\"@id\":\"https:\/\/mosstrend.com\/#\/schema\/logo\/image\/\"}}]}<\/script>\n<!-- \/ Yoast SEO plugin. -->","yoast_head_json":{"title":"Tissage contemporain - Tendance mousse","robots":{"index":"index","follow":"follow","max-snippet":"max-snippet:-1","max-image-preview":"max-image-preview:large","max-video-preview":"max-video-preview:-1"},"canonical":"https:\/\/mosstrend.com\/fr\/boutique\/outlet\/intrigues-contemporaines\/","og_locale":"fr_FR","og_type":"article","og_title":"Intrecci Contemporanei - Moss trend","og_description":"Il\u00a0Lichene\u00a0\u00e8 sempre stato simbolo di\u00a0vita e freschezza, cresce spontaneamente anche nelle condizioni pi\u00f9 estreme adattandosi anche ad ambienti interni. Ecco perch\u00e9 \u00e8 un ottimo materiale per la realizzazione di pareti verdi e giardini verticali. La nostra collezione di quadri con Lichene naturale stabilizzato, disponibile in due differenti colorazioni di verde (Lime e Muschio), d\u00e0 un&hellip; Poursuivre la lecture Intrecci Contemporanei","og_url":"https:\/\/mosstrend.com\/fr\/boutique\/outlet\/intrigues-contemporaines\/","og_site_name":"Moss trend","article_modified_time":"2025-12-04T15:23:42+00:00","og_image":[{"width":900,"height":900,"url":"https:\/\/mosstrend.com\/wp-content\/uploads\/2023\/08\/000-9b.jpg","type":"image\/jpeg"}],"twitter_card":"summary_large_image","twitter_misc":{"Dur\u00e9e de lecture estim\u00e9e":"2 minutes"},"schema":{"@context":"https:\/\/schema.org","@graph":[{"@type":"WebPage","@id":"https:\/\/mosstrend.com\/shop\/outlet\/intrecci-contemporanei\/","url":"https:\/\/mosstrend.com\/shop\/outlet\/intrecci-contemporanei\/","name":"Tissage contemporain - Tendance mousse","isPartOf":{"@id":"https:\/\/mosstrend.com\/#website"},"primaryImageOfPage":{"@id":"https:\/\/mosstrend.com\/shop\/outlet\/intrecci-contemporanei\/#primaryimage"},"image":{"@id":"https:\/\/mosstrend.com\/shop\/outlet\/intrecci-contemporanei\/#primaryimage"},"thumbnailUrl":"https:\/\/mosstrend.com\/wp-content\/uploads\/2023\/08\/000-9b.jpg","datePublished":"2023-08-01T14:22:50+00:00","dateModified":"2025-12-04T15:23:42+00:00","breadcrumb":{"@id":"https:\/\/mosstrend.com\/shop\/outlet\/intrecci-contemporanei\/#breadcrumb"},"inLanguage":"fr-FR","potentialAction":[{"@type":"ReadAction","target":["https:\/\/mosstrend.com\/shop\/outlet\/intrecci-contemporanei\/"]}]},{"@type":"ImageObject","inLanguage":"fr-FR","@id":"https:\/\/mosstrend.com\/shop\/outlet\/intrecci-contemporanei\/#primaryimage","url":"https:\/\/mosstrend.com\/wp-content\/uploads\/2023\/08\/000-9b.jpg","contentUrl":"https:\/\/mosstrend.com\/wp-content\/uploads\/2023\/08\/000-9b.jpg","width":900,"height":900},{"@type":"BreadcrumbList","@id":"https:\/\/mosstrend.com\/shop\/outlet\/intrecci-contemporanei\/#breadcrumb","itemListElement":[{"@type":"ListItem","position":1,"name":"Home","item":"https:\/\/mosstrend.com\/"},{"@type":"ListItem","position":2,"name":"Shop","item":"https:\/\/mosstrend.com\/shop\/"},{"@type":"ListItem","position":3,"name":"Intrecci Contemporanei"}]},{"@type":"WebSite","@id":"https:\/\/mosstrend.com\/#website","url":"https:\/\/mosstrend.com\/","name":"Tendance mousse","description":"","publisher":{"@id":"https:\/\/mosstrend.com\/#organization"},"potentialAction":[{"@type":"SearchAction","target":{"@type":"EntryPoint","urlTemplate":"https:\/\/mosstrend.com\/?s={search_term_string}"},"query-input":{"@type":"PropertyValueSpecification","valueRequired":true,"valueName":"search_term_string"}}],"inLanguage":"fr-FR"},{"@type":"Organization","@id":"https:\/\/mosstrend.com\/#organization","name":"Tendance mousse","url":"https:\/\/mosstrend.com\/","logo":{"@type":"ImageObject","inLanguage":"fr-FR","@id":"https:\/\/mosstrend.com\/#\/schema\/logo\/image\/","url":"https:\/\/mosstrend.com\/wp-content\/uploads\/2024\/03\/logomosstrend.png","contentUrl":"https:\/\/mosstrend.com\/wp-content\/uploads\/2024\/03\/logomosstrend.png","width":1000,"height":349,"caption":"Moss trend"},"image":{"@id":"https:\/\/mosstrend.com\/#\/schema\/logo\/image\/"}}]}},"_links":{"self":[{"href":"https:\/\/mosstrend.com\/fr\/wp-json\/wp\/v2\/product\/120938","targetHints":{"allow":["GET"]}}],"collection":[{"href":"https:\/\/mosstrend.com\/fr\/wp-json\/wp\/v2\/product"}],"about":[{"href":"https:\/\/mosstrend.com\/fr\/wp-json\/wp\/v2\/types\/product"}],"wp:featuredmedia":[{"embeddable":true,"href":"https:\/\/mosstrend.com\/fr\/wp-json\/wp\/v2\/media\/125308"}],"wp:attachment":[{"href":"https:\/\/mosstrend.com\/fr\/wp-json\/wp\/v2\/media?parent=120938"}],"wp:term":[{"taxonomy":"product_brand","embeddable":true,"href":"https:\/\/mosstrend.com\/fr\/wp-json\/wp\/v2\/product_brand?post=120938"},{"taxonomy":"product_cat","embeddable":true,"href":"https:\/\/mosstrend.com\/fr\/wp-json\/wp\/v2\/product_cat?post=120938"},{"taxonomy":"product_tag","embeddable":true,"href":"https:\/\/mosstrend.com\/fr\/wp-json\/wp\/v2\/product_tag?post=120938"},{"taxonomy":"giftcard-category","embeddable":true,"href":"https:\/\/mosstrend.com\/fr\/wp-json\/wp\/v2\/giftcard-category?post=120938"}],"curies":[{"name":"wp","href":"https:\/\/api.w.org\/{rel}","templated":true}]}}