{"id":122771,"date":"2024-07-05T16:49:18","date_gmt":"2024-07-05T14:49:18","guid":{"rendered":"https:\/\/mosstrend.com\/?post_type=product&#038;p=122771"},"modified":"2025-11-04T15:42:23","modified_gmt":"2025-11-04T14:42:23","slug":"bio","status":"publish","type":"product","link":"https:\/\/mosstrend.com\/fr\/shop\/complementi-darredo\/bio\/","title":{"rendered":"Bio"},"content":{"rendered":"<p>Soulignez votre engagement en faveur du d\u00e9veloppement durable avec le panneau vert stabilis\u00e9 \"Bio\" de Moss Trend. Cet \u00e9l\u00e9gant \u00e9l\u00e9ment d\u00e9coratif est parfait pour ajouter une touche de vert naturel \u00e0 tout environnement, qu'il soit r\u00e9sidentiel ou commercial, et repr\u00e9sente un message fort de conscience \u00e9cologique.<\/p>\n<p>&nbsp;<\/p>\n<h4>Caract\u00e9ristiques principales :<\/h4>\n<ul>\n<li><strong>Mat\u00e9riaux naturels et durables<\/strong>Le panneau \"Bio\" est compos\u00e9 de mousse et de plantes stabilis\u00e9es de haute qualit\u00e9, qui conservent leur fra\u00eecheur et leur couleur sans n\u00e9cessiter d'entretien.<\/li>\n<li><strong>Design moderne<\/strong>: Avec ses lignes \u00e9pur\u00e9es et son design accrocheur, cette d\u00e9coration s'int\u00e8gre parfaitement \u00e0 tous les styles d'ameublement, de l'industriel au minimaliste.<\/li>\n<li><strong>Z\u00e9ro maintenance<\/strong>Gr\u00e2ce au processus de stabilisation, la mousse reste verte et vivante sans avoir besoin d'eau, de soleil ou de soins particuliers.<\/li>\n<li><strong>Avantages pour le bien-\u00eatre<\/strong>L'int\u00e9gration d'\u00e9l\u00e9ments naturels dans les espaces int\u00e9rieurs peut contribuer \u00e0 r\u00e9duire le stress et \u00e0 am\u00e9liorer la qualit\u00e9 de l'air, cr\u00e9ant ainsi un environnement plus sain et plus agr\u00e9able.<\/li>\n<\/ul>\n<p>&nbsp;<\/p>\n<h4>Utilisation et positionnement :<\/h4>\n<p>Bio\" en vert stabilis\u00e9 est id\u00e9al pour d\u00e9corer les bureaux, les salons, les studios, les r\u00e9ceptions et tout espace qui a besoin d'une touche de vert. Il est \u00e9galement parfait comme id\u00e9e de cadeau pour les amateurs de design durable.<\/p>","protected":false},"excerpt":{"rendered":"<p>Enfatizza il tuo impegno verso la sostenibilit\u00e0 con la scritta &#8220;Bio&#8221; in verde stabilizzato di Moss Trend. Questo elegante elemento decorativo \u00e8 perfetto per aggiungere un tocco di verde naturale a qualsiasi ambiente, sia residenziale che commerciale, e rappresenta un forte messaggio di eco-consapevolezza. &nbsp; Caratteristiche Principali: Materiali Naturali e Sostenibili: La scritta &#8220;Bio&#8221; \u00e8&hellip; <a class=\"more-link\" href=\"https:\/\/mosstrend.com\/fr\/shop\/complementi-darredo\/bio\/\">Poursuivre la lecture <span class=\"screen-reader-text\">Bio<\/span><\/a><\/p>","protected":false},"featured_media":122772,"template":"","meta":{"_acf_changed":false},"product_brand":[],"product_cat":[1068,1136],"product_tag":[],"giftcard-category":[],"class_list":{"0":"post-122771","1":"product","2":"type-product","3":"status-publish","4":"has-post-thumbnail","6":"product_cat-complementi-darredo","7":"product_cat-oggettistica","8":"entry","10":"first","11":"instock","12":"sale","13":"taxable","14":"shipping-taxable","15":"purchasable","16":"product-type-simple"},"acf":[],"yoast_head":"<!-- This site is optimized with the Yoast SEO plugin v27.2 - https:\/\/yoast.com\/product\/yoast-seo-wordpress\/ -->\n<title>Bio - Moss trend<\/title>\n<meta name=\"robots\" content=\"index, follow, max-snippet:-1, max-image-preview:large, max-video-preview:-1\" \/>\n<link rel=\"canonical\" href=\"https:\/\/mosstrend.com\/fr\/boutique\/accessoires-dameublement\/bio\/\" \/>\n<meta property=\"og:locale\" content=\"fr_FR\" \/>\n<meta property=\"og:type\" content=\"article\" \/>\n<meta property=\"og:title\" content=\"Bio - Moss trend\" \/>\n<meta property=\"og:description\" content=\"Enfatizza il tuo impegno verso la sostenibilit\u00e0 con la scritta &#8220;Bio&#8221; in verde stabilizzato di Moss Trend. Questo elegante elemento decorativo \u00e8 perfetto per aggiungere un tocco di verde naturale a qualsiasi ambiente, sia residenziale che commerciale, e rappresenta un forte messaggio di eco-consapevolezza. &nbsp; Caratteristiche Principali: Materiali Naturali e Sostenibili: La scritta &#8220;Bio&#8221; \u00e8&hellip; Poursuivre la lecture Bio\" \/>\n<meta property=\"og:url\" content=\"https:\/\/mosstrend.com\/fr\/boutique\/accessoires-dameublement\/bio\/\" \/>\n<meta property=\"og:site_name\" content=\"Moss trend\" \/>\n<meta property=\"article:modified_time\" content=\"2025-11-04T14:42:23+00:00\" \/>\n<meta property=\"og:image\" content=\"https:\/\/mosstrend.com\/wp-content\/uploads\/2024\/07\/bio01.jpg\" \/>\n\t<meta property=\"og:image:width\" content=\"900\" \/>\n\t<meta property=\"og:image:height\" content=\"900\" \/>\n\t<meta property=\"og:image:type\" content=\"image\/jpeg\" \/>\n<meta name=\"twitter:card\" content=\"summary_large_image\" \/>\n<meta name=\"twitter:label1\" content=\"Dur\u00e9e de lecture estim\u00e9e\" \/>\n\t<meta name=\"twitter:data1\" content=\"2 minutes\" \/>\n<script type=\"application\/ld+json\" class=\"yoast-schema-graph\">{\"@context\":\"https:\/\/schema.org\",\"@graph\":[{\"@type\":\"WebPage\",\"@id\":\"https:\/\/mosstrend.com\/shop\/complementi-darredo\/bio\/\",\"url\":\"https:\/\/mosstrend.com\/shop\/complementi-darredo\/bio\/\",\"name\":\"Bio - Moss trend\",\"isPartOf\":{\"@id\":\"https:\/\/mosstrend.com\/#website\"},\"primaryImageOfPage\":{\"@id\":\"https:\/\/mosstrend.com\/shop\/complementi-darredo\/bio\/#primaryimage\"},\"image\":{\"@id\":\"https:\/\/mosstrend.com\/shop\/complementi-darredo\/bio\/#primaryimage\"},\"thumbnailUrl\":\"https:\/\/mosstrend.com\/wp-content\/uploads\/2024\/07\/bio01.jpg\",\"datePublished\":\"2024-07-05T14:49:18+00:00\",\"dateModified\":\"2025-11-04T14:42:23+00:00\",\"breadcrumb\":{\"@id\":\"https:\/\/mosstrend.com\/shop\/complementi-darredo\/bio\/#breadcrumb\"},\"inLanguage\":\"fr-FR\",\"potentialAction\":[{\"@type\":\"ReadAction\",\"target\":[\"https:\/\/mosstrend.com\/shop\/complementi-darredo\/bio\/\"]}]},{\"@type\":\"ImageObject\",\"inLanguage\":\"fr-FR\",\"@id\":\"https:\/\/mosstrend.com\/shop\/complementi-darredo\/bio\/#primaryimage\",\"url\":\"https:\/\/mosstrend.com\/wp-content\/uploads\/2024\/07\/bio01.jpg\",\"contentUrl\":\"https:\/\/mosstrend.com\/wp-content\/uploads\/2024\/07\/bio01.jpg\",\"width\":900,\"height\":900},{\"@type\":\"BreadcrumbList\",\"@id\":\"https:\/\/mosstrend.com\/shop\/complementi-darredo\/bio\/#breadcrumb\",\"itemListElement\":[{\"@type\":\"ListItem\",\"position\":1,\"name\":\"Home\",\"item\":\"https:\/\/mosstrend.com\/\"},{\"@type\":\"ListItem\",\"position\":2,\"name\":\"Shop\",\"item\":\"https:\/\/mosstrend.com\/shop\/\"},{\"@type\":\"ListItem\",\"position\":3,\"name\":\"Bio\"}]},{\"@type\":\"WebSite\",\"@id\":\"https:\/\/mosstrend.com\/#website\",\"url\":\"https:\/\/mosstrend.com\/\",\"name\":\"Moss trend\",\"description\":\"\",\"publisher\":{\"@id\":\"https:\/\/mosstrend.com\/#organization\"},\"potentialAction\":[{\"@type\":\"SearchAction\",\"target\":{\"@type\":\"EntryPoint\",\"urlTemplate\":\"https:\/\/mosstrend.com\/?s={search_term_string}\"},\"query-input\":{\"@type\":\"PropertyValueSpecification\",\"valueRequired\":true,\"valueName\":\"search_term_string\"}}],\"inLanguage\":\"fr-FR\"},{\"@type\":\"Organization\",\"@id\":\"https:\/\/mosstrend.com\/#organization\",\"name\":\"Moss trend\",\"url\":\"https:\/\/mosstrend.com\/\",\"logo\":{\"@type\":\"ImageObject\",\"inLanguage\":\"fr-FR\",\"@id\":\"https:\/\/mosstrend.com\/#\/schema\/logo\/image\/\",\"url\":\"https:\/\/mosstrend.com\/wp-content\/uploads\/2024\/03\/logomosstrend.png\",\"contentUrl\":\"https:\/\/mosstrend.com\/wp-content\/uploads\/2024\/03\/logomosstrend.png\",\"width\":1000,\"height\":349,\"caption\":\"Moss trend\"},\"image\":{\"@id\":\"https:\/\/mosstrend.com\/#\/schema\/logo\/image\/\"}}]}<\/script>\n<!-- \/ Yoast SEO plugin. -->","yoast_head_json":{"title":"Bio - La tendance des mousses","robots":{"index":"index","follow":"follow","max-snippet":"max-snippet:-1","max-image-preview":"max-image-preview:large","max-video-preview":"max-video-preview:-1"},"canonical":"https:\/\/mosstrend.com\/fr\/boutique\/accessoires-dameublement\/bio\/","og_locale":"fr_FR","og_type":"article","og_title":"Bio - Moss trend","og_description":"Enfatizza il tuo impegno verso la sostenibilit\u00e0 con la scritta &#8220;Bio&#8221; in verde stabilizzato di Moss Trend. Questo elegante elemento decorativo \u00e8 perfetto per aggiungere un tocco di verde naturale a qualsiasi ambiente, sia residenziale che commerciale, e rappresenta un forte messaggio di eco-consapevolezza. &nbsp; Caratteristiche Principali: Materiali Naturali e Sostenibili: La scritta &#8220;Bio&#8221; \u00e8&hellip; Poursuivre la lecture Bio","og_url":"https:\/\/mosstrend.com\/fr\/boutique\/accessoires-dameublement\/bio\/","og_site_name":"Moss trend","article_modified_time":"2025-11-04T14:42:23+00:00","og_image":[{"width":900,"height":900,"url":"https:\/\/mosstrend.com\/wp-content\/uploads\/2024\/07\/bio01.jpg","type":"image\/jpeg"}],"twitter_card":"summary_large_image","twitter_misc":{"Dur\u00e9e de lecture estim\u00e9e":"2 minutes"},"schema":{"@context":"https:\/\/schema.org","@graph":[{"@type":"WebPage","@id":"https:\/\/mosstrend.com\/shop\/complementi-darredo\/bio\/","url":"https:\/\/mosstrend.com\/shop\/complementi-darredo\/bio\/","name":"Bio - La tendance des mousses","isPartOf":{"@id":"https:\/\/mosstrend.com\/#website"},"primaryImageOfPage":{"@id":"https:\/\/mosstrend.com\/shop\/complementi-darredo\/bio\/#primaryimage"},"image":{"@id":"https:\/\/mosstrend.com\/shop\/complementi-darredo\/bio\/#primaryimage"},"thumbnailUrl":"https:\/\/mosstrend.com\/wp-content\/uploads\/2024\/07\/bio01.jpg","datePublished":"2024-07-05T14:49:18+00:00","dateModified":"2025-11-04T14:42:23+00:00","breadcrumb":{"@id":"https:\/\/mosstrend.com\/shop\/complementi-darredo\/bio\/#breadcrumb"},"inLanguage":"fr-FR","potentialAction":[{"@type":"ReadAction","target":["https:\/\/mosstrend.com\/shop\/complementi-darredo\/bio\/"]}]},{"@type":"ImageObject","inLanguage":"fr-FR","@id":"https:\/\/mosstrend.com\/shop\/complementi-darredo\/bio\/#primaryimage","url":"https:\/\/mosstrend.com\/wp-content\/uploads\/2024\/07\/bio01.jpg","contentUrl":"https:\/\/mosstrend.com\/wp-content\/uploads\/2024\/07\/bio01.jpg","width":900,"height":900},{"@type":"BreadcrumbList","@id":"https:\/\/mosstrend.com\/shop\/complementi-darredo\/bio\/#breadcrumb","itemListElement":[{"@type":"ListItem","position":1,"name":"Home","item":"https:\/\/mosstrend.com\/"},{"@type":"ListItem","position":2,"name":"Shop","item":"https:\/\/mosstrend.com\/shop\/"},{"@type":"ListItem","position":3,"name":"Bio"}]},{"@type":"WebSite","@id":"https:\/\/mosstrend.com\/#website","url":"https:\/\/mosstrend.com\/","name":"Tendance mousse","description":"","publisher":{"@id":"https:\/\/mosstrend.com\/#organization"},"potentialAction":[{"@type":"SearchAction","target":{"@type":"EntryPoint","urlTemplate":"https:\/\/mosstrend.com\/?s={search_term_string}"},"query-input":{"@type":"PropertyValueSpecification","valueRequired":true,"valueName":"search_term_string"}}],"inLanguage":"fr-FR"},{"@type":"Organization","@id":"https:\/\/mosstrend.com\/#organization","name":"Tendance mousse","url":"https:\/\/mosstrend.com\/","logo":{"@type":"ImageObject","inLanguage":"fr-FR","@id":"https:\/\/mosstrend.com\/#\/schema\/logo\/image\/","url":"https:\/\/mosstrend.com\/wp-content\/uploads\/2024\/03\/logomosstrend.png","contentUrl":"https:\/\/mosstrend.com\/wp-content\/uploads\/2024\/03\/logomosstrend.png","width":1000,"height":349,"caption":"Moss trend"},"image":{"@id":"https:\/\/mosstrend.com\/#\/schema\/logo\/image\/"}}]}},"_links":{"self":[{"href":"https:\/\/mosstrend.com\/fr\/wp-json\/wp\/v2\/product\/122771","targetHints":{"allow":["GET"]}}],"collection":[{"href":"https:\/\/mosstrend.com\/fr\/wp-json\/wp\/v2\/product"}],"about":[{"href":"https:\/\/mosstrend.com\/fr\/wp-json\/wp\/v2\/types\/product"}],"wp:featuredmedia":[{"embeddable":true,"href":"https:\/\/mosstrend.com\/fr\/wp-json\/wp\/v2\/media\/122772"}],"wp:attachment":[{"href":"https:\/\/mosstrend.com\/fr\/wp-json\/wp\/v2\/media?parent=122771"}],"wp:term":[{"taxonomy":"product_brand","embeddable":true,"href":"https:\/\/mosstrend.com\/fr\/wp-json\/wp\/v2\/product_brand?post=122771"},{"taxonomy":"product_cat","embeddable":true,"href":"https:\/\/mosstrend.com\/fr\/wp-json\/wp\/v2\/product_cat?post=122771"},{"taxonomy":"product_tag","embeddable":true,"href":"https:\/\/mosstrend.com\/fr\/wp-json\/wp\/v2\/product_tag?post=122771"},{"taxonomy":"giftcard-category","embeddable":true,"href":"https:\/\/mosstrend.com\/fr\/wp-json\/wp\/v2\/giftcard-category?post=122771"}],"curies":[{"name":"wp","href":"https:\/\/api.w.org\/{rel}","templated":true}]}}