{"id":123217,"date":"2024-10-25T10:28:10","date_gmt":"2024-10-25T08:28:10","guid":{"rendered":"https:\/\/mosstrend.com\/?post_type=product&#038;p=123217"},"modified":"2025-12-02T10:01:51","modified_gmt":"2025-12-02T09:01:51","slug":"la-colline-2","status":"publish","type":"product","link":"https:\/\/mosstrend.com\/fr\/shop\/pezzi-iconici\/il-colle-2\/","title":{"rendered":"La Colline"},"content":{"rendered":"<p>Le design et la recherche italiens, combin\u00e9s \u00e0 la naturalit\u00e9 de l'eau de mer, ont permis d'am\u00e9liorer la qualit\u00e9 de l'eau de mer. <strong>mousse et lichen stabilis\u00e9<\/strong>donnent lieu \u00e0 un produit <strong>seulement<\/strong> et <strong>innovante<\/strong>.<\/p>\n<p>Chaque tableau est une \u0153uvre d'art toujours diff\u00e9rente et jamais banale, chaque mur est le r\u00e9sultat d'une inspiration naturelle et de sensations uniques.<br \/>\nUn choix parfait pour ceux qui recherchent des solutions naturelles et \u00e9l\u00e9gantes pour leur int\u00e9rieur.<\/p>\n<p>Avec un degr\u00e9 d'humidit\u00e9 ad\u00e9quat, les mousses et les lichens, par l'interm\u00e9diaire de l'eau, peuvent se d\u00e9velopper. <strong>l'absorption de l'humidit\u00e9 de l'air, ils conservent leur aspect naturel, sans aucun entretien.<\/strong><\/p>\n<p>Quelle que soit la combinaison que vous choisirez, nos tableaux de plantes vous permettront d'introduire dans votre maison un \u00e9l\u00e9ment original de la nature, avec des motifs qui attirent l'attention.<\/p>","protected":false},"excerpt":{"rendered":"<p>Design e ricerca italiani, uniti alla naturalezza del muschio e del lichene stabilizzato, danno vita ad un prodotto unico ed innovativo. Ogni quadro \u00e8 un\u2019opera d\u2019arte sempre diversa e mai banale, ogni parete \u00e8 frutto di ispirazione naturale e di sensazioni uniche. Una scelta perfetta per chi \u00e8 alla ricerca di soluzioni naturali ed eleganti&hellip; <a class=\"more-link\" href=\"https:\/\/mosstrend.com\/fr\/shop\/pezzi-iconici\/il-colle-2\/\">Poursuivre la lecture <span class=\"screen-reader-text\">La Colline<\/span><\/a><\/p>","protected":false},"featured_media":123221,"template":"","meta":{"_acf_changed":false},"product_brand":[],"product_cat":[1139],"product_tag":[1061],"giftcard-category":[],"class_list":{"0":"post-123217","1":"product","2":"type-product","3":"status-publish","4":"has-post-thumbnail","6":"product_cat-pezzi-iconici","7":"product_tag-novita","8":"entry","10":"first","11":"instock","12":"taxable","13":"shipping-taxable","14":"purchasable","15":"product-type-variable"},"acf":[],"yoast_head":"<!-- This site is optimized with the Yoast SEO plugin v27.4 - https:\/\/yoast.com\/product\/yoast-seo-wordpress\/ -->\n<title>Il Colle - Moss trend<\/title>\n<meta name=\"robots\" content=\"index, follow, max-snippet:-1, max-image-preview:large, max-video-preview:-1\" \/>\n<link rel=\"canonical\" href=\"https:\/\/mosstrend.com\/fr\/boutique\/pezzi-iconici\/la-colline-2\/\" \/>\n<meta property=\"og:locale\" content=\"fr_FR\" \/>\n<meta property=\"og:type\" content=\"article\" \/>\n<meta property=\"og:title\" content=\"Il Colle - Moss trend\" \/>\n<meta property=\"og:description\" content=\"Design e ricerca italiani, uniti alla naturalezza del muschio e del lichene stabilizzato, danno vita ad un prodotto unico ed innovativo. Ogni quadro \u00e8 un\u2019opera d\u2019arte sempre diversa e mai banale, ogni parete \u00e8 frutto di ispirazione naturale e di sensazioni uniche. Una scelta perfetta per chi \u00e8 alla ricerca di soluzioni naturali ed eleganti&hellip; Poursuivre la lecture Il Colle\" \/>\n<meta property=\"og:url\" content=\"https:\/\/mosstrend.com\/fr\/boutique\/pezzi-iconici\/la-colline-2\/\" \/>\n<meta property=\"og:site_name\" content=\"Moss trend\" \/>\n<meta property=\"article:modified_time\" content=\"2025-12-02T09:01:51+00:00\" \/>\n<meta property=\"og:image\" content=\"https:\/\/mosstrend.com\/wp-content\/uploads\/2024\/10\/collerotondo_01.jpg\" \/>\n\t<meta property=\"og:image:width\" content=\"900\" \/>\n\t<meta property=\"og:image:height\" content=\"900\" \/>\n\t<meta property=\"og:image:type\" content=\"image\/jpeg\" \/>\n<meta name=\"twitter:card\" content=\"summary_large_image\" \/>\n<meta name=\"twitter:label1\" content=\"Dur\u00e9e de lecture estim\u00e9e\" \/>\n\t<meta name=\"twitter:data1\" content=\"1 minute\" \/>\n<script type=\"application\/ld+json\" class=\"yoast-schema-graph\">{\"@context\":\"https:\\\/\\\/schema.org\",\"@graph\":[{\"@type\":\"WebPage\",\"@id\":\"https:\\\/\\\/mosstrend.com\\\/shop\\\/pezzi-iconici\\\/il-colle-2\\\/\",\"url\":\"https:\\\/\\\/mosstrend.com\\\/shop\\\/pezzi-iconici\\\/il-colle-2\\\/\",\"name\":\"Il Colle - Moss trend\",\"isPartOf\":{\"@id\":\"https:\\\/\\\/mosstrend.com\\\/#website\"},\"primaryImageOfPage\":{\"@id\":\"https:\\\/\\\/mosstrend.com\\\/shop\\\/pezzi-iconici\\\/il-colle-2\\\/#primaryimage\"},\"image\":{\"@id\":\"https:\\\/\\\/mosstrend.com\\\/shop\\\/pezzi-iconici\\\/il-colle-2\\\/#primaryimage\"},\"thumbnailUrl\":\"https:\\\/\\\/mosstrend.com\\\/wp-content\\\/uploads\\\/2024\\\/10\\\/collerotondo_01.jpg\",\"datePublished\":\"2024-10-25T08:28:10+00:00\",\"dateModified\":\"2025-12-02T09:01:51+00:00\",\"breadcrumb\":{\"@id\":\"https:\\\/\\\/mosstrend.com\\\/shop\\\/pezzi-iconici\\\/il-colle-2\\\/#breadcrumb\"},\"inLanguage\":\"fr-FR\",\"potentialAction\":[{\"@type\":\"ReadAction\",\"target\":[\"https:\\\/\\\/mosstrend.com\\\/shop\\\/pezzi-iconici\\\/il-colle-2\\\/\"]}]},{\"@type\":\"ImageObject\",\"inLanguage\":\"fr-FR\",\"@id\":\"https:\\\/\\\/mosstrend.com\\\/shop\\\/pezzi-iconici\\\/il-colle-2\\\/#primaryimage\",\"url\":\"https:\\\/\\\/mosstrend.com\\\/wp-content\\\/uploads\\\/2024\\\/10\\\/collerotondo_01.jpg\",\"contentUrl\":\"https:\\\/\\\/mosstrend.com\\\/wp-content\\\/uploads\\\/2024\\\/10\\\/collerotondo_01.jpg\",\"width\":900,\"height\":900},{\"@type\":\"BreadcrumbList\",\"@id\":\"https:\\\/\\\/mosstrend.com\\\/shop\\\/pezzi-iconici\\\/il-colle-2\\\/#breadcrumb\",\"itemListElement\":[{\"@type\":\"ListItem\",\"position\":1,\"name\":\"Home\",\"item\":\"https:\\\/\\\/mosstrend.com\\\/\"},{\"@type\":\"ListItem\",\"position\":2,\"name\":\"Shop\",\"item\":\"https:\\\/\\\/mosstrend.com\\\/shop\\\/\"},{\"@type\":\"ListItem\",\"position\":3,\"name\":\"Il Colle\"}]},{\"@type\":\"WebSite\",\"@id\":\"https:\\\/\\\/mosstrend.com\\\/#website\",\"url\":\"https:\\\/\\\/mosstrend.com\\\/\",\"name\":\"Moss trend\",\"description\":\"\",\"publisher\":{\"@id\":\"https:\\\/\\\/mosstrend.com\\\/#organization\"},\"potentialAction\":[{\"@type\":\"SearchAction\",\"target\":{\"@type\":\"EntryPoint\",\"urlTemplate\":\"https:\\\/\\\/mosstrend.com\\\/?s={search_term_string}\"},\"query-input\":{\"@type\":\"PropertyValueSpecification\",\"valueRequired\":true,\"valueName\":\"search_term_string\"}}],\"inLanguage\":\"fr-FR\"},{\"@type\":\"Organization\",\"@id\":\"https:\\\/\\\/mosstrend.com\\\/#organization\",\"name\":\"Moss trend\",\"url\":\"https:\\\/\\\/mosstrend.com\\\/\",\"logo\":{\"@type\":\"ImageObject\",\"inLanguage\":\"fr-FR\",\"@id\":\"https:\\\/\\\/mosstrend.com\\\/#\\\/schema\\\/logo\\\/image\\\/\",\"url\":\"https:\\\/\\\/mosstrend.com\\\/wp-content\\\/uploads\\\/2024\\\/03\\\/logomosstrend.png\",\"contentUrl\":\"https:\\\/\\\/mosstrend.com\\\/wp-content\\\/uploads\\\/2024\\\/03\\\/logomosstrend.png\",\"width\":1000,\"height\":349,\"caption\":\"Moss trend\"},\"image\":{\"@id\":\"https:\\\/\\\/mosstrend.com\\\/#\\\/schema\\\/logo\\\/image\\\/\"}}]}<\/script>\n<!-- \/ Yoast SEO plugin. -->","yoast_head_json":{"title":"La Colline - Tendance \u00e0 la mousse","robots":{"index":"index","follow":"follow","max-snippet":"max-snippet:-1","max-image-preview":"max-image-preview:large","max-video-preview":"max-video-preview:-1"},"canonical":"https:\/\/mosstrend.com\/fr\/boutique\/pezzi-iconici\/la-colline-2\/","og_locale":"fr_FR","og_type":"article","og_title":"Il Colle - Moss trend","og_description":"Design e ricerca italiani, uniti alla naturalezza del muschio e del lichene stabilizzato, danno vita ad un prodotto unico ed innovativo. Ogni quadro \u00e8 un\u2019opera d\u2019arte sempre diversa e mai banale, ogni parete \u00e8 frutto di ispirazione naturale e di sensazioni uniche. Una scelta perfetta per chi \u00e8 alla ricerca di soluzioni naturali ed eleganti&hellip; Poursuivre la lecture Il Colle","og_url":"https:\/\/mosstrend.com\/fr\/boutique\/pezzi-iconici\/la-colline-2\/","og_site_name":"Moss trend","article_modified_time":"2025-12-02T09:01:51+00:00","og_image":[{"width":900,"height":900,"url":"https:\/\/mosstrend.com\/wp-content\/uploads\/2024\/10\/collerotondo_01.jpg","type":"image\/jpeg"}],"twitter_card":"summary_large_image","twitter_misc":{"Dur\u00e9e de lecture estim\u00e9e":"1 minute"},"schema":{"@context":"https:\/\/schema.org","@graph":[{"@type":"WebPage","@id":"https:\/\/mosstrend.com\/shop\/pezzi-iconici\/il-colle-2\/","url":"https:\/\/mosstrend.com\/shop\/pezzi-iconici\/il-colle-2\/","name":"La Colline - Tendance \u00e0 la mousse","isPartOf":{"@id":"https:\/\/mosstrend.com\/#website"},"primaryImageOfPage":{"@id":"https:\/\/mosstrend.com\/shop\/pezzi-iconici\/il-colle-2\/#primaryimage"},"image":{"@id":"https:\/\/mosstrend.com\/shop\/pezzi-iconici\/il-colle-2\/#primaryimage"},"thumbnailUrl":"https:\/\/mosstrend.com\/wp-content\/uploads\/2024\/10\/collerotondo_01.jpg","datePublished":"2024-10-25T08:28:10+00:00","dateModified":"2025-12-02T09:01:51+00:00","breadcrumb":{"@id":"https:\/\/mosstrend.com\/shop\/pezzi-iconici\/il-colle-2\/#breadcrumb"},"inLanguage":"fr-FR","potentialAction":[{"@type":"ReadAction","target":["https:\/\/mosstrend.com\/shop\/pezzi-iconici\/il-colle-2\/"]}]},{"@type":"ImageObject","inLanguage":"fr-FR","@id":"https:\/\/mosstrend.com\/shop\/pezzi-iconici\/il-colle-2\/#primaryimage","url":"https:\/\/mosstrend.com\/wp-content\/uploads\/2024\/10\/collerotondo_01.jpg","contentUrl":"https:\/\/mosstrend.com\/wp-content\/uploads\/2024\/10\/collerotondo_01.jpg","width":900,"height":900},{"@type":"BreadcrumbList","@id":"https:\/\/mosstrend.com\/shop\/pezzi-iconici\/il-colle-2\/#breadcrumb","itemListElement":[{"@type":"ListItem","position":1,"name":"Home","item":"https:\/\/mosstrend.com\/"},{"@type":"ListItem","position":2,"name":"Shop","item":"https:\/\/mosstrend.com\/shop\/"},{"@type":"ListItem","position":3,"name":"Il Colle"}]},{"@type":"WebSite","@id":"https:\/\/mosstrend.com\/#website","url":"https:\/\/mosstrend.com\/","name":"Tendance mousse","description":"","publisher":{"@id":"https:\/\/mosstrend.com\/#organization"},"potentialAction":[{"@type":"SearchAction","target":{"@type":"EntryPoint","urlTemplate":"https:\/\/mosstrend.com\/?s={search_term_string}"},"query-input":{"@type":"PropertyValueSpecification","valueRequired":true,"valueName":"search_term_string"}}],"inLanguage":"fr-FR"},{"@type":"Organization","@id":"https:\/\/mosstrend.com\/#organization","name":"Tendance mousse","url":"https:\/\/mosstrend.com\/","logo":{"@type":"ImageObject","inLanguage":"fr-FR","@id":"https:\/\/mosstrend.com\/#\/schema\/logo\/image\/","url":"https:\/\/mosstrend.com\/wp-content\/uploads\/2024\/03\/logomosstrend.png","contentUrl":"https:\/\/mosstrend.com\/wp-content\/uploads\/2024\/03\/logomosstrend.png","width":1000,"height":349,"caption":"Moss trend"},"image":{"@id":"https:\/\/mosstrend.com\/#\/schema\/logo\/image\/"}}]}},"_links":{"self":[{"href":"https:\/\/mosstrend.com\/fr\/wp-json\/wp\/v2\/product\/123217","targetHints":{"allow":["GET"]}}],"collection":[{"href":"https:\/\/mosstrend.com\/fr\/wp-json\/wp\/v2\/product"}],"about":[{"href":"https:\/\/mosstrend.com\/fr\/wp-json\/wp\/v2\/types\/product"}],"wp:featuredmedia":[{"embeddable":true,"href":"https:\/\/mosstrend.com\/fr\/wp-json\/wp\/v2\/media\/123221"}],"wp:attachment":[{"href":"https:\/\/mosstrend.com\/fr\/wp-json\/wp\/v2\/media?parent=123217"}],"wp:term":[{"taxonomy":"product_brand","embeddable":true,"href":"https:\/\/mosstrend.com\/fr\/wp-json\/wp\/v2\/product_brand?post=123217"},{"taxonomy":"product_cat","embeddable":true,"href":"https:\/\/mosstrend.com\/fr\/wp-json\/wp\/v2\/product_cat?post=123217"},{"taxonomy":"product_tag","embeddable":true,"href":"https:\/\/mosstrend.com\/fr\/wp-json\/wp\/v2\/product_tag?post=123217"},{"taxonomy":"giftcard-category","embeddable":true,"href":"https:\/\/mosstrend.com\/fr\/wp-json\/wp\/v2\/giftcard-category?post=123217"}],"curies":[{"name":"wp","href":"https:\/\/api.w.org\/{rel}","templated":true}]}}