{"id":123310,"date":"2024-11-15T10:23:57","date_gmt":"2024-11-15T09:23:57","guid":{"rendered":"https:\/\/mosstrend.com\/?post_type=product&#038;p=123310"},"modified":"2025-12-04T16:25:34","modified_gmt":"2025-12-04T15:25:34","slug":"lintenso","status":"publish","type":"product","link":"https:\/\/mosstrend.com\/fr\/shop\/oggettistica\/lintenso\/","title":{"rendered":"L'intense"},"content":{"rendered":"<p><strong>L'intense<\/strong> est plus qu'un simple centre de table : c'est un voyage sensoriel qui apporte avec lui l'essence profonde de la nature. Sa pr\u00e9sence domine la table avec une \u00e9l\u00e9gance discr\u00e8te mais enveloppante, captant le regard et \u00e9veillant les sens.<\/p>\n<p>Fabriqu\u00e9 \u00e0 partir de mousses et de plantes s\u00e9lectionn\u00e9es, chaque d\u00e9tail t\u00e9moigne de la force et de la tranquillit\u00e9 des bois les plus recul\u00e9s. Parfait pour ceux qui souhaitent une touche de caract\u00e8re et d'authenticit\u00e9, L'Intenso transforme chaque pi\u00e8ce en une oasis d'\u00e9quilibre et de beaut\u00e9.<\/p>\n<p>Laissez-vous s\u00e9duire par son \u00e9nergie, capable de cr\u00e9er une atmosph\u00e8re unique alliant harmonie et puissance naturelle. Une pi\u00e8ce ma\u00eetresse qui ne se contente pas de d\u00e9corer, mais qui s'adresse directement au c\u0153ur de celui qui la regarde.<\/p>","protected":false},"excerpt":{"rendered":"<p>L\u2019Intenso \u00e8 pi\u00f9 di un semplice centrotavola: \u00e8 un viaggio sensoriale che porta con s\u00e9 l\u2019essenza profonda della natura. La sua presenza domina la tavola con un\u2019eleganza discreta ma avvolgente, catturando lo sguardo e risvegliando i sensi. Realizzato con muschi e piante selezionate, ogni dettaglio racconta la forza e la quiete dei boschi pi\u00f9 remoti.&hellip; <a class=\"more-link\" href=\"https:\/\/mosstrend.com\/fr\/shop\/oggettistica\/lintenso\/\">Poursuivre la lecture <span class=\"screen-reader-text\">L'intense<\/span><\/a><\/p>","protected":false},"featured_media":123435,"template":"","meta":{"_acf_changed":false},"product_brand":[],"product_cat":[1136],"product_tag":[],"giftcard-category":[],"class_list":{"0":"post-123310","1":"product","2":"type-product","3":"status-publish","4":"has-post-thumbnail","6":"product_cat-oggettistica","7":"entry","9":"first","10":"instock","11":"taxable","12":"shipping-taxable","13":"purchasable","14":"product-type-variable"},"acf":[],"yoast_head":"<!-- This site is optimized with the Yoast SEO plugin v27.2 - https:\/\/yoast.com\/product\/yoast-seo-wordpress\/ -->\n<title>L\u2019Intenso - Moss trend<\/title>\n<meta name=\"robots\" content=\"index, follow, max-snippet:-1, max-image-preview:large, max-video-preview:-1\" \/>\n<link rel=\"canonical\" href=\"https:\/\/mosstrend.com\/fr\/boutique\/oggettistica\/lintenso\/\" \/>\n<meta property=\"og:locale\" content=\"fr_FR\" \/>\n<meta property=\"og:type\" content=\"article\" \/>\n<meta property=\"og:title\" content=\"L\u2019Intenso - Moss trend\" \/>\n<meta property=\"og:description\" content=\"L\u2019Intenso \u00e8 pi\u00f9 di un semplice centrotavola: \u00e8 un viaggio sensoriale che porta con s\u00e9 l\u2019essenza profonda della natura. La sua presenza domina la tavola con un\u2019eleganza discreta ma avvolgente, catturando lo sguardo e risvegliando i sensi. Realizzato con muschi e piante selezionate, ogni dettaglio racconta la forza e la quiete dei boschi pi\u00f9 remoti.&hellip; Poursuivre la lecture L\u2019Intenso\" \/>\n<meta property=\"og:url\" content=\"https:\/\/mosstrend.com\/fr\/boutique\/oggettistica\/lintenso\/\" \/>\n<meta property=\"og:site_name\" content=\"Moss trend\" \/>\n<meta property=\"article:modified_time\" content=\"2025-12-04T15:25:34+00:00\" \/>\n<meta property=\"og:image\" content=\"https:\/\/mosstrend.com\/wp-content\/uploads\/2024\/11\/intensobordeaux.jpg\" \/>\n\t<meta property=\"og:image:width\" content=\"900\" \/>\n\t<meta property=\"og:image:height\" content=\"900\" \/>\n\t<meta property=\"og:image:type\" content=\"image\/jpeg\" \/>\n<meta name=\"twitter:card\" content=\"summary_large_image\" \/>\n<meta name=\"twitter:label1\" content=\"Dur\u00e9e de lecture estim\u00e9e\" \/>\n\t<meta name=\"twitter:data1\" content=\"1 minute\" \/>\n<script type=\"application\/ld+json\" class=\"yoast-schema-graph\">{\"@context\":\"https:\/\/schema.org\",\"@graph\":[{\"@type\":\"WebPage\",\"@id\":\"https:\/\/mosstrend.com\/shop\/oggettistica\/lintenso\/\",\"url\":\"https:\/\/mosstrend.com\/shop\/oggettistica\/lintenso\/\",\"name\":\"L\u2019Intenso - Moss trend\",\"isPartOf\":{\"@id\":\"https:\/\/mosstrend.com\/#website\"},\"primaryImageOfPage\":{\"@id\":\"https:\/\/mosstrend.com\/shop\/oggettistica\/lintenso\/#primaryimage\"},\"image\":{\"@id\":\"https:\/\/mosstrend.com\/shop\/oggettistica\/lintenso\/#primaryimage\"},\"thumbnailUrl\":\"https:\/\/mosstrend.com\/wp-content\/uploads\/2024\/11\/intensobordeaux.jpg\",\"datePublished\":\"2024-11-15T09:23:57+00:00\",\"dateModified\":\"2025-12-04T15:25:34+00:00\",\"breadcrumb\":{\"@id\":\"https:\/\/mosstrend.com\/shop\/oggettistica\/lintenso\/#breadcrumb\"},\"inLanguage\":\"fr-FR\",\"potentialAction\":[{\"@type\":\"ReadAction\",\"target\":[\"https:\/\/mosstrend.com\/shop\/oggettistica\/lintenso\/\"]}]},{\"@type\":\"ImageObject\",\"inLanguage\":\"fr-FR\",\"@id\":\"https:\/\/mosstrend.com\/shop\/oggettistica\/lintenso\/#primaryimage\",\"url\":\"https:\/\/mosstrend.com\/wp-content\/uploads\/2024\/11\/intensobordeaux.jpg\",\"contentUrl\":\"https:\/\/mosstrend.com\/wp-content\/uploads\/2024\/11\/intensobordeaux.jpg\",\"width\":900,\"height\":900},{\"@type\":\"BreadcrumbList\",\"@id\":\"https:\/\/mosstrend.com\/shop\/oggettistica\/lintenso\/#breadcrumb\",\"itemListElement\":[{\"@type\":\"ListItem\",\"position\":1,\"name\":\"Home\",\"item\":\"https:\/\/mosstrend.com\/\"},{\"@type\":\"ListItem\",\"position\":2,\"name\":\"Shop\",\"item\":\"https:\/\/mosstrend.com\/shop\/\"},{\"@type\":\"ListItem\",\"position\":3,\"name\":\"L\u2019Intenso\"}]},{\"@type\":\"WebSite\",\"@id\":\"https:\/\/mosstrend.com\/#website\",\"url\":\"https:\/\/mosstrend.com\/\",\"name\":\"Moss trend\",\"description\":\"\",\"publisher\":{\"@id\":\"https:\/\/mosstrend.com\/#organization\"},\"potentialAction\":[{\"@type\":\"SearchAction\",\"target\":{\"@type\":\"EntryPoint\",\"urlTemplate\":\"https:\/\/mosstrend.com\/?s={search_term_string}\"},\"query-input\":{\"@type\":\"PropertyValueSpecification\",\"valueRequired\":true,\"valueName\":\"search_term_string\"}}],\"inLanguage\":\"fr-FR\"},{\"@type\":\"Organization\",\"@id\":\"https:\/\/mosstrend.com\/#organization\",\"name\":\"Moss trend\",\"url\":\"https:\/\/mosstrend.com\/\",\"logo\":{\"@type\":\"ImageObject\",\"inLanguage\":\"fr-FR\",\"@id\":\"https:\/\/mosstrend.com\/#\/schema\/logo\/image\/\",\"url\":\"https:\/\/mosstrend.com\/wp-content\/uploads\/2024\/03\/logomosstrend.png\",\"contentUrl\":\"https:\/\/mosstrend.com\/wp-content\/uploads\/2024\/03\/logomosstrend.png\",\"width\":1000,\"height\":349,\"caption\":\"Moss trend\"},\"image\":{\"@id\":\"https:\/\/mosstrend.com\/#\/schema\/logo\/image\/\"}}]}<\/script>\n<!-- \/ Yoast SEO plugin. -->","yoast_head_json":{"title":"L'Intenso - Tendance mousse","robots":{"index":"index","follow":"follow","max-snippet":"max-snippet:-1","max-image-preview":"max-image-preview:large","max-video-preview":"max-video-preview:-1"},"canonical":"https:\/\/mosstrend.com\/fr\/boutique\/oggettistica\/lintenso\/","og_locale":"fr_FR","og_type":"article","og_title":"L\u2019Intenso - Moss trend","og_description":"L\u2019Intenso \u00e8 pi\u00f9 di un semplice centrotavola: \u00e8 un viaggio sensoriale che porta con s\u00e9 l\u2019essenza profonda della natura. La sua presenza domina la tavola con un\u2019eleganza discreta ma avvolgente, catturando lo sguardo e risvegliando i sensi. Realizzato con muschi e piante selezionate, ogni dettaglio racconta la forza e la quiete dei boschi pi\u00f9 remoti.&hellip; Poursuivre la lecture L\u2019Intenso","og_url":"https:\/\/mosstrend.com\/fr\/boutique\/oggettistica\/lintenso\/","og_site_name":"Moss trend","article_modified_time":"2025-12-04T15:25:34+00:00","og_image":[{"width":900,"height":900,"url":"https:\/\/mosstrend.com\/wp-content\/uploads\/2024\/11\/intensobordeaux.jpg","type":"image\/jpeg"}],"twitter_card":"summary_large_image","twitter_misc":{"Dur\u00e9e de lecture estim\u00e9e":"1 minute"},"schema":{"@context":"https:\/\/schema.org","@graph":[{"@type":"WebPage","@id":"https:\/\/mosstrend.com\/shop\/oggettistica\/lintenso\/","url":"https:\/\/mosstrend.com\/shop\/oggettistica\/lintenso\/","name":"L'Intenso - Tendance mousse","isPartOf":{"@id":"https:\/\/mosstrend.com\/#website"},"primaryImageOfPage":{"@id":"https:\/\/mosstrend.com\/shop\/oggettistica\/lintenso\/#primaryimage"},"image":{"@id":"https:\/\/mosstrend.com\/shop\/oggettistica\/lintenso\/#primaryimage"},"thumbnailUrl":"https:\/\/mosstrend.com\/wp-content\/uploads\/2024\/11\/intensobordeaux.jpg","datePublished":"2024-11-15T09:23:57+00:00","dateModified":"2025-12-04T15:25:34+00:00","breadcrumb":{"@id":"https:\/\/mosstrend.com\/shop\/oggettistica\/lintenso\/#breadcrumb"},"inLanguage":"fr-FR","potentialAction":[{"@type":"ReadAction","target":["https:\/\/mosstrend.com\/shop\/oggettistica\/lintenso\/"]}]},{"@type":"ImageObject","inLanguage":"fr-FR","@id":"https:\/\/mosstrend.com\/shop\/oggettistica\/lintenso\/#primaryimage","url":"https:\/\/mosstrend.com\/wp-content\/uploads\/2024\/11\/intensobordeaux.jpg","contentUrl":"https:\/\/mosstrend.com\/wp-content\/uploads\/2024\/11\/intensobordeaux.jpg","width":900,"height":900},{"@type":"BreadcrumbList","@id":"https:\/\/mosstrend.com\/shop\/oggettistica\/lintenso\/#breadcrumb","itemListElement":[{"@type":"ListItem","position":1,"name":"Home","item":"https:\/\/mosstrend.com\/"},{"@type":"ListItem","position":2,"name":"Shop","item":"https:\/\/mosstrend.com\/shop\/"},{"@type":"ListItem","position":3,"name":"L\u2019Intenso"}]},{"@type":"WebSite","@id":"https:\/\/mosstrend.com\/#website","url":"https:\/\/mosstrend.com\/","name":"Tendance mousse","description":"","publisher":{"@id":"https:\/\/mosstrend.com\/#organization"},"potentialAction":[{"@type":"SearchAction","target":{"@type":"EntryPoint","urlTemplate":"https:\/\/mosstrend.com\/?s={search_term_string}"},"query-input":{"@type":"PropertyValueSpecification","valueRequired":true,"valueName":"search_term_string"}}],"inLanguage":"fr-FR"},{"@type":"Organization","@id":"https:\/\/mosstrend.com\/#organization","name":"Tendance mousse","url":"https:\/\/mosstrend.com\/","logo":{"@type":"ImageObject","inLanguage":"fr-FR","@id":"https:\/\/mosstrend.com\/#\/schema\/logo\/image\/","url":"https:\/\/mosstrend.com\/wp-content\/uploads\/2024\/03\/logomosstrend.png","contentUrl":"https:\/\/mosstrend.com\/wp-content\/uploads\/2024\/03\/logomosstrend.png","width":1000,"height":349,"caption":"Moss trend"},"image":{"@id":"https:\/\/mosstrend.com\/#\/schema\/logo\/image\/"}}]}},"_links":{"self":[{"href":"https:\/\/mosstrend.com\/fr\/wp-json\/wp\/v2\/product\/123310","targetHints":{"allow":["GET"]}}],"collection":[{"href":"https:\/\/mosstrend.com\/fr\/wp-json\/wp\/v2\/product"}],"about":[{"href":"https:\/\/mosstrend.com\/fr\/wp-json\/wp\/v2\/types\/product"}],"wp:featuredmedia":[{"embeddable":true,"href":"https:\/\/mosstrend.com\/fr\/wp-json\/wp\/v2\/media\/123435"}],"wp:attachment":[{"href":"https:\/\/mosstrend.com\/fr\/wp-json\/wp\/v2\/media?parent=123310"}],"wp:term":[{"taxonomy":"product_brand","embeddable":true,"href":"https:\/\/mosstrend.com\/fr\/wp-json\/wp\/v2\/product_brand?post=123310"},{"taxonomy":"product_cat","embeddable":true,"href":"https:\/\/mosstrend.com\/fr\/wp-json\/wp\/v2\/product_cat?post=123310"},{"taxonomy":"product_tag","embeddable":true,"href":"https:\/\/mosstrend.com\/fr\/wp-json\/wp\/v2\/product_tag?post=123310"},{"taxonomy":"giftcard-category","embeddable":true,"href":"https:\/\/mosstrend.com\/fr\/wp-json\/wp\/v2\/giftcard-category?post=123310"}],"curies":[{"name":"wp","href":"https:\/\/api.w.org\/{rel}","templated":true}]}}