{"id":17796,"date":"2019-05-24T14:30:11","date_gmt":"2019-05-24T12:30:11","guid":{"rendered":"https:\/\/mosstrend.com\/product\/import-placeholder-for-2198\/"},"modified":"2025-12-04T16:14:26","modified_gmt":"2025-12-04T15:14:26","slug":"essentiel","status":"publish","type":"product","link":"https:\/\/mosstrend.com\/fr\/shop\/quadri-in-muschi\/essenziale\/","title":{"rendered":"L'essentiel"},"content":{"rendered":"<p>La mousse a toujours \u00e9t\u00e9 un symbole de <strong>la vie et la fra\u00eecheur<\/strong>Elle pousse spontan\u00e9ment, m\u00eame dans les conditions les plus extr\u00eames, et s'adapte aux environnements int\u00e9rieurs.<br \/>\nC'est pourquoi il s'agit d'un excellent mat\u00e9riau pour la r\u00e9alisation de <strong>murs verts<\/strong> e <strong>jardins verticaux<\/strong>. Notre collection <strong>Mousse plate et boule<\/strong>est une composition naturelle de mousse en boule provenant de sous-bois europ\u00e9ens, alternant avec des zones de mousse plate, \u00e9l\u00e9gante et discr\u00e8te.<\/p>\n<p>La mousse de boule est une mousse particuli\u00e8re avec \"<strong>coussin<\/strong>\"La for\u00eat noire est une plante d'un vert profond qui pousse dans une r\u00e9gion situ\u00e9e entre la Transylvanie et la Teutonie. C'est comme si vous apportiez un morceau de la for\u00eat noire dans votre environnement.<br \/>\nIl donne une touche de fra\u00eecheur aux pi\u00e8ces et absorbe les bruits ambiants (lutte contre la pollution sonore). Il se maintient pendant de nombreuses ann\u00e9es sans avoir besoin d'eau, de terre ou d'autres nutriments.<br \/>\nTout le vert stabilis\u00e9 est<strong> 100% naturel<\/strong> et reste si belle au fil des ans parce qu'elle est trait\u00e9e avec une substance naturelle \u00e0 base de glyc\u00e9rine et d'eau qui remplace la s\u00e8ve des plantes.<\/p>\n<p>Le design et la recherche italiens, combin\u00e9s au caract\u00e8re naturel de la mousse et du lichen stabilis\u00e9s, donnent naissance \u00e0 un produit <strong>unique et innovante<\/strong>.<br \/>\nLa verdure stabilis\u00e9e est un type de mobilier innovant et encore peu r\u00e9pandu, qui permet de cr\u00e9er des designs exclusifs et personnalisables.<br \/>\nIl adoucit l'espace et cr\u00e9e une ambiance naturelle tout en r\u00e9duisant le bruit ambiant.<\/p>\n<p><strong class=\"desc_strong\">Avec nos peintures de mousse de jungle, nous avons l'opportunit\u00e9 de rendre votre environnement naturel, \u00e9l\u00e9gant mais surtout unique !<\/strong><\/p>","protected":false},"excerpt":{"rendered":"<p>Il muschio \u00e8 sempre stato simbolo di vita e freschezza, cresce spontaneamente anche nelle condizioni pi\u00f9 estreme adattandosi anche ad ambienti interni. Ecco perch\u00e9 \u00e8 un ottimo materiale per la realizzazione di pareti verdi e giardini verticali. La nostra collezione Flat &amp; Ball Moss, \u00e8 una composizione naturale di muschio a palla dei sottoboschi europei,&hellip; <a class=\"more-link\" href=\"https:\/\/mosstrend.com\/fr\/shop\/quadri-in-muschi\/essenziale\/\">Poursuivre la lecture <span class=\"screen-reader-text\">L'essentiel<\/span><\/a><\/p>","protected":false},"featured_media":120713,"template":"","meta":{"_acf_changed":false},"product_brand":[],"product_cat":[1137],"product_tag":[],"giftcard-category":[],"class_list":{"0":"post-17796","1":"product","2":"type-product","3":"status-publish","4":"has-post-thumbnail","6":"product_cat-quadri-in-muschi","7":"product_shipping_class-quadrati-l-fb-b","8":"pa_orientamento-orizzontale","9":"pa_orientamento-verticale","10":"entry","12":"first","13":"instock","14":"taxable","15":"shipping-taxable","16":"purchasable","17":"product-type-variable"},"acf":[],"yoast_head":"<!-- This site is optimized with the Yoast SEO plugin v27.4 - https:\/\/yoast.com\/product\/yoast-seo-wordpress\/ -->\n<title>L&#039;Essenziale - Quadro Vegetale Stabilizzato - Moss trend<\/title>\n<meta name=\"description\" content=\"L&#039;essenziale, quadro vegetale naturale di muschio a palla dei sottoboschi europei, alternato da aree di muschio piatto, elegante e non invadente\" \/>\n<meta name=\"robots\" content=\"index, follow, max-snippet:-1, max-image-preview:large, max-video-preview:-1\" \/>\n<link rel=\"canonical\" href=\"https:\/\/mosstrend.com\/fr\/boutique\/quadri-in-muschi\/essentiel\/\" \/>\n<meta property=\"og:locale\" content=\"fr_FR\" \/>\n<meta property=\"og:type\" content=\"article\" \/>\n<meta property=\"og:title\" content=\"L&#039;Essenziale - Quadro Vegetale Stabilizzato - Moss trend\" \/>\n<meta property=\"og:description\" content=\"L&#039;essenziale, quadro vegetale naturale di muschio a palla dei sottoboschi europei, alternato da aree di muschio piatto, elegante e non invadente\" \/>\n<meta property=\"og:url\" content=\"https:\/\/mosstrend.com\/fr\/boutique\/quadri-in-muschi\/essentiel\/\" \/>\n<meta property=\"og:site_name\" content=\"Moss trend\" \/>\n<meta property=\"article:modified_time\" content=\"2025-12-04T15:14:26+00:00\" \/>\n<meta property=\"og:image\" content=\"https:\/\/mosstrend.com\/wp-content\/uploads\/2019\/05\/Essenziale.jpg\" \/>\n\t<meta property=\"og:image:width\" content=\"900\" \/>\n\t<meta property=\"og:image:height\" content=\"900\" \/>\n\t<meta property=\"og:image:type\" content=\"image\/jpeg\" \/>\n<meta name=\"twitter:card\" content=\"summary_large_image\" \/>\n<meta name=\"twitter:label1\" content=\"Dur\u00e9e de lecture estim\u00e9e\" \/>\n\t<meta name=\"twitter:data1\" content=\"2 minutes\" \/>\n<script type=\"application\/ld+json\" class=\"yoast-schema-graph\">{\"@context\":\"https:\\\/\\\/schema.org\",\"@graph\":[{\"@type\":\"WebPage\",\"@id\":\"https:\\\/\\\/mosstrend.com\\\/shop\\\/quadri-in-muschi\\\/essenziale\\\/\",\"url\":\"https:\\\/\\\/mosstrend.com\\\/shop\\\/quadri-in-muschi\\\/essenziale\\\/\",\"name\":\"L'Essenziale - Quadro Vegetale Stabilizzato - Moss trend\",\"isPartOf\":{\"@id\":\"https:\\\/\\\/mosstrend.com\\\/#website\"},\"primaryImageOfPage\":{\"@id\":\"https:\\\/\\\/mosstrend.com\\\/shop\\\/quadri-in-muschi\\\/essenziale\\\/#primaryimage\"},\"image\":{\"@id\":\"https:\\\/\\\/mosstrend.com\\\/shop\\\/quadri-in-muschi\\\/essenziale\\\/#primaryimage\"},\"thumbnailUrl\":\"https:\\\/\\\/mosstrend.com\\\/wp-content\\\/uploads\\\/2019\\\/05\\\/Essenziale.jpg\",\"datePublished\":\"2019-05-24T12:30:11+00:00\",\"dateModified\":\"2025-12-04T15:14:26+00:00\",\"description\":\"L'essenziale, quadro vegetale naturale di muschio a palla dei sottoboschi europei, alternato da aree di muschio piatto, elegante e non invadente\",\"breadcrumb\":{\"@id\":\"https:\\\/\\\/mosstrend.com\\\/shop\\\/quadri-in-muschi\\\/essenziale\\\/#breadcrumb\"},\"inLanguage\":\"fr-FR\",\"potentialAction\":[{\"@type\":\"ReadAction\",\"target\":[\"https:\\\/\\\/mosstrend.com\\\/shop\\\/quadri-in-muschi\\\/essenziale\\\/\"]}]},{\"@type\":\"ImageObject\",\"inLanguage\":\"fr-FR\",\"@id\":\"https:\\\/\\\/mosstrend.com\\\/shop\\\/quadri-in-muschi\\\/essenziale\\\/#primaryimage\",\"url\":\"https:\\\/\\\/mosstrend.com\\\/wp-content\\\/uploads\\\/2019\\\/05\\\/Essenziale.jpg\",\"contentUrl\":\"https:\\\/\\\/mosstrend.com\\\/wp-content\\\/uploads\\\/2019\\\/05\\\/Essenziale.jpg\",\"width\":900,\"height\":900},{\"@type\":\"BreadcrumbList\",\"@id\":\"https:\\\/\\\/mosstrend.com\\\/shop\\\/quadri-in-muschi\\\/essenziale\\\/#breadcrumb\",\"itemListElement\":[{\"@type\":\"ListItem\",\"position\":1,\"name\":\"Home\",\"item\":\"https:\\\/\\\/mosstrend.com\\\/\"},{\"@type\":\"ListItem\",\"position\":2,\"name\":\"Shop\",\"item\":\"https:\\\/\\\/mosstrend.com\\\/shop\\\/\"},{\"@type\":\"ListItem\",\"position\":3,\"name\":\"L&#8217;essenziale\"}]},{\"@type\":\"WebSite\",\"@id\":\"https:\\\/\\\/mosstrend.com\\\/#website\",\"url\":\"https:\\\/\\\/mosstrend.com\\\/\",\"name\":\"Moss trend\",\"description\":\"\",\"publisher\":{\"@id\":\"https:\\\/\\\/mosstrend.com\\\/#organization\"},\"potentialAction\":[{\"@type\":\"SearchAction\",\"target\":{\"@type\":\"EntryPoint\",\"urlTemplate\":\"https:\\\/\\\/mosstrend.com\\\/?s={search_term_string}\"},\"query-input\":{\"@type\":\"PropertyValueSpecification\",\"valueRequired\":true,\"valueName\":\"search_term_string\"}}],\"inLanguage\":\"fr-FR\"},{\"@type\":\"Organization\",\"@id\":\"https:\\\/\\\/mosstrend.com\\\/#organization\",\"name\":\"Moss trend\",\"url\":\"https:\\\/\\\/mosstrend.com\\\/\",\"logo\":{\"@type\":\"ImageObject\",\"inLanguage\":\"fr-FR\",\"@id\":\"https:\\\/\\\/mosstrend.com\\\/#\\\/schema\\\/logo\\\/image\\\/\",\"url\":\"https:\\\/\\\/mosstrend.com\\\/wp-content\\\/uploads\\\/2024\\\/03\\\/logomosstrend.png\",\"contentUrl\":\"https:\\\/\\\/mosstrend.com\\\/wp-content\\\/uploads\\\/2024\\\/03\\\/logomosstrend.png\",\"width\":1000,\"height\":349,\"caption\":\"Moss trend\"},\"image\":{\"@id\":\"https:\\\/\\\/mosstrend.com\\\/#\\\/schema\\\/logo\\\/image\\\/\"}}]}<\/script>\n<!-- \/ Yoast SEO plugin. -->","yoast_head_json":{"title":"L'Essenziale - Cadre v\u00e9g\u00e9tal stabilis\u00e9 - Tendance mousse","description":"L'ossature v\u00e9g\u00e9tale essentielle et naturelle de la mousse en boule des sous-bois europ\u00e9ens, alternant avec des zones de mousse plate, \u00e9l\u00e9gante et discr\u00e8te.","robots":{"index":"index","follow":"follow","max-snippet":"max-snippet:-1","max-image-preview":"max-image-preview:large","max-video-preview":"max-video-preview:-1"},"canonical":"https:\/\/mosstrend.com\/fr\/boutique\/quadri-in-muschi\/essentiel\/","og_locale":"fr_FR","og_type":"article","og_title":"L'Essenziale - Quadro Vegetale Stabilizzato - Moss trend","og_description":"L'essenziale, quadro vegetale naturale di muschio a palla dei sottoboschi europei, alternato da aree di muschio piatto, elegante e non invadente","og_url":"https:\/\/mosstrend.com\/fr\/boutique\/quadri-in-muschi\/essentiel\/","og_site_name":"Moss trend","article_modified_time":"2025-12-04T15:14:26+00:00","og_image":[{"width":900,"height":900,"url":"https:\/\/mosstrend.com\/wp-content\/uploads\/2019\/05\/Essenziale.jpg","type":"image\/jpeg"}],"twitter_card":"summary_large_image","twitter_misc":{"Dur\u00e9e de lecture estim\u00e9e":"2 minutes"},"schema":{"@context":"https:\/\/schema.org","@graph":[{"@type":"WebPage","@id":"https:\/\/mosstrend.com\/shop\/quadri-in-muschi\/essenziale\/","url":"https:\/\/mosstrend.com\/shop\/quadri-in-muschi\/essenziale\/","name":"L'Essenziale - Cadre v\u00e9g\u00e9tal stabilis\u00e9 - Tendance mousse","isPartOf":{"@id":"https:\/\/mosstrend.com\/#website"},"primaryImageOfPage":{"@id":"https:\/\/mosstrend.com\/shop\/quadri-in-muschi\/essenziale\/#primaryimage"},"image":{"@id":"https:\/\/mosstrend.com\/shop\/quadri-in-muschi\/essenziale\/#primaryimage"},"thumbnailUrl":"https:\/\/mosstrend.com\/wp-content\/uploads\/2019\/05\/Essenziale.jpg","datePublished":"2019-05-24T12:30:11+00:00","dateModified":"2025-12-04T15:14:26+00:00","description":"L'ossature v\u00e9g\u00e9tale essentielle et naturelle de la mousse en boule des sous-bois europ\u00e9ens, alternant avec des zones de mousse plate, \u00e9l\u00e9gante et discr\u00e8te.","breadcrumb":{"@id":"https:\/\/mosstrend.com\/shop\/quadri-in-muschi\/essenziale\/#breadcrumb"},"inLanguage":"fr-FR","potentialAction":[{"@type":"ReadAction","target":["https:\/\/mosstrend.com\/shop\/quadri-in-muschi\/essenziale\/"]}]},{"@type":"ImageObject","inLanguage":"fr-FR","@id":"https:\/\/mosstrend.com\/shop\/quadri-in-muschi\/essenziale\/#primaryimage","url":"https:\/\/mosstrend.com\/wp-content\/uploads\/2019\/05\/Essenziale.jpg","contentUrl":"https:\/\/mosstrend.com\/wp-content\/uploads\/2019\/05\/Essenziale.jpg","width":900,"height":900},{"@type":"BreadcrumbList","@id":"https:\/\/mosstrend.com\/shop\/quadri-in-muschi\/essenziale\/#breadcrumb","itemListElement":[{"@type":"ListItem","position":1,"name":"Home","item":"https:\/\/mosstrend.com\/"},{"@type":"ListItem","position":2,"name":"Shop","item":"https:\/\/mosstrend.com\/shop\/"},{"@type":"ListItem","position":3,"name":"L&#8217;essenziale"}]},{"@type":"WebSite","@id":"https:\/\/mosstrend.com\/#website","url":"https:\/\/mosstrend.com\/","name":"Tendance mousse","description":"","publisher":{"@id":"https:\/\/mosstrend.com\/#organization"},"potentialAction":[{"@type":"SearchAction","target":{"@type":"EntryPoint","urlTemplate":"https:\/\/mosstrend.com\/?s={search_term_string}"},"query-input":{"@type":"PropertyValueSpecification","valueRequired":true,"valueName":"search_term_string"}}],"inLanguage":"fr-FR"},{"@type":"Organization","@id":"https:\/\/mosstrend.com\/#organization","name":"Tendance mousse","url":"https:\/\/mosstrend.com\/","logo":{"@type":"ImageObject","inLanguage":"fr-FR","@id":"https:\/\/mosstrend.com\/#\/schema\/logo\/image\/","url":"https:\/\/mosstrend.com\/wp-content\/uploads\/2024\/03\/logomosstrend.png","contentUrl":"https:\/\/mosstrend.com\/wp-content\/uploads\/2024\/03\/logomosstrend.png","width":1000,"height":349,"caption":"Moss trend"},"image":{"@id":"https:\/\/mosstrend.com\/#\/schema\/logo\/image\/"}}]}},"_links":{"self":[{"href":"https:\/\/mosstrend.com\/fr\/wp-json\/wp\/v2\/product\/17796","targetHints":{"allow":["GET"]}}],"collection":[{"href":"https:\/\/mosstrend.com\/fr\/wp-json\/wp\/v2\/product"}],"about":[{"href":"https:\/\/mosstrend.com\/fr\/wp-json\/wp\/v2\/types\/product"}],"wp:featuredmedia":[{"embeddable":true,"href":"https:\/\/mosstrend.com\/fr\/wp-json\/wp\/v2\/media\/120713"}],"wp:attachment":[{"href":"https:\/\/mosstrend.com\/fr\/wp-json\/wp\/v2\/media?parent=17796"}],"wp:term":[{"taxonomy":"product_brand","embeddable":true,"href":"https:\/\/mosstrend.com\/fr\/wp-json\/wp\/v2\/product_brand?post=17796"},{"taxonomy":"product_cat","embeddable":true,"href":"https:\/\/mosstrend.com\/fr\/wp-json\/wp\/v2\/product_cat?post=17796"},{"taxonomy":"product_tag","embeddable":true,"href":"https:\/\/mosstrend.com\/fr\/wp-json\/wp\/v2\/product_tag?post=17796"},{"taxonomy":"giftcard-category","embeddable":true,"href":"https:\/\/mosstrend.com\/fr\/wp-json\/wp\/v2\/giftcard-category?post=17796"}],"curies":[{"name":"wp","href":"https:\/\/api.w.org\/{rel}","templated":true}]}}