{"id":20067,"date":"2019-07-10T13:00:40","date_gmt":"2019-07-10T11:00:40","guid":{"rendered":"https:\/\/mosstrend.com\/?post_type=product&#038;p=20067"},"modified":"2025-12-04T16:08:09","modified_gmt":"2025-12-04T15:08:09","slug":"vif","status":"publish","type":"product","link":"https:\/\/mosstrend.com\/fr\/shop\/quadri-in-fogliame\/vivido\/","title":{"rendered":"Le vif"},"content":{"rendered":"<p>La mousse de la jungle \"Vivid\" est l'art de \"l'assemblage\". <strong>Essences et feuillages sauvages stabilis\u00e9s<\/strong>de l'expertise de l'\u00e9quipe d'experts. <strong>nos artistes<\/strong> sur un \"tapis\" de mousse plate agr\u00e9ment\u00e9 de mousse de poteau, de lichen et de diverses racines.<br \/>\nChaque tableau est une \u0153uvre d'art en constante \u00e9volution, chaque mur est le r\u00e9sultat d'une inspiration naturelle et de sensations uniques. Un choix parfait pour ceux qui recherchent des solutions naturelles et \u00e9l\u00e9gantes pour leur int\u00e9rieur.<br \/>\nLa vari\u00e9t\u00e9 des <strong>feuillage et mousses<\/strong> qui sont d'abord collect\u00e9s et ensuite <strong>stabilis\u00e9<\/strong>Ils composeront des murs verts stabilis\u00e9s harmonieux, sans entretien, sans besoin d'ensoleillement ni d'eau.<\/p>\n<p>La combinaison de mousse foresti\u00e8re luxuriante, de mousse en boule fra\u00eeche et de plantes naturelles telles que les foug\u00e8res, l'eucalyptus, le papyrus, l'amarante et le ming vous emm\u00e8nera dans une randonn\u00e9e atmosph\u00e9rique \u00e0 travers la campagne, une prairie foresti\u00e8re ou m\u00eame une for\u00eat exotique, tous les jours, \u00e0 chaque fois.<\/p>\n<p>Quelle que soit la combinaison que vous choisirez, les tableaux de plantes vous permettront d'introduire un \u00e9l\u00e9ment original de la nature dans votre maison.<\/p>\n<p><strong class=\"desc_strong\">Avec nos peintures de mousse de jungle, nous avons l'opportunit\u00e9 de rendre votre environnement naturel, \u00e9l\u00e9gant mais surtout unique !<\/strong><\/p>","protected":false},"excerpt":{"rendered":"<p>&#8220;Il Vivido&#8221; Jungle Moss \u00e8 l\u2019arte di \u201cassemblare\u201d essenze e fogliami selvatici stabilizzati, adagiati sapientemente da i nostri artisti su di un \u201ctappeto\u201d di muschio piatto impreziosito da muschio pole, lichene e radici varie. Ogni quadro \u00e8 un\u2019opera d\u2019arte sempre diversa, ogni parete \u00e8 frutto di ispirazione naturale e di sensazioni uniche. Una scelta perfetta&hellip; <a class=\"more-link\" href=\"https:\/\/mosstrend.com\/fr\/shop\/quadri-in-fogliame\/vivido\/\">Poursuivre la lecture <span class=\"screen-reader-text\">Le vif<\/span><\/a><\/p>","protected":false},"featured_media":121170,"template":"","meta":{"_acf_changed":false},"product_brand":[],"product_cat":[1135],"product_tag":[1062],"giftcard-category":[],"class_list":{"0":"post-20067","1":"product","2":"type-product","3":"status-publish","4":"has-post-thumbnail","6":"product_cat-quadri-in-fogliame","7":"product_tag-in-offerta","8":"product_shipping_class-rettangolari-d-dj-ss","9":"pa_orientamento-orizzontale","10":"pa_orientamento-verticale","11":"entry","13":"first","14":"instock","15":"taxable","16":"shipping-taxable","17":"purchasable","18":"product-type-variable"},"acf":[],"yoast_head":"<!-- This site is optimized with the Yoast SEO plugin v27.2 - https:\/\/yoast.com\/product\/yoast-seo-wordpress\/ -->\n<title>Il Vivido - Quadro Vegetale Stabilizzato - Moss trend<\/title>\n<meta name=\"description\" content=\"Il Quadro Vegetale &quot;Il Vivido&quot; \u00e8 l&#039;essenza dell\u2019arte di \u201cassemblare\u201d essenze e fogliami selvatici stabilizzati, un elemento d&#039;arredo dal design unico\" \/>\n<meta name=\"robots\" content=\"index, follow, max-snippet:-1, max-image-preview:large, max-video-preview:-1\" \/>\n<link rel=\"canonical\" href=\"https:\/\/mosstrend.com\/fr\/boutique\/quadri-in-fogliame\/vif\/\" \/>\n<meta property=\"og:locale\" content=\"fr_FR\" \/>\n<meta property=\"og:type\" content=\"article\" \/>\n<meta property=\"og:title\" content=\"Il Vivido - Quadro Vegetale Stabilizzato - Moss trend\" \/>\n<meta property=\"og:description\" content=\"Il Quadro Vegetale &quot;Il Vivido&quot; \u00e8 l&#039;essenza dell\u2019arte di \u201cassemblare\u201d essenze e fogliami selvatici stabilizzati, un elemento d&#039;arredo dal design unico\" \/>\n<meta property=\"og:url\" content=\"https:\/\/mosstrend.com\/fr\/boutique\/quadri-in-fogliame\/vif\/\" \/>\n<meta property=\"og:site_name\" content=\"Moss trend\" \/>\n<meta property=\"article:modified_time\" content=\"2025-12-04T15:08:09+00:00\" \/>\n<meta property=\"og:image\" content=\"https:\/\/mosstrend.com\/wp-content\/uploads\/2019\/07\/Vivido.jpg\" \/>\n\t<meta property=\"og:image:width\" content=\"900\" \/>\n\t<meta property=\"og:image:height\" content=\"900\" \/>\n\t<meta property=\"og:image:type\" content=\"image\/jpeg\" \/>\n<meta name=\"twitter:card\" content=\"summary_large_image\" \/>\n<meta name=\"twitter:label1\" content=\"Dur\u00e9e de lecture estim\u00e9e\" \/>\n\t<meta name=\"twitter:data1\" content=\"2 minutes\" \/>\n<script type=\"application\/ld+json\" class=\"yoast-schema-graph\">{\"@context\":\"https:\/\/schema.org\",\"@graph\":[{\"@type\":\"WebPage\",\"@id\":\"https:\/\/mosstrend.com\/shop\/quadri-in-fogliame\/vivido\/\",\"url\":\"https:\/\/mosstrend.com\/shop\/quadri-in-fogliame\/vivido\/\",\"name\":\"Il Vivido - Quadro Vegetale Stabilizzato - Moss trend\",\"isPartOf\":{\"@id\":\"https:\/\/mosstrend.com\/#website\"},\"primaryImageOfPage\":{\"@id\":\"https:\/\/mosstrend.com\/shop\/quadri-in-fogliame\/vivido\/#primaryimage\"},\"image\":{\"@id\":\"https:\/\/mosstrend.com\/shop\/quadri-in-fogliame\/vivido\/#primaryimage\"},\"thumbnailUrl\":\"https:\/\/mosstrend.com\/wp-content\/uploads\/2019\/07\/Vivido.jpg\",\"datePublished\":\"2019-07-10T11:00:40+00:00\",\"dateModified\":\"2025-12-04T15:08:09+00:00\",\"description\":\"Il Quadro Vegetale \\\"Il Vivido\\\" \u00e8 l'essenza dell\u2019arte di \u201cassemblare\u201d essenze e fogliami selvatici stabilizzati, un elemento d'arredo dal design unico\",\"breadcrumb\":{\"@id\":\"https:\/\/mosstrend.com\/shop\/quadri-in-fogliame\/vivido\/#breadcrumb\"},\"inLanguage\":\"fr-FR\",\"potentialAction\":[{\"@type\":\"ReadAction\",\"target\":[\"https:\/\/mosstrend.com\/shop\/quadri-in-fogliame\/vivido\/\"]}]},{\"@type\":\"ImageObject\",\"inLanguage\":\"fr-FR\",\"@id\":\"https:\/\/mosstrend.com\/shop\/quadri-in-fogliame\/vivido\/#primaryimage\",\"url\":\"https:\/\/mosstrend.com\/wp-content\/uploads\/2019\/07\/Vivido.jpg\",\"contentUrl\":\"https:\/\/mosstrend.com\/wp-content\/uploads\/2019\/07\/Vivido.jpg\",\"width\":900,\"height\":900},{\"@type\":\"BreadcrumbList\",\"@id\":\"https:\/\/mosstrend.com\/shop\/quadri-in-fogliame\/vivido\/#breadcrumb\",\"itemListElement\":[{\"@type\":\"ListItem\",\"position\":1,\"name\":\"Home\",\"item\":\"https:\/\/mosstrend.com\/\"},{\"@type\":\"ListItem\",\"position\":2,\"name\":\"Shop\",\"item\":\"https:\/\/mosstrend.com\/shop\/\"},{\"@type\":\"ListItem\",\"position\":3,\"name\":\"Il Vivido\"}]},{\"@type\":\"WebSite\",\"@id\":\"https:\/\/mosstrend.com\/#website\",\"url\":\"https:\/\/mosstrend.com\/\",\"name\":\"Moss trend\",\"description\":\"\",\"publisher\":{\"@id\":\"https:\/\/mosstrend.com\/#organization\"},\"potentialAction\":[{\"@type\":\"SearchAction\",\"target\":{\"@type\":\"EntryPoint\",\"urlTemplate\":\"https:\/\/mosstrend.com\/?s={search_term_string}\"},\"query-input\":{\"@type\":\"PropertyValueSpecification\",\"valueRequired\":true,\"valueName\":\"search_term_string\"}}],\"inLanguage\":\"fr-FR\"},{\"@type\":\"Organization\",\"@id\":\"https:\/\/mosstrend.com\/#organization\",\"name\":\"Moss trend\",\"url\":\"https:\/\/mosstrend.com\/\",\"logo\":{\"@type\":\"ImageObject\",\"inLanguage\":\"fr-FR\",\"@id\":\"https:\/\/mosstrend.com\/#\/schema\/logo\/image\/\",\"url\":\"https:\/\/mosstrend.com\/wp-content\/uploads\/2024\/03\/logomosstrend.png\",\"contentUrl\":\"https:\/\/mosstrend.com\/wp-content\/uploads\/2024\/03\/logomosstrend.png\",\"width\":1000,\"height\":349,\"caption\":\"Moss trend\"},\"image\":{\"@id\":\"https:\/\/mosstrend.com\/#\/schema\/logo\/image\/\"}}]}<\/script>\n<!-- \/ Yoast SEO plugin. -->","yoast_head_json":{"title":"The Vivid - Peinture v\u00e9g\u00e9tale stabilis\u00e9e - Tendance mousse","description":"Le tableau v\u00e9g\u00e9tal \"Il Vivido\" est l'essence m\u00eame de l'art de \"l'assemblage\" d'essences et de feuillages sauvages stabilis\u00e9s, un meuble au design unique.","robots":{"index":"index","follow":"follow","max-snippet":"max-snippet:-1","max-image-preview":"max-image-preview:large","max-video-preview":"max-video-preview:-1"},"canonical":"https:\/\/mosstrend.com\/fr\/boutique\/quadri-in-fogliame\/vif\/","og_locale":"fr_FR","og_type":"article","og_title":"Il Vivido - Quadro Vegetale Stabilizzato - Moss trend","og_description":"Il Quadro Vegetale \"Il Vivido\" \u00e8 l'essenza dell\u2019arte di \u201cassemblare\u201d essenze e fogliami selvatici stabilizzati, un elemento d'arredo dal design unico","og_url":"https:\/\/mosstrend.com\/fr\/boutique\/quadri-in-fogliame\/vif\/","og_site_name":"Moss trend","article_modified_time":"2025-12-04T15:08:09+00:00","og_image":[{"width":900,"height":900,"url":"https:\/\/mosstrend.com\/wp-content\/uploads\/2019\/07\/Vivido.jpg","type":"image\/jpeg"}],"twitter_card":"summary_large_image","twitter_misc":{"Dur\u00e9e de lecture estim\u00e9e":"2 minutes"},"schema":{"@context":"https:\/\/schema.org","@graph":[{"@type":"WebPage","@id":"https:\/\/mosstrend.com\/shop\/quadri-in-fogliame\/vivido\/","url":"https:\/\/mosstrend.com\/shop\/quadri-in-fogliame\/vivido\/","name":"The Vivid - Peinture v\u00e9g\u00e9tale stabilis\u00e9e - Tendance mousse","isPartOf":{"@id":"https:\/\/mosstrend.com\/#website"},"primaryImageOfPage":{"@id":"https:\/\/mosstrend.com\/shop\/quadri-in-fogliame\/vivido\/#primaryimage"},"image":{"@id":"https:\/\/mosstrend.com\/shop\/quadri-in-fogliame\/vivido\/#primaryimage"},"thumbnailUrl":"https:\/\/mosstrend.com\/wp-content\/uploads\/2019\/07\/Vivido.jpg","datePublished":"2019-07-10T11:00:40+00:00","dateModified":"2025-12-04T15:08:09+00:00","description":"Le tableau v\u00e9g\u00e9tal \"Il Vivido\" est l'essence m\u00eame de l'art de \"l'assemblage\" d'essences et de feuillages sauvages stabilis\u00e9s, un meuble au design unique.","breadcrumb":{"@id":"https:\/\/mosstrend.com\/shop\/quadri-in-fogliame\/vivido\/#breadcrumb"},"inLanguage":"fr-FR","potentialAction":[{"@type":"ReadAction","target":["https:\/\/mosstrend.com\/shop\/quadri-in-fogliame\/vivido\/"]}]},{"@type":"ImageObject","inLanguage":"fr-FR","@id":"https:\/\/mosstrend.com\/shop\/quadri-in-fogliame\/vivido\/#primaryimage","url":"https:\/\/mosstrend.com\/wp-content\/uploads\/2019\/07\/Vivido.jpg","contentUrl":"https:\/\/mosstrend.com\/wp-content\/uploads\/2019\/07\/Vivido.jpg","width":900,"height":900},{"@type":"BreadcrumbList","@id":"https:\/\/mosstrend.com\/shop\/quadri-in-fogliame\/vivido\/#breadcrumb","itemListElement":[{"@type":"ListItem","position":1,"name":"Home","item":"https:\/\/mosstrend.com\/"},{"@type":"ListItem","position":2,"name":"Shop","item":"https:\/\/mosstrend.com\/shop\/"},{"@type":"ListItem","position":3,"name":"Il Vivido"}]},{"@type":"WebSite","@id":"https:\/\/mosstrend.com\/#website","url":"https:\/\/mosstrend.com\/","name":"Tendance mousse","description":"","publisher":{"@id":"https:\/\/mosstrend.com\/#organization"},"potentialAction":[{"@type":"SearchAction","target":{"@type":"EntryPoint","urlTemplate":"https:\/\/mosstrend.com\/?s={search_term_string}"},"query-input":{"@type":"PropertyValueSpecification","valueRequired":true,"valueName":"search_term_string"}}],"inLanguage":"fr-FR"},{"@type":"Organization","@id":"https:\/\/mosstrend.com\/#organization","name":"Tendance mousse","url":"https:\/\/mosstrend.com\/","logo":{"@type":"ImageObject","inLanguage":"fr-FR","@id":"https:\/\/mosstrend.com\/#\/schema\/logo\/image\/","url":"https:\/\/mosstrend.com\/wp-content\/uploads\/2024\/03\/logomosstrend.png","contentUrl":"https:\/\/mosstrend.com\/wp-content\/uploads\/2024\/03\/logomosstrend.png","width":1000,"height":349,"caption":"Moss trend"},"image":{"@id":"https:\/\/mosstrend.com\/#\/schema\/logo\/image\/"}}]}},"_links":{"self":[{"href":"https:\/\/mosstrend.com\/fr\/wp-json\/wp\/v2\/product\/20067","targetHints":{"allow":["GET"]}}],"collection":[{"href":"https:\/\/mosstrend.com\/fr\/wp-json\/wp\/v2\/product"}],"about":[{"href":"https:\/\/mosstrend.com\/fr\/wp-json\/wp\/v2\/types\/product"}],"wp:featuredmedia":[{"embeddable":true,"href":"https:\/\/mosstrend.com\/fr\/wp-json\/wp\/v2\/media\/121170"}],"wp:attachment":[{"href":"https:\/\/mosstrend.com\/fr\/wp-json\/wp\/v2\/media?parent=20067"}],"wp:term":[{"taxonomy":"product_brand","embeddable":true,"href":"https:\/\/mosstrend.com\/fr\/wp-json\/wp\/v2\/product_brand?post=20067"},{"taxonomy":"product_cat","embeddable":true,"href":"https:\/\/mosstrend.com\/fr\/wp-json\/wp\/v2\/product_cat?post=20067"},{"taxonomy":"product_tag","embeddable":true,"href":"https:\/\/mosstrend.com\/fr\/wp-json\/wp\/v2\/product_tag?post=20067"},{"taxonomy":"giftcard-category","embeddable":true,"href":"https:\/\/mosstrend.com\/fr\/wp-json\/wp\/v2\/giftcard-category?post=20067"}],"curies":[{"name":"wp","href":"https:\/\/api.w.org\/{rel}","templated":true}]}}