{"id":43817,"date":"2020-07-22T17:37:38","date_gmt":"2020-07-22T15:37:38","guid":{"rendered":"https:\/\/mosstrend.com\/?post_type=product&#038;p=43817"},"modified":"2025-12-02T10:01:51","modified_gmt":"2025-12-02T09:01:51","slug":"compositions-de-plantes-murales-hexagonales","status":"publish","type":"product","link":"https:\/\/mosstrend.com\/fr\/shop\/forme-geometriche\/composizioni-vegetali-da-parete-esagoni\/","title":{"rendered":"Hexagone"},"content":{"rendered":"<p>Pour la plupart des <strong>exigeant et perfectionniste<\/strong> nous avons imagin\u00e9 l'outil \"<strong>Hexagones<\/strong>\".<br \/>\nL'hexagone est une forme g\u00e9om\u00e9trique dont tous les c\u00f4t\u00e9s sont parfaits et qui pr\u00e9sente les caract\u00e9ristiques suivantes <strong>des lignes nettes et soign\u00e9es<\/strong>.<br \/>\nVous pouvez d\u00e9corer vos murs \u00e0 l'aide d'un syst\u00e8me simple en mettant en \u00e9vidence les hexagones individuels ; vous pouvez \u00e9galement opter pour un syst\u00e8me plus audacieux en cr\u00e9ant vos propres hexagones. <strong>composition modulaire<\/strong>.<\/p>\n<p>Cr\u00e9\u00e9es et con\u00e7ues enti\u00e8rement par nos soins, les nouvelles solutions murales d\u00e9coratives <strong>sont produites en Forex et rev\u00eatues de <strong>100% mousses stabilis\u00e9es naturelles sans entretien<\/strong>.<\/strong><\/p>\n<p><strong>Installation rapide et facile<\/strong> gr\u00e2ce aux trous de fixation.<\/p>","protected":false},"excerpt":{"rendered":"<p>Achetez d'autres \u00e9l\u00e9ments pour cr\u00e9er votre composition<\/p>","protected":false},"featured_media":121380,"template":"","meta":{"_acf_changed":false},"product_brand":[],"product_cat":[1040],"product_tag":[],"giftcard-category":[],"class_list":{"0":"post-43817","1":"product","2":"type-product","3":"status-publish","4":"has-post-thumbnail","6":"product_cat-forme-geometriche","7":"product_shipping_class-quadrati-d-dj-ss","8":"entry","10":"first","11":"instock","12":"taxable","13":"shipping-taxable","14":"purchasable","15":"product-type-variable"},"acf":[],"yoast_head":"<!-- This site is optimized with the Yoast SEO plugin v27.2 - https:\/\/yoast.com\/product\/yoast-seo-wordpress\/ -->\n<title>Esagono | Componenti d&#039;arredo in verde stabilizzato - Moss trend<\/title>\n<meta name=\"description\" content=\"Componenti d&#039;arredo geometrici, componibili, in vari colori. Gli esagoni sono realizzati in verde stabilizzato con una cornice di legno o forex.\" \/>\n<meta name=\"robots\" content=\"index, follow, max-snippet:-1, max-image-preview:large, max-video-preview:-1\" \/>\n<link rel=\"canonical\" href=\"https:\/\/mosstrend.com\/fr\/boutique\/formes-geometriques\/compositions-de-plantes-murales-hexagonales\/\" \/>\n<meta property=\"og:locale\" content=\"fr_FR\" \/>\n<meta property=\"og:type\" content=\"article\" \/>\n<meta property=\"og:title\" content=\"Esagono | Componenti d&#039;arredo in verde stabilizzato - Moss trend\" \/>\n<meta property=\"og:description\" content=\"Componenti d&#039;arredo geometrici, componibili, in vari colori. Gli esagoni sono realizzati in verde stabilizzato con una cornice di legno o forex.\" \/>\n<meta property=\"og:url\" content=\"https:\/\/mosstrend.com\/fr\/boutique\/formes-geometriques\/compositions-de-plantes-murales-hexagonales\/\" \/>\n<meta property=\"og:site_name\" content=\"Moss trend\" \/>\n<meta property=\"article:modified_time\" content=\"2025-12-02T09:01:51+00:00\" \/>\n<meta property=\"og:image\" content=\"https:\/\/mosstrend.com\/wp-content\/uploads\/2020\/07\/render_01.jpg\" \/>\n\t<meta property=\"og:image:width\" content=\"900\" \/>\n\t<meta property=\"og:image:height\" content=\"900\" \/>\n\t<meta property=\"og:image:type\" content=\"image\/jpeg\" \/>\n<meta name=\"twitter:card\" content=\"summary_large_image\" \/>\n<meta name=\"twitter:label1\" content=\"Dur\u00e9e de lecture estim\u00e9e\" \/>\n\t<meta name=\"twitter:data1\" content=\"1 minute\" \/>\n<script type=\"application\/ld+json\" class=\"yoast-schema-graph\">{\"@context\":\"https:\/\/schema.org\",\"@graph\":[{\"@type\":\"WebPage\",\"@id\":\"https:\/\/mosstrend.com\/shop\/forme-geometriche\/composizioni-vegetali-da-parete-esagoni\/\",\"url\":\"https:\/\/mosstrend.com\/shop\/forme-geometriche\/composizioni-vegetali-da-parete-esagoni\/\",\"name\":\"Esagono | Componenti d'arredo in verde stabilizzato - Moss trend\",\"isPartOf\":{\"@id\":\"https:\/\/mosstrend.com\/#website\"},\"primaryImageOfPage\":{\"@id\":\"https:\/\/mosstrend.com\/shop\/forme-geometriche\/composizioni-vegetali-da-parete-esagoni\/#primaryimage\"},\"image\":{\"@id\":\"https:\/\/mosstrend.com\/shop\/forme-geometriche\/composizioni-vegetali-da-parete-esagoni\/#primaryimage\"},\"thumbnailUrl\":\"https:\/\/mosstrend.com\/wp-content\/uploads\/2020\/07\/render_01.jpg\",\"datePublished\":\"2020-07-22T15:37:38+00:00\",\"dateModified\":\"2025-12-02T09:01:51+00:00\",\"description\":\"Componenti d'arredo geometrici, componibili, in vari colori. Gli esagoni sono realizzati in verde stabilizzato con una cornice di legno o forex.\",\"breadcrumb\":{\"@id\":\"https:\/\/mosstrend.com\/shop\/forme-geometriche\/composizioni-vegetali-da-parete-esagoni\/#breadcrumb\"},\"inLanguage\":\"fr-FR\",\"potentialAction\":[{\"@type\":\"ReadAction\",\"target\":[\"https:\/\/mosstrend.com\/shop\/forme-geometriche\/composizioni-vegetali-da-parete-esagoni\/\"]}]},{\"@type\":\"ImageObject\",\"inLanguage\":\"fr-FR\",\"@id\":\"https:\/\/mosstrend.com\/shop\/forme-geometriche\/composizioni-vegetali-da-parete-esagoni\/#primaryimage\",\"url\":\"https:\/\/mosstrend.com\/wp-content\/uploads\/2020\/07\/render_01.jpg\",\"contentUrl\":\"https:\/\/mosstrend.com\/wp-content\/uploads\/2020\/07\/render_01.jpg\",\"width\":900,\"height\":900},{\"@type\":\"BreadcrumbList\",\"@id\":\"https:\/\/mosstrend.com\/shop\/forme-geometriche\/composizioni-vegetali-da-parete-esagoni\/#breadcrumb\",\"itemListElement\":[{\"@type\":\"ListItem\",\"position\":1,\"name\":\"Home\",\"item\":\"https:\/\/mosstrend.com\/\"},{\"@type\":\"ListItem\",\"position\":2,\"name\":\"Shop\",\"item\":\"https:\/\/mosstrend.com\/shop\/\"},{\"@type\":\"ListItem\",\"position\":3,\"name\":\"Esagono\"}]},{\"@type\":\"WebSite\",\"@id\":\"https:\/\/mosstrend.com\/#website\",\"url\":\"https:\/\/mosstrend.com\/\",\"name\":\"Moss trend\",\"description\":\"\",\"publisher\":{\"@id\":\"https:\/\/mosstrend.com\/#organization\"},\"potentialAction\":[{\"@type\":\"SearchAction\",\"target\":{\"@type\":\"EntryPoint\",\"urlTemplate\":\"https:\/\/mosstrend.com\/?s={search_term_string}\"},\"query-input\":{\"@type\":\"PropertyValueSpecification\",\"valueRequired\":true,\"valueName\":\"search_term_string\"}}],\"inLanguage\":\"fr-FR\"},{\"@type\":\"Organization\",\"@id\":\"https:\/\/mosstrend.com\/#organization\",\"name\":\"Moss trend\",\"url\":\"https:\/\/mosstrend.com\/\",\"logo\":{\"@type\":\"ImageObject\",\"inLanguage\":\"fr-FR\",\"@id\":\"https:\/\/mosstrend.com\/#\/schema\/logo\/image\/\",\"url\":\"https:\/\/mosstrend.com\/wp-content\/uploads\/2024\/03\/logomosstrend.png\",\"contentUrl\":\"https:\/\/mosstrend.com\/wp-content\/uploads\/2024\/03\/logomosstrend.png\",\"width\":1000,\"height\":349,\"caption\":\"Moss trend\"},\"image\":{\"@id\":\"https:\/\/mosstrend.com\/#\/schema\/logo\/image\/\"}}]}<\/script>\n<!-- \/ Yoast SEO plugin. -->","yoast_head_json":{"title":"Hexagone | Composants de meubles \u00e9cologiques stabilis\u00e9s - Moss trend","description":"\u00c9l\u00e9ments de mobilier g\u00e9om\u00e9triques et modulaires, disponibles en diff\u00e9rentes couleurs. Les hexagones sont fabriqu\u00e9s en vert stabilis\u00e9 avec un cadre en bois ou en forex.","robots":{"index":"index","follow":"follow","max-snippet":"max-snippet:-1","max-image-preview":"max-image-preview:large","max-video-preview":"max-video-preview:-1"},"canonical":"https:\/\/mosstrend.com\/fr\/boutique\/formes-geometriques\/compositions-de-plantes-murales-hexagonales\/","og_locale":"fr_FR","og_type":"article","og_title":"Esagono | Componenti d'arredo in verde stabilizzato - Moss trend","og_description":"Componenti d'arredo geometrici, componibili, in vari colori. Gli esagoni sono realizzati in verde stabilizzato con una cornice di legno o forex.","og_url":"https:\/\/mosstrend.com\/fr\/boutique\/formes-geometriques\/compositions-de-plantes-murales-hexagonales\/","og_site_name":"Moss trend","article_modified_time":"2025-12-02T09:01:51+00:00","og_image":[{"width":900,"height":900,"url":"https:\/\/mosstrend.com\/wp-content\/uploads\/2020\/07\/render_01.jpg","type":"image\/jpeg"}],"twitter_card":"summary_large_image","twitter_misc":{"Dur\u00e9e de lecture estim\u00e9e":"1 minute"},"schema":{"@context":"https:\/\/schema.org","@graph":[{"@type":"WebPage","@id":"https:\/\/mosstrend.com\/shop\/forme-geometriche\/composizioni-vegetali-da-parete-esagoni\/","url":"https:\/\/mosstrend.com\/shop\/forme-geometriche\/composizioni-vegetali-da-parete-esagoni\/","name":"Hexagone | Composants de meubles \u00e9cologiques stabilis\u00e9s - Moss trend","isPartOf":{"@id":"https:\/\/mosstrend.com\/#website"},"primaryImageOfPage":{"@id":"https:\/\/mosstrend.com\/shop\/forme-geometriche\/composizioni-vegetali-da-parete-esagoni\/#primaryimage"},"image":{"@id":"https:\/\/mosstrend.com\/shop\/forme-geometriche\/composizioni-vegetali-da-parete-esagoni\/#primaryimage"},"thumbnailUrl":"https:\/\/mosstrend.com\/wp-content\/uploads\/2020\/07\/render_01.jpg","datePublished":"2020-07-22T15:37:38+00:00","dateModified":"2025-12-02T09:01:51+00:00","description":"\u00c9l\u00e9ments de mobilier g\u00e9om\u00e9triques et modulaires, disponibles en diff\u00e9rentes couleurs. Les hexagones sont fabriqu\u00e9s en vert stabilis\u00e9 avec un cadre en bois ou en forex.","breadcrumb":{"@id":"https:\/\/mosstrend.com\/shop\/forme-geometriche\/composizioni-vegetali-da-parete-esagoni\/#breadcrumb"},"inLanguage":"fr-FR","potentialAction":[{"@type":"ReadAction","target":["https:\/\/mosstrend.com\/shop\/forme-geometriche\/composizioni-vegetali-da-parete-esagoni\/"]}]},{"@type":"ImageObject","inLanguage":"fr-FR","@id":"https:\/\/mosstrend.com\/shop\/forme-geometriche\/composizioni-vegetali-da-parete-esagoni\/#primaryimage","url":"https:\/\/mosstrend.com\/wp-content\/uploads\/2020\/07\/render_01.jpg","contentUrl":"https:\/\/mosstrend.com\/wp-content\/uploads\/2020\/07\/render_01.jpg","width":900,"height":900},{"@type":"BreadcrumbList","@id":"https:\/\/mosstrend.com\/shop\/forme-geometriche\/composizioni-vegetali-da-parete-esagoni\/#breadcrumb","itemListElement":[{"@type":"ListItem","position":1,"name":"Home","item":"https:\/\/mosstrend.com\/"},{"@type":"ListItem","position":2,"name":"Shop","item":"https:\/\/mosstrend.com\/shop\/"},{"@type":"ListItem","position":3,"name":"Esagono"}]},{"@type":"WebSite","@id":"https:\/\/mosstrend.com\/#website","url":"https:\/\/mosstrend.com\/","name":"Tendance mousse","description":"","publisher":{"@id":"https:\/\/mosstrend.com\/#organization"},"potentialAction":[{"@type":"SearchAction","target":{"@type":"EntryPoint","urlTemplate":"https:\/\/mosstrend.com\/?s={search_term_string}"},"query-input":{"@type":"PropertyValueSpecification","valueRequired":true,"valueName":"search_term_string"}}],"inLanguage":"fr-FR"},{"@type":"Organization","@id":"https:\/\/mosstrend.com\/#organization","name":"Tendance mousse","url":"https:\/\/mosstrend.com\/","logo":{"@type":"ImageObject","inLanguage":"fr-FR","@id":"https:\/\/mosstrend.com\/#\/schema\/logo\/image\/","url":"https:\/\/mosstrend.com\/wp-content\/uploads\/2024\/03\/logomosstrend.png","contentUrl":"https:\/\/mosstrend.com\/wp-content\/uploads\/2024\/03\/logomosstrend.png","width":1000,"height":349,"caption":"Moss trend"},"image":{"@id":"https:\/\/mosstrend.com\/#\/schema\/logo\/image\/"}}]}},"_links":{"self":[{"href":"https:\/\/mosstrend.com\/fr\/wp-json\/wp\/v2\/product\/43817","targetHints":{"allow":["GET"]}}],"collection":[{"href":"https:\/\/mosstrend.com\/fr\/wp-json\/wp\/v2\/product"}],"about":[{"href":"https:\/\/mosstrend.com\/fr\/wp-json\/wp\/v2\/types\/product"}],"wp:featuredmedia":[{"embeddable":true,"href":"https:\/\/mosstrend.com\/fr\/wp-json\/wp\/v2\/media\/121380"}],"wp:attachment":[{"href":"https:\/\/mosstrend.com\/fr\/wp-json\/wp\/v2\/media?parent=43817"}],"wp:term":[{"taxonomy":"product_brand","embeddable":true,"href":"https:\/\/mosstrend.com\/fr\/wp-json\/wp\/v2\/product_brand?post=43817"},{"taxonomy":"product_cat","embeddable":true,"href":"https:\/\/mosstrend.com\/fr\/wp-json\/wp\/v2\/product_cat?post=43817"},{"taxonomy":"product_tag","embeddable":true,"href":"https:\/\/mosstrend.com\/fr\/wp-json\/wp\/v2\/product_tag?post=43817"},{"taxonomy":"giftcard-category","embeddable":true,"href":"https:\/\/mosstrend.com\/fr\/wp-json\/wp\/v2\/giftcard-category?post=43817"}],"curies":[{"name":"wp","href":"https:\/\/api.w.org\/{rel}","templated":true}]}}